{"id":1386,"date":"2025-07-20T21:27:05","date_gmt":"2025-07-20T19:27:05","guid":{"rendered":"https:\/\/eko-sol.com\/?page_id=1386"},"modified":"2026-01-14T11:00:59","modified_gmt":"2026-01-14T10:00:59","slug":"o-nas","status":"publish","type":"page","link":"https:\/\/eko-sol.com\/de\/o-nas\/","title":{"rendered":"\u00dcber uns"},"content":{"rendered":"\n<div style=\"height:100px\" aria-hidden=\"true\" class=\"wp-block-spacer\"><\/div>\n\n\n\n<div class=\"wp-block-columns has-text-color has-link-color wp-elements-41a482c56d47a3b70a67c45693fbdf37 is-layout-flex wp-container-core-columns-is-layout-9d6595d7 wp-block-columns-is-layout-flex\" style=\"color:#7a7b7d\">\n<div class=\"wp-block-column is-layout-flow wp-block-column-is-layout-flow\" style=\"flex-basis:33.33%\">\n<figure class=\"wp-block-image size-full\"><img loading=\"lazy\" decoding=\"async\" width=\"500\" height=\"500\" src=\"http:\/\/eko-sol.com\/wp-content\/uploads\/2025\/06\/HST85mm_aluskin_Fixframe_Layer.png\" alt=\"\" class=\"wp-image-1021\" srcset=\"https:\/\/eko-sol.com\/wp-content\/uploads\/2025\/06\/HST85mm_aluskin_Fixframe_Layer.png 500w, https:\/\/eko-sol.com\/wp-content\/uploads\/2025\/06\/HST85mm_aluskin_Fixframe_Layer-300x300.png 300w, https:\/\/eko-sol.com\/wp-content\/uploads\/2025\/06\/HST85mm_aluskin_Fixframe_Layer-150x150.png 150w\" sizes=\"auto, (max-width: 500px) 100vw, 500px\" \/><\/figure>\n<\/div>\n\n\n\n<div class=\"wp-block-column has-neve-text-color-color has-text-color has-link-color wp-elements-b9cb736e77c6ba18dccce215f2bc0930 is-layout-flow wp-block-column-is-layout-flow\" style=\"flex-basis:66.66%\">\n<h2 class=\"wp-block-heading\">Neue Qualit\u00e4t in der Fensterbranche<\/h2>\n\n\n\n<p class=\"has-text-align-left\">EKOSOL ist eine neue Marke in der Welt der PVC-Fenster, aufgebaut auf einem soliden Fundament aus Wissen und Erfahrung.<br><br>Unser Team besteht aus Spezialisten, die jahrelang Praxis in renommierten Unternehmen gesammelt haben und heute gemeinsam eine Marke schaffen, deren Ziel es ist, langlebige, energieeffiziente und \u00e4sthetische L\u00f6sungen f\u00fcr H\u00e4user und Unternehmen zu entwickeln.<br><br>Wir setzen auf bew\u00e4hrte Technologien, h\u00f6ren aber nie auf, nach besseren zu suchen \u2013 denn Fenster sind mehr als nur Rahmen und Glas.<br><br>Sie sind Lebensqualit\u00e4t.<\/p>\n<\/div>\n<\/div>\n\n\n\n<div style=\"height:20px\" aria-hidden=\"true\" class=\"wp-block-spacer\"><\/div>\n\n\n\n<div style=\"display: flex; justify-content: center; width: 100%;\">\n<iframe loading=\"lazy\" src=\"https:\/\/www.facebook.com\/plugins\/video.php?href=https%3A%2F%2Fwww.facebook.com%2FOknaEkosol%2Fvideos%2F1364324922018572%2F&#038;width=700&#038;show_text=false&#038;height=394&#038;appId\" width=\"700\" height=\"394\" style=\"border:none;overflow:hidden\" scrolling=\"no\" frameborder=\"0\" allowfullscreen=\"true\" allow=\"autoplay; clipboard-write; encrypted-media; picture-in-picture; web-share\" allowFullScreen=\"true\"><\/iframe>\n<\/div>\n\n\n\n<div style=\"height:50px\" aria-hidden=\"true\" class=\"wp-block-spacer\"><\/div>\n","protected":false},"excerpt":{"rendered":"<p>Neue Qualit\u00e4t in der Fensterbranche EKOSOL ist eine neue Marke in der Welt der PVC-Fenster, aufgebaut auf einem soliden Fundament aus Wissen und Erfahrung. Unser Team besteht aus Spezialisten, die jahrelang Praxis in renommierten Unternehmen gesammelt haben und heute gemeinsam eine Marke schaffen, deren Ziel es ist, langlebige, energieeffiziente und \u00e4sthetische L\u00f6sungen f\u00fcr H\u00e4user und&hellip;&nbsp;<a href=\"https:\/\/eko-sol.com\/de\/o-nas\/\" rel=\"bookmark\">Weiterlesen &raquo;<span class=\"screen-reader-text\">\u00dcber uns<\/span><\/a><\/p>\n","protected":false},"author":2,"featured_media":0,"parent":0,"menu_order":0,"comment_status":"closed","ping_status":"closed","template":"","meta":{"neve_meta_sidebar":"","neve_meta_container":"","neve_meta_enable_content_width":"","neve_meta_content_width":0,"neve_meta_title_alignment":"","neve_meta_author_avatar":"","neve_post_elements_order":"","neve_meta_disable_header":"","neve_meta_disable_footer":"","neve_meta_disable_title":"","ngg_post_thumbnail":0,"_themeisle_gutenberg_block_has_review":false,"_locale":"de_DE","_original_post":"https:\/\/eko-sol.com\/?page_id=969","footnotes":""},"class_list":["post-1386","page","type-page","status-publish","hentry","de-DE"],"_links":{"self":[{"href":"https:\/\/eko-sol.com\/wp-json\/wp\/v2\/pages\/1386","targetHints":{"allow":["GET"]}}],"collection":[{"href":"https:\/\/eko-sol.com\/wp-json\/wp\/v2\/pages"}],"about":[{"href":"https:\/\/eko-sol.com\/wp-json\/wp\/v2\/types\/page"}],"author":[{"embeddable":true,"href":"https:\/\/eko-sol.com\/wp-json\/wp\/v2\/users\/2"}],"replies":[{"embeddable":true,"href":"https:\/\/eko-sol.com\/wp-json\/wp\/v2\/comments?post=1386"}],"version-history":[{"count":6,"href":"https:\/\/eko-sol.com\/wp-json\/wp\/v2\/pages\/1386\/revisions"}],"predecessor-version":[{"id":1797,"href":"https:\/\/eko-sol.com\/wp-json\/wp\/v2\/pages\/1386\/revisions\/1797"}],"wp:attachment":[{"href":"https:\/\/eko-sol.com\/wp-json\/wp\/v2\/media?parent=1386"}],"curies":[{"name":"wp","href":"https:\/\/api.w.org\/{rel}","templated":true}]}}