{"id":1388,"date":"2025-07-20T21:28:46","date_gmt":"2025-07-20T19:28:46","guid":{"rendered":"https:\/\/eko-sol.com\/?page_id=1388"},"modified":"2026-01-14T11:00:10","modified_gmt":"2026-01-14T10:00:10","slug":"kontakt","status":"publish","type":"page","link":"https:\/\/eko-sol.com\/de\/kontakt\/","title":{"rendered":"Kontakt"},"content":{"rendered":"\n<div style=\"height:100px\" aria-hidden=\"true\" class=\"wp-block-spacer\"><\/div>\n\n\n\n<div class=\"wp-block-columns has-neve-text-color-color has-text-color has-link-color wp-elements-15ea7014a8150d8ba457625f30a30f2e is-layout-flex wp-container-core-columns-is-layout-9d6595d7 wp-block-columns-is-layout-flex\">\n<div class=\"wp-block-column ticss-b65689bf is-layout-flow wp-block-column-is-layout-flow\">\n<div id=\"wp-block-themeisle-blocks-font-awesome-icons-183b0e6e\" class=\"wp-block-themeisle-blocks-font-awesome-icons\"><span class=\"wp-block-themeisle-blocks-font-awesome-icons-container\"><i class=\"fas fa-warehouse\"><\/i><\/span><\/div>\n\n\n\n<p class=\"has-text-align-center\"><strong>PRODUKTIONSWERK:<br><\/strong>Le\u0144cze 326 <br>34-142 Le\u0144cze<\/p>\n<\/div>\n\n\n\n<div class=\"wp-block-column ticss-751e1a45 is-layout-flow wp-block-column-is-layout-flow\">\n<div id=\"wp-block-themeisle-blocks-font-awesome-icons-36356f4c\" class=\"wp-block-themeisle-blocks-font-awesome-icons\"><span class=\"wp-block-themeisle-blocks-font-awesome-icons-container\"><i class=\"fas fa-phone-alt\"><\/i><\/span><\/div>\n\n\n\n<p class=\"has-text-align-center\"><strong>TELEFON: <br><\/strong>B\u00fcro: +49 1515 297 58 12<\/p>\n<\/div>\n\n\n\n<div class=\"wp-block-column ticss-ff675dee is-layout-flow wp-block-column-is-layout-flow\">\n<div id=\"wp-block-themeisle-blocks-font-awesome-icons-69d4f4c0\" class=\"wp-block-themeisle-blocks-font-awesome-icons\"><span class=\"wp-block-themeisle-blocks-font-awesome-icons-container\"><i class=\"fas fa-mail-bulk\"><\/i><\/span><\/div>\n\n\n\n<p class=\"has-text-align-center\"><strong>E-MAIL:<br><\/strong><a href=\"mailto:info@eko-sol.com\">info@eko-sol.com<\/a><\/p>\n<\/div>\n<\/div>\n\n\n\n<div class=\"wp-block-columns has-neve-text-color-color has-text-color has-link-color wp-elements-537cc9ddb1258d6c000218aca7551c7a is-layout-flex wp-container-core-columns-is-layout-9d6595d7 wp-block-columns-is-layout-flex\">\n<div class=\"wp-block-column is-layout-flow wp-block-column-is-layout-flow\">\n<p class=\"has-text-align-center\">Millyard Solutions Sp. z o.o.<br>ul. Silnikowa 13\/94, 02-495 Warszawa<br>NIP: 951-24-78-407 | REGON: 382578415 | KRS: 0000771700<\/p>\n<\/div>\n<\/div>\n\n\n\n<figure class=\"wp-block-image size-large has-custom-border ticss-4cf85e31\" id=\"wp-block-themeisle-blocks-image-88b74e02\"><img loading=\"lazy\" decoding=\"async\" width=\"1024\" height=\"437\" src=\"https:\/\/eko-sol.com\/wp-content\/uploads\/2025\/11\/widok_gora-1024x437.jpg\" alt=\"\" class=\"wp-image-1473\" style=\"border-style:none;border-width:0px;border-radius:16px\" srcset=\"https:\/\/eko-sol.com\/wp-content\/uploads\/2025\/11\/widok_gora-1024x437.jpg 1024w, https:\/\/eko-sol.com\/wp-content\/uploads\/2025\/11\/widok_gora-300x128.jpg 300w, https:\/\/eko-sol.com\/wp-content\/uploads\/2025\/11\/widok_gora-768x328.jpg 768w, https:\/\/eko-sol.com\/wp-content\/uploads\/2025\/11\/widok_gora-1536x655.jpg 1536w, https:\/\/eko-sol.com\/wp-content\/uploads\/2025\/11\/widok_gora.jpg 1596w\" sizes=\"auto, (max-width: 1024px) 100vw, 1024px\" \/><\/figure>\n\n\n\n<div style=\"height:101px\" aria-hidden=\"true\" class=\"wp-block-spacer\"><\/div>\n","protected":false},"excerpt":{"rendered":"<p>PRODUKTIONSWERK:Le\u0144cze 326 34-142 Le\u0144cze TELEFON: B\u00fcro: +49 1515 297 58 12 E-MAIL:info@eko-sol.com Millyard Solutions Sp. z o.o.ul. Silnikowa 13\/94, 02-495 WarszawaNIP: 951-24-78-407 | REGON: 382578415 | KRS: 0000771700<\/p>\n","protected":false},"author":2,"featured_media":0,"parent":0,"menu_order":0,"comment_status":"closed","ping_status":"closed","template":"","meta":{"neve_meta_sidebar":"","neve_meta_container":"","neve_meta_enable_content_width":"","neve_meta_content_width":0,"neve_meta_title_alignment":"","neve_meta_author_avatar":"","neve_post_elements_order":"","neve_meta_disable_header":"","neve_meta_disable_footer":"","neve_meta_disable_title":"","ngg_post_thumbnail":0,"_themeisle_gutenberg_block_has_review":false,"_locale":"de_DE","_original_post":"https:\/\/eko-sol.com\/?page_id=980","footnotes":""},"class_list":["post-1388","page","type-page","status-publish","hentry","de-DE"],"_links":{"self":[{"href":"https:\/\/eko-sol.com\/wp-json\/wp\/v2\/pages\/1388","targetHints":{"allow":["GET"]}}],"collection":[{"href":"https:\/\/eko-sol.com\/wp-json\/wp\/v2\/pages"}],"about":[{"href":"https:\/\/eko-sol.com\/wp-json\/wp\/v2\/types\/page"}],"author":[{"embeddable":true,"href":"https:\/\/eko-sol.com\/wp-json\/wp\/v2\/users\/2"}],"replies":[{"embeddable":true,"href":"https:\/\/eko-sol.com\/wp-json\/wp\/v2\/comments?post=1388"}],"version-history":[{"count":9,"href":"https:\/\/eko-sol.com\/wp-json\/wp\/v2\/pages\/1388\/revisions"}],"predecessor-version":[{"id":1795,"href":"https:\/\/eko-sol.com\/wp-json\/wp\/v2\/pages\/1388\/revisions\/1795"}],"wp:attachment":[{"href":"https:\/\/eko-sol.com\/wp-json\/wp\/v2\/media?parent=1388"}],"curies":[{"name":"wp","href":"https:\/\/api.w.org\/{rel}","templated":true}]}}