{"id":1676,"date":"2025-12-02T13:45:55","date_gmt":"2025-12-02T12:45:55","guid":{"rendered":"https:\/\/eko-sol.com\/?page_id=1676"},"modified":"2026-02-09T08:26:18","modified_gmt":"2026-02-09T07:26:18","slug":"referenzen","status":"publish","type":"page","link":"https:\/\/eko-sol.com\/de\/referenzen\/","title":{"rendered":"Referenzen"},"content":{"rendered":"\n<div style=\"height:100px\" aria-hidden=\"true\" class=\"wp-block-spacer\"><\/div>\n\n\n\n<h2 class=\"wp-block-heading\">Entdecken Sie, warum Kunden sich f\u00fcr unsere Fenster entscheiden<\/h2>\n\n\n\n<p class=\"has-neve-text-color-color has-text-color has-link-color wp-elements-72b1f04914cd3989aa06051af5366ed4\">Die Wahl der Fenster ist eine der wichtigsten Entscheidungen im Bau- oder Renovierungsprozess. Sie ist nicht nur f\u00fcr die \u00c4sthetik Ihres Hauses von grundlegender Bedeutung, sondern vor allem f\u00fcr den Wohnkomfort, die Sicherheit und die zuk\u00fcnftigen Betriebskosten.<\/p>\n\n\n\n<div class=\"wp-block-group has-neve-text-color-color has-text-color has-link-color wp-elements-52756aabf0eeb9fa0a51dfda1105a259\"><div class=\"wp-block-group__inner-container is-layout-constrained wp-block-group-is-layout-constrained\">\n<p class=\"has-neve-text-color-color has-text-color has-link-color wp-elements-47d9edbc4f497e2250c7e298189d22ef\">Deshalb konzentrieren wir uns bei unserer Arbeit auf drei S\u00e4ulen, die Ihnen volle Zufriedenheit garantieren:<\/p>\n\n\n\n<ul class=\"wp-block-list has-neve-text-color-color has-text-color has-link-color wp-elements-c8a08b6783ab992a95f3c7c7c1d74050\">\n<li class=\"has-neve-text-color-color has-text-color has-link-color wp-elements-a881cef2e156d192f2152903a3b32fa6\"><strong>H\u00f6chste Energieeffizienz:<\/strong> Wir bieten Fenster, die W\u00e4rmeverluste minimieren und solare Gewinne maximieren. Dies f\u00fchrt direkt zu niedrigeren Heizkosten und ist ein echter Beitrag zum Umweltschutz.<\/li>\n\n\n\n<li><strong>Pr\u00e4zision der Montage:<\/strong> Selbst das beste Fenster kann seine Funktion ohne fachgerechte Montage nicht erf\u00fcllen. Unsere Spezialisten gew\u00e4hrleisten eine dichte, \u201ewarme\u201c Installation, die W\u00e4rmebr\u00fccken eliminiert und eine langj\u00e4hrige Haltbarkeit garantiert.<\/li>\n\n\n\n<li class=\"has-neve-text-color-color has-text-color has-link-color wp-elements-3ca2f4f38cc100ebde41e3428db4ebf7\"><strong>\u00c4sthetik und Design:<\/strong> Wir glauben, dass Funktionalit\u00e4t und Sch\u00f6nheit Hand in Hand gehen k\u00f6nnen. In unserem Sortiment finden Sie L\u00f6sungen, die perfekt zu jeder Architektur passen \u2013 von klassischer Eleganz bis hin zu modernem Minimalismus.<\/li>\n<\/ul>\n<\/div><\/div>\n\n\n\n<p class=\"has-neve-text-color-color has-text-color has-link-color wp-elements-92fbdfff13944a3b972945734a214f94\">Wir geben uns nicht mit Versprechen zufrieden \u2013 f\u00fcr uns z\u00e4hlen konkrete Ergebnisse. Der Bereich &#8218;Referenzen&#8216; ist der lebendige Beweis f\u00fcr unsere Professionalit\u00e4t, unsere Liebe zum Detail und unsere F\u00e4higkeit, auch die anspruchsvollsten Herausforderungen zu meistern.<\/p>\n\n\nngg_shortcode_0_placeholder\n\n\n\n<p class=\"has-neve-text-color-color has-text-color has-link-color wp-elements-70a00ccedcd4469c75381f286f4912ca\">Jedes Projekt ist f\u00fcr uns eine einzigartige Geschichte. Sehen Sie, wie dank unserer Fenster:<\/p>\n\n\n\n<ul class=\"wp-block-list\">\n<li class=\"has-neve-text-color-color has-text-color has-link-color wp-elements-465f92d43906a396eb2d2d1943436286\">Die H\u00e4user wurden modernisiert und sind zum Aush\u00e4ngeschild der Investoren geworden.<\/li>\n\n\n\n<li>Passivh\u00e4user und Niedrigenergieh\u00e4user erf\u00fcllen die strengen und gew\u00fcnschten D\u00e4mmungsanforderungen.<\/li>\n\n\n\n<li class=\"has-neve-text-color-color has-text-color has-link-color wp-elements-774b42b62d8f575cff01a55191e688f9\">Die Innenr\u00e4ume werden von Tageslicht durchflutet, was den Wohnkomfort erh\u00f6ht.<\/li>\n<\/ul>\n\n\n\n<div style=\"height:50px\" aria-hidden=\"true\" class=\"wp-block-spacer\"><\/div>\n","protected":false},"excerpt":{"rendered":"<p>Entdecken Sie, warum Kunden sich f\u00fcr unsere Fenster entscheiden Die Wahl der Fenster ist eine der wichtigsten Entscheidungen im Bau- oder Renovierungsprozess. Sie ist nicht nur f\u00fcr die \u00c4sthetik Ihres Hauses von grundlegender Bedeutung, sondern vor allem f\u00fcr den Wohnkomfort, die Sicherheit und die zuk\u00fcnftigen Betriebskosten. Deshalb konzentrieren wir uns bei unserer Arbeit auf drei&hellip;&nbsp;<a href=\"https:\/\/eko-sol.com\/de\/referenzen\/\" rel=\"bookmark\">Weiterlesen &raquo;<span class=\"screen-reader-text\">Referenzen<\/span><\/a><\/p>\n","protected":false},"author":3,"featured_media":0,"parent":0,"menu_order":0,"comment_status":"closed","ping_status":"closed","template":"","meta":{"neve_meta_sidebar":"","neve_meta_container":"","neve_meta_enable_content_width":"","neve_meta_content_width":0,"neve_meta_title_alignment":"left","neve_meta_author_avatar":"","neve_post_elements_order":"","neve_meta_disable_header":"","neve_meta_disable_footer":"","neve_meta_disable_title":"","ngg_post_thumbnail":0,"_themeisle_gutenberg_block_has_review":false,"_locale":"de_DE","_original_post":"https:\/\/eko-sol.com\/?page_id=1433","footnotes":""},"class_list":["post-1676","page","type-page","status-publish","hentry","de-DE"],"_links":{"self":[{"href":"https:\/\/eko-sol.com\/wp-json\/wp\/v2\/pages\/1676","targetHints":{"allow":["GET"]}}],"collection":[{"href":"https:\/\/eko-sol.com\/wp-json\/wp\/v2\/pages"}],"about":[{"href":"https:\/\/eko-sol.com\/wp-json\/wp\/v2\/types\/page"}],"author":[{"embeddable":true,"href":"https:\/\/eko-sol.com\/wp-json\/wp\/v2\/users\/3"}],"replies":[{"embeddable":true,"href":"https:\/\/eko-sol.com\/wp-json\/wp\/v2\/comments?post=1676"}],"version-history":[{"count":5,"href":"https:\/\/eko-sol.com\/wp-json\/wp\/v2\/pages\/1676\/revisions"}],"predecessor-version":[{"id":1870,"href":"https:\/\/eko-sol.com\/wp-json\/wp\/v2\/pages\/1676\/revisions\/1870"}],"wp:attachment":[{"href":"https:\/\/eko-sol.com\/wp-json\/wp\/v2\/media?parent=1676"}],"curies":[{"name":"wp","href":"https:\/\/api.w.org\/{rel}","templated":true}]}}