{"id":1353,"date":"2025-07-11T13:53:47","date_gmt":"2025-07-11T11:53:47","guid":{"rendered":"https:\/\/eko-sol.com\/?page_id=1353"},"modified":"2026-03-05T13:59:54","modified_gmt":"2026-03-05T12:59:54","slug":"bcd31-home","status":"publish","type":"page","link":"https:\/\/eko-sol.com\/","title":{"rendered":"Home FR"},"content":{"rendered":"\n<div class=\"wp-block-cover alignfull\" style=\"min-height:800px;aspect-ratio:unset;\"><img loading=\"lazy\" decoding=\"async\" width=\"1024\" height=\"724\" class=\"wp-block-cover__image-background wp-image-965 size-large\" alt=\"\" src=\"http:\/\/eko-sol.com\/wp-content\/uploads\/2025\/05\/Aluplast_P_1_Okna-ID-4000-9-wewn_HR-1024x724.jpg\" data-object-fit=\"cover\" srcset=\"https:\/\/eko-sol.com\/wp-content\/uploads\/2025\/05\/Aluplast_P_1_Okna-ID-4000-9-wewn_HR-1024x724.jpg 1024w, https:\/\/eko-sol.com\/wp-content\/uploads\/2025\/05\/Aluplast_P_1_Okna-ID-4000-9-wewn_HR-300x212.jpg 300w, https:\/\/eko-sol.com\/wp-content\/uploads\/2025\/05\/Aluplast_P_1_Okna-ID-4000-9-wewn_HR-768x543.jpg 768w, https:\/\/eko-sol.com\/wp-content\/uploads\/2025\/05\/Aluplast_P_1_Okna-ID-4000-9-wewn_HR-1536x1086.jpg 1536w, https:\/\/eko-sol.com\/wp-content\/uploads\/2025\/05\/Aluplast_P_1_Okna-ID-4000-9-wewn_HR-2048x1448.jpg 2048w\" sizes=\"auto, (max-width: 1024px) 100vw, 1024px\" \/><span aria-hidden=\"true\" class=\"wp-block-cover__background has-background-dim-30 has-background-dim\"><\/span><div class=\"wp-block-cover__inner-container is-layout-flow wp-block-cover-is-layout-flow\">\n<div class=\"wp-block-columns are-vertically-aligned-center is-layout-flex wp-container-core-columns-is-layout-9d6595d7 wp-block-columns-is-layout-flex\">\n<div class=\"wp-block-column is-vertically-aligned-center is-layout-flow wp-block-column-is-layout-flow\" style=\"padding-right:var(--wp--preset--spacing--20);padding-left:var(--wp--preset--spacing--20);flex-basis:65%\">\n<div style=\"height:80px\" aria-hidden=\"true\" class=\"wp-block-spacer\"><\/div>\n\n\n\n<h1 class=\"wp-block-heading has-text-align-left ticss-91521ddf animated fadeIn delay-100ms has-text-color has-x-large-font-size\" style=\"color:#eaeaea\">Votre maison. <br>Notre technologie.<\/h1>\n\n\n\n<p class=\"has-text-align-left ticss-516f5c52 animated fadeIn delay-200ms has-nv-site-bg-color has-text-color\" style=\"font-size:19px\">Fen\u00eatres en PVC avanc\u00e9es de nouvelle g\u00e9n\u00e9ration, <br>isolation intelligente, design moderne et durabilit\u00e9 maximale.<\/p>\n\n\n\n<div class=\"wp-block-buttons is-horizontal is-content-justification-left is-layout-flex wp-container-core-buttons-is-layout-7e5fce0a wp-block-buttons-is-layout-flex\"><\/div>\n\n\n\n<div style=\"height:100px\" aria-hidden=\"true\" class=\"wp-block-spacer\"><\/div>\n<\/div>\n\n\n\n<div class=\"wp-block-column is-vertically-aligned-center is-layout-flow wp-block-column-is-layout-flow\">\n<figure class=\"wp-block-gallery has-nested-images columns-default is-cropped wp-block-gallery-1 is-layout-flex wp-block-gallery-is-layout-flex\"><\/figure>\n<\/div>\n<\/div>\n<\/div><\/div>\n\n\n\n<div class=\"wp-block-cover alignfull\" style=\"padding-top:var(--wp--preset--spacing--80);padding-bottom:var(--wp--preset--spacing--80);min-height:600px;aspect-ratio:unset;\"><span aria-hidden=\"true\" class=\"wp-block-cover__background has-nv-site-bg-background-color has-background-dim-100 has-background-dim\"><\/span><div class=\"wp-block-cover__inner-container is-layout-flow wp-block-cover-is-layout-flow\">\n<div class=\"wp-block-group\"><div class=\"wp-block-group__inner-container is-layout-flow wp-block-group-is-layout-flow\">\n<div class=\"wp-block-columns are-vertically-aligned-center is-layout-flex wp-container-core-columns-is-layout-9d6595d7 wp-block-columns-is-layout-flex\">\n<div class=\"wp-block-column is-vertically-aligned-center is-layout-flow wp-block-column-is-layout-flow\" style=\"padding-right:var(--wp--preset--spacing--30);padding-left:var(--wp--preset--spacing--30);flex-basis:50%\">\n<figure class=\"wp-block-image size-full is-resized has-custom-border is-style-default animated backInLeft delay-100ms\"><img loading=\"lazy\" decoding=\"async\" width=\"2560\" height=\"1922\" src=\"http:\/\/eko-sol.com\/wp-content\/uploads\/2025\/06\/iStock-845869364-scaled.jpg\" alt=\"\" class=\"wp-image-1015\" style=\"border-radius:16px;width:560px;height:auto\" srcset=\"https:\/\/eko-sol.com\/wp-content\/uploads\/2025\/06\/iStock-845869364-scaled.jpg 2560w, https:\/\/eko-sol.com\/wp-content\/uploads\/2025\/06\/iStock-845869364-300x225.jpg 300w, https:\/\/eko-sol.com\/wp-content\/uploads\/2025\/06\/iStock-845869364-1024x769.jpg 1024w, https:\/\/eko-sol.com\/wp-content\/uploads\/2025\/06\/iStock-845869364-768x577.jpg 768w, https:\/\/eko-sol.com\/wp-content\/uploads\/2025\/06\/iStock-845869364-1536x1153.jpg 1536w, https:\/\/eko-sol.com\/wp-content\/uploads\/2025\/06\/iStock-845869364-2048x1538.jpg 2048w\" sizes=\"auto, (max-width: 2560px) 100vw, 2560px\" \/><\/figure>\n<\/div>\n\n\n\n<div class=\"wp-block-column is-vertically-aligned-center animated backInRight delay-200ms is-layout-flow wp-block-column-is-layout-flow\" style=\"padding-right:var(--wp--preset--spacing--30);padding-left:var(--wp--preset--spacing--30);flex-basis:50%\">\n<div style=\"height:20px\" aria-hidden=\"true\" class=\"wp-block-spacer\"><\/div>\n\n\n\n<h2 class=\"wp-block-heading has-text-align-left has-neve-text-color-color has-text-color\">Qui sommes-nous?<\/h2>\n\n\n\n<p class=\"has-text-align-left has-neve-text-color-color has-text-color\" style=\"font-size:18px\">Nous avons le plaisir de vous pr\u00e9senter EKOSOL \u2013 une nouvelle marque sur le march\u00e9, cr\u00e9\u00e9e avec passion par des experts de haut niveau. Notre nom refl\u00e8te notre fa\u00e7on d\u2019agir.<br><br>Eko signifie le respect de l\u2019environnement et le d\u00e9veloppement durable,<br>Sol symbolise l\u2019\u00e9nergie solaire et les technologies modernes de l\u2019avenir.<\/p>\n\n\n\n<p class=\"has-text-align-left has-neve-text-color-color has-text-color\" style=\"font-size:17px\"><\/p>\n<\/div>\n<\/div>\n\n\n\n<div class=\"wp-block-columns are-vertically-aligned-center is-layout-flex wp-container-core-columns-is-layout-9d6595d7 wp-block-columns-is-layout-flex\">\n<div class=\"wp-block-column is-vertically-aligned-center animated backInLeft delay-200ms is-layout-flow wp-block-column-is-layout-flow\" style=\"padding-right:var(--wp--preset--spacing--30);padding-left:var(--wp--preset--spacing--30);flex-basis:50%\">\n<div style=\"height:20px\" aria-hidden=\"true\" class=\"wp-block-spacer\"><\/div>\n\n\n\n<h2 class=\"wp-block-heading has-text-align-left has-neve-text-color-color has-text-color\">Que faisons-nous ?<\/h2>\n\n\n\n<p class=\"has-text-align-left has-neve-text-color-color has-text-color\" style=\"font-size:18px\">Nous sommes sp\u00e9cialis\u00e9s dans la production de fen\u00eatres passives et \u00e9conomes en \u00e9nergie, qui minimisent les pertes d\u2019\u00e9nergie et soutiennent la construction \u00e9cologique. <\/p>\n\n\n\n<p class=\"has-text-align-left has-neve-text-color-color has-text-color\" style=\"font-size:18px\">Chez EKOSOL, nous combinons des solutions technologiques innovantes avec une gestion responsable des ressources naturelles. <\/p>\n\n\n\n<p class=\"has-text-align-left has-neve-text-color-color has-text-color\" style=\"font-size:18px\">Notre objectif n\u2019est pas seulement de fournir des produits de la plus haute qualit\u00e9, mais aussi de fa\u00e7onner un avenir o\u00f9 le confort et la technologie vont de pair.<\/p>\n<\/div>\n\n\n\n<div class=\"wp-block-column is-vertically-aligned-center is-layout-flow wp-block-column-is-layout-flow\" style=\"padding-right:var(--wp--preset--spacing--30);padding-left:var(--wp--preset--spacing--30);flex-basis:50%\">\n<figure class=\"wp-block-image size-full has-custom-border is-style-default animated backInRight delay-100ms\"><img loading=\"lazy\" decoding=\"async\" width=\"1400\" height=\"990\" src=\"http:\/\/eko-sol.com\/wp-content\/uploads\/2025\/06\/Aluplast_P_1_Okna-Smartslide-06-wewn.jpg\" alt=\"\" class=\"wp-image-1016\" style=\"border-radius:16px\" srcset=\"https:\/\/eko-sol.com\/wp-content\/uploads\/2025\/06\/Aluplast_P_1_Okna-Smartslide-06-wewn.jpg 1400w, https:\/\/eko-sol.com\/wp-content\/uploads\/2025\/06\/Aluplast_P_1_Okna-Smartslide-06-wewn-300x212.jpg 300w, https:\/\/eko-sol.com\/wp-content\/uploads\/2025\/06\/Aluplast_P_1_Okna-Smartslide-06-wewn-1024x724.jpg 1024w, https:\/\/eko-sol.com\/wp-content\/uploads\/2025\/06\/Aluplast_P_1_Okna-Smartslide-06-wewn-768x543.jpg 768w\" sizes=\"auto, (max-width: 1400px) 100vw, 1400px\" \/><\/figure>\n<\/div>\n<\/div>\n<\/div><\/div>\n<\/div><\/div>\n","protected":false},"excerpt":{"rendered":"","protected":false},"author":2,"featured_media":0,"parent":0,"menu_order":0,"comment_status":"closed","ping_status":"closed","template":"","meta":{"neve_meta_sidebar":"default","neve_meta_container":"default","neve_meta_enable_content_width":"on","neve_meta_content_width":100,"neve_meta_title_alignment":"","neve_meta_author_avatar":"","neve_post_elements_order":"","neve_meta_disable_header":"","neve_meta_disable_footer":"","neve_meta_disable_title":"on","ngg_post_thumbnail":0,"_themeisle_gutenberg_block_has_review":false,"_locale":"fr_FR","_original_post":"https:\/\/demosites.io\/marketing-agency-gb\/?page_id=5","footnotes":""},"class_list":["post-1353","page","type-page","status-publish","hentry","fr-FR"],"_links":{"self":[{"href":"https:\/\/eko-sol.com\/wp-json\/wp\/v2\/pages\/1353","targetHints":{"allow":["GET"]}}],"collection":[{"href":"https:\/\/eko-sol.com\/wp-json\/wp\/v2\/pages"}],"about":[{"href":"https:\/\/eko-sol.com\/wp-json\/wp\/v2\/types\/page"}],"author":[{"embeddable":true,"href":"https:\/\/eko-sol.com\/wp-json\/wp\/v2\/users\/2"}],"replies":[{"embeddable":true,"href":"https:\/\/eko-sol.com\/wp-json\/wp\/v2\/comments?post=1353"}],"version-history":[{"count":8,"href":"https:\/\/eko-sol.com\/wp-json\/wp\/v2\/pages\/1353\/revisions"}],"predecessor-version":[{"id":1937,"href":"https:\/\/eko-sol.com\/wp-json\/wp\/v2\/pages\/1353\/revisions\/1937"}],"wp:attachment":[{"href":"https:\/\/eko-sol.com\/wp-json\/wp\/v2\/media?parent=1353"}],"curies":[{"name":"wp","href":"https:\/\/api.w.org\/{rel}","templated":true}]}}