{"id":1355,"date":"2025-07-11T13:55:50","date_gmt":"2025-07-11T11:55:50","guid":{"rendered":"https:\/\/eko-sol.com\/?page_id=1355"},"modified":"2026-01-14T10:54:30","modified_gmt":"2026-01-14T09:54:30","slug":"o-nas","status":"publish","type":"page","link":"https:\/\/eko-sol.com\/fr\/o-nas\/","title":{"rendered":"\u00c0 propos de nous"},"content":{"rendered":"\n<div style=\"height:100px\" aria-hidden=\"true\" class=\"wp-block-spacer\"><\/div>\n\n\n\n<div class=\"wp-block-columns has-text-color has-link-color wp-elements-95f1d267f18d1d56adfe057ef9b51bbd is-layout-flex wp-container-core-columns-is-layout-9d6595d7 wp-block-columns-is-layout-flex\" style=\"color:#7a7b7d\">\n<div class=\"wp-block-column is-layout-flow wp-block-column-is-layout-flow\" style=\"flex-basis:33.33%\">\n<figure class=\"wp-block-image size-full\"><img loading=\"lazy\" decoding=\"async\" width=\"500\" height=\"500\" src=\"http:\/\/eko-sol.com\/wp-content\/uploads\/2025\/06\/HST85mm_aluskin_Fixframe_Layer.png\" alt=\"\" class=\"wp-image-1021\" srcset=\"https:\/\/eko-sol.com\/wp-content\/uploads\/2025\/06\/HST85mm_aluskin_Fixframe_Layer.png 500w, https:\/\/eko-sol.com\/wp-content\/uploads\/2025\/06\/HST85mm_aluskin_Fixframe_Layer-300x300.png 300w, https:\/\/eko-sol.com\/wp-content\/uploads\/2025\/06\/HST85mm_aluskin_Fixframe_Layer-150x150.png 150w\" sizes=\"auto, (max-width: 500px) 100vw, 500px\" \/><\/figure>\n<\/div>\n\n\n\n<div class=\"wp-block-column has-neve-text-color-color has-text-color has-link-color wp-elements-2ce2dcf5294b0260a3413dbcba94ac9c is-layout-flow wp-block-column-is-layout-flow\" style=\"flex-basis:66.66%\">\n<h2 class=\"wp-block-heading\">Une nouvelle qualit\u00e9 dans le secteur des fen\u00eatres<\/h2>\n\n\n\n<p class=\"has-text-align-left\">EKOSOL est une nouvelle marque dans l\u2019univers des fen\u00eatres PVC, fond\u00e9e sur des bases solides de connaissances et d\u2019exp\u00e9rience.<br><br>Notre \u00e9quipe est compos\u00e9e de sp\u00e9cialistes qui ont acquis leur savoir-faire pendant des ann\u00e9es dans des entreprises renomm\u00e9es et qui, aujourd\u2019hui, construisent ensemble une marque dont la mission est de cr\u00e9er des solutions durables, \u00e9conomes en \u00e9nergie et esth\u00e9tiques pour les maisons et les entreprises.<br><br>Nous misons sur des technologies \u00e9prouv\u00e9es, mais nous ne cessons jamais de rechercher de meilleures solutions \u2013 car une fen\u00eatre est plus qu\u2019un simple cadre et un vitrage.<br><br>C\u2019est la qualit\u00e9 de vie.<\/p>\n<\/div>\n<\/div>\n\n\n\n<div style=\"height:20px\" aria-hidden=\"true\" class=\"wp-block-spacer\"><\/div>\n\n\n\n<div style=\"display: flex; justify-content: center; width: 100%;\">\n<iframe loading=\"lazy\" src=\"https:\/\/www.facebook.com\/plugins\/video.php?href=https%3A%2F%2Fwww.facebook.com%2FOknaEkosol%2Fvideos%2F1364324922018572%2F&#038;width=700&#038;show_text=false&#038;height=394&#038;appId\" width=\"700\" height=\"394\" style=\"border:none;overflow:hidden\" scrolling=\"no\" frameborder=\"0\" allowfullscreen=\"true\" allow=\"autoplay; clipboard-write; encrypted-media; picture-in-picture; web-share\" allowFullScreen=\"true\"><\/iframe>\n<\/div>\n\n\n\n<div style=\"height:50px\" aria-hidden=\"true\" class=\"wp-block-spacer\"><\/div>\n\n\n\n<p><\/p>\n","protected":false},"excerpt":{"rendered":"<p>Une nouvelle qualit\u00e9 dans le secteur des fen\u00eatres EKOSOL est une nouvelle marque dans l\u2019univers des fen\u00eatres PVC, fond\u00e9e sur des bases solides de connaissances et d\u2019exp\u00e9rience. Notre \u00e9quipe est compos\u00e9e de sp\u00e9cialistes qui ont acquis leur savoir-faire pendant des ann\u00e9es dans des entreprises renomm\u00e9es et qui, aujourd\u2019hui, construisent ensemble une marque dont la mission&hellip;&nbsp;<a href=\"https:\/\/eko-sol.com\/fr\/o-nas\/\" rel=\"bookmark\">Lire la suite &raquo;<span class=\"screen-reader-text\">\u00c0 propos de nous<\/span><\/a><\/p>\n","protected":false},"author":2,"featured_media":0,"parent":0,"menu_order":0,"comment_status":"closed","ping_status":"closed","template":"","meta":{"neve_meta_sidebar":"","neve_meta_container":"","neve_meta_enable_content_width":"","neve_meta_content_width":0,"neve_meta_title_alignment":"","neve_meta_author_avatar":"","neve_post_elements_order":"","neve_meta_disable_header":"","neve_meta_disable_footer":"","neve_meta_disable_title":"","ngg_post_thumbnail":0,"_themeisle_gutenberg_block_has_review":false,"_locale":"fr_FR","_original_post":"https:\/\/eko-sol.com\/?page_id=969","footnotes":""},"class_list":["post-1355","page","type-page","status-publish","hentry","fr-FR"],"_links":{"self":[{"href":"https:\/\/eko-sol.com\/wp-json\/wp\/v2\/pages\/1355","targetHints":{"allow":["GET"]}}],"collection":[{"href":"https:\/\/eko-sol.com\/wp-json\/wp\/v2\/pages"}],"about":[{"href":"https:\/\/eko-sol.com\/wp-json\/wp\/v2\/types\/page"}],"author":[{"embeddable":true,"href":"https:\/\/eko-sol.com\/wp-json\/wp\/v2\/users\/2"}],"replies":[{"embeddable":true,"href":"https:\/\/eko-sol.com\/wp-json\/wp\/v2\/comments?post=1355"}],"version-history":[{"count":7,"href":"https:\/\/eko-sol.com\/wp-json\/wp\/v2\/pages\/1355\/revisions"}],"predecessor-version":[{"id":1791,"href":"https:\/\/eko-sol.com\/wp-json\/wp\/v2\/pages\/1355\/revisions\/1791"}],"wp:attachment":[{"href":"https:\/\/eko-sol.com\/wp-json\/wp\/v2\/media?parent=1355"}],"curies":[{"name":"wp","href":"https:\/\/api.w.org\/{rel}","templated":true}]}}