{"id":1362,"date":"2025-07-11T14:00:56","date_gmt":"2025-07-11T12:00:56","guid":{"rendered":"https:\/\/eko-sol.com\/?page_id=1362"},"modified":"2026-01-14T10:56:22","modified_gmt":"2026-01-14T09:56:22","slug":"kontakt","status":"publish","type":"page","link":"https:\/\/eko-sol.com\/fr\/kontakt\/","title":{"rendered":"Contact"},"content":{"rendered":"\n<div style=\"height:100px\" aria-hidden=\"true\" class=\"wp-block-spacer\"><\/div>\n\n\n\n<div class=\"wp-block-columns has-neve-text-color-color has-text-color has-link-color wp-elements-a5d650776249ed9f8d903f9c67949730 is-layout-flex wp-container-core-columns-is-layout-9d6595d7 wp-block-columns-is-layout-flex\">\n<div class=\"wp-block-column ticss-13a0cdc7 is-layout-flow wp-block-column-is-layout-flow\">\n<div id=\"wp-block-themeisle-blocks-font-awesome-icons-183b0e6e\" class=\"wp-block-themeisle-blocks-font-awesome-icons\"><span class=\"wp-block-themeisle-blocks-font-awesome-icons-container\"><i class=\"fas fa-warehouse\"><\/i><\/span><\/div>\n\n\n\n<p class=\"has-text-align-center\"><strong>USINE DE PRODUCTION:<br><\/strong>Le\u0144cze 326 <br>34-142 Le\u0144cze<\/p>\n<\/div>\n\n\n\n<div class=\"wp-block-column ticss-52d79160 is-layout-flow wp-block-column-is-layout-flow\">\n<div id=\"wp-block-themeisle-blocks-font-awesome-icons-36356f4c\" class=\"wp-block-themeisle-blocks-font-awesome-icons\"><span class=\"wp-block-themeisle-blocks-font-awesome-icons-container\"><i class=\"fas fa-phone-alt\"><\/i><\/span><\/div>\n\n\n\n<p class=\"has-text-align-center\"><strong>T\u00c9L\u00c9PHONE: <br><\/strong>Bureau: +48 517 099 194<br>D\u00e9partement des ventes: +33 7 82 75 47 44<\/p>\n<\/div>\n\n\n\n<div class=\"wp-block-column ticss-5778cfb7 is-layout-flow wp-block-column-is-layout-flow\">\n<div id=\"wp-block-themeisle-blocks-font-awesome-icons-69d4f4c0\" class=\"wp-block-themeisle-blocks-font-awesome-icons\"><span class=\"wp-block-themeisle-blocks-font-awesome-icons-container\"><i class=\"fas fa-mail-bulk\"><\/i><\/span><\/div>\n\n\n\n<p class=\"has-text-align-center\"><strong>E-MAIL:<br><\/strong><a href=\"mailto:info@eko-sol.com\">info@eko-sol.com<\/a><\/p>\n<\/div>\n<\/div>\n\n\n\n<div class=\"wp-block-columns has-neve-text-color-color has-text-color has-link-color wp-elements-537cc9ddb1258d6c000218aca7551c7a is-layout-flex wp-container-core-columns-is-layout-9d6595d7 wp-block-columns-is-layout-flex\">\n<div class=\"wp-block-column is-layout-flow wp-block-column-is-layout-flow\">\n<p class=\"has-text-align-center\">Millyard Solutions Sp. z o.o.<br>ul. Silnikowa 13\/94, 02-495 Warszawa<br>NIP: 951-24-78-407 | REGON: 382578415 | KRS: 0000771700<\/p>\n<\/div>\n<\/div>\n\n\n\n<figure class=\"wp-block-image size-large has-custom-border ticss-4cf85e31\" id=\"wp-block-themeisle-blocks-image-88b74e02\"><img loading=\"lazy\" decoding=\"async\" width=\"1024\" height=\"437\" src=\"https:\/\/eko-sol.com\/wp-content\/uploads\/2025\/11\/widok_gora-1024x437.jpg\" alt=\"\" class=\"wp-image-1473\" style=\"border-style:none;border-width:0px;border-radius:16px\" srcset=\"https:\/\/eko-sol.com\/wp-content\/uploads\/2025\/11\/widok_gora-1024x437.jpg 1024w, https:\/\/eko-sol.com\/wp-content\/uploads\/2025\/11\/widok_gora-300x128.jpg 300w, https:\/\/eko-sol.com\/wp-content\/uploads\/2025\/11\/widok_gora-768x328.jpg 768w, https:\/\/eko-sol.com\/wp-content\/uploads\/2025\/11\/widok_gora-1536x655.jpg 1536w, https:\/\/eko-sol.com\/wp-content\/uploads\/2025\/11\/widok_gora.jpg 1596w\" sizes=\"auto, (max-width: 1024px) 100vw, 1024px\" \/><\/figure>\n\n\n\n<div style=\"height:101px\" aria-hidden=\"true\" class=\"wp-block-spacer\"><\/div>\n","protected":false},"excerpt":{"rendered":"<p>USINE DE PRODUCTION:Le\u0144cze 326 34-142 Le\u0144cze T\u00c9L\u00c9PHONE: Bureau: +48 517 099 194D\u00e9partement des ventes: +33 7 82 75 47 44 E-MAIL:info@eko-sol.com Millyard Solutions Sp. z o.o.ul. Silnikowa 13\/94, 02-495 WarszawaNIP: 951-24-78-407 | REGON: 382578415 | KRS: 0000771700<\/p>\n","protected":false},"author":2,"featured_media":0,"parent":0,"menu_order":0,"comment_status":"closed","ping_status":"closed","template":"","meta":{"neve_meta_sidebar":"","neve_meta_container":"","neve_meta_enable_content_width":"","neve_meta_content_width":0,"neve_meta_title_alignment":"","neve_meta_author_avatar":"","neve_post_elements_order":"","neve_meta_disable_header":"","neve_meta_disable_footer":"","neve_meta_disable_title":"","ngg_post_thumbnail":0,"_themeisle_gutenberg_block_has_review":false,"_locale":"fr_FR","_original_post":"https:\/\/eko-sol.com\/?page_id=980","footnotes":""},"class_list":["post-1362","page","type-page","status-publish","hentry","fr-FR"],"_links":{"self":[{"href":"https:\/\/eko-sol.com\/wp-json\/wp\/v2\/pages\/1362","targetHints":{"allow":["GET"]}}],"collection":[{"href":"https:\/\/eko-sol.com\/wp-json\/wp\/v2\/pages"}],"about":[{"href":"https:\/\/eko-sol.com\/wp-json\/wp\/v2\/types\/page"}],"author":[{"embeddable":true,"href":"https:\/\/eko-sol.com\/wp-json\/wp\/v2\/users\/2"}],"replies":[{"embeddable":true,"href":"https:\/\/eko-sol.com\/wp-json\/wp\/v2\/comments?post=1362"}],"version-history":[{"count":10,"href":"https:\/\/eko-sol.com\/wp-json\/wp\/v2\/pages\/1362\/revisions"}],"predecessor-version":[{"id":1792,"href":"https:\/\/eko-sol.com\/wp-json\/wp\/v2\/pages\/1362\/revisions\/1792"}],"wp:attachment":[{"href":"https:\/\/eko-sol.com\/wp-json\/wp\/v2\/media?parent=1362"}],"curies":[{"name":"wp","href":"https:\/\/api.w.org\/{rel}","templated":true}]}}