{"id":1375,"date":"2026-03-05T06:46:43","date_gmt":"2026-03-05T05:46:43","guid":{"rendered":"https:\/\/eko-sol.com\/?page_id=1375"},"modified":"2026-03-26T08:35:21","modified_gmt":"2026-03-26T07:35:21","slug":"solbasic","status":"publish","type":"page","link":"https:\/\/eko-sol.com\/fr\/solbasic\/","title":{"rendered":"SolBasic"},"content":{"rendered":"\n<div class=\"wp-block-columns is-layout-flex wp-container-core-columns-is-layout-9d6595d7 wp-block-columns-is-layout-flex\">\n<div class=\"wp-block-column is-vertically-aligned-center ticss-8a32e610 is-layout-flow wp-block-column-is-layout-flow\" style=\"padding-top:var(--wp--preset--spacing--80);padding-bottom:var(--wp--preset--spacing--70)\">\n<div class=\"product-header\"><span class=\"product-name-part1\">Sol<\/span>BASIC<\/div>\n<\/div>\n<\/div>\n\n\n\n<div class=\"wp-block-columns are-vertically-aligned-center has-text-color has-link-color wp-elements-c437d5c7366dc4c1e4d3cda1d8eabbe0 is-layout-flex wp-container-core-columns-is-layout-9d6595d7 wp-block-columns-is-layout-flex\" style=\"color:#7a7b7d\">\n<div class=\"wp-block-column is-vertically-aligned-center ticss-1e697453 is-layout-flow wp-block-column-is-layout-flow\">\n<p class=\"has-neve-text-color-color has-text-color has-link-color wp-elements-3a70edb9eff4a26d342eb4a5e2cc42ec\">Un syst\u00e8me con\u00e7u sur la base des profil\u00e9s du groupe Aluplast. Appr\u00e9ci\u00e9 depuis des ann\u00e9es par les utilisateurs et les professionnels, le syst\u00e8me IDEAL 4000 est une solution durable, esth\u00e9tique et constamment perfectionn\u00e9e, qui s&rsquo;adapte parfaitement aux projets de r\u00e9novation et de modernisation de b\u00e2timents. Gr\u00e2ce \u00e0 sa polyvalence et \u00e0 sa fiabilit\u00e9, il demeure un excellent choix l\u00e0 o\u00f9 les param\u00e8tres d&rsquo;isolation les plus rigoureux ne sont pas requis. L&rsquo;alliance id\u00e9ale entre qualit\u00e9 et prix abordable.<\/p>\n<\/div>\n\n\n\n<div class=\"wp-block-column is-vertically-aligned-center is-layout-flow wp-block-column-is-layout-flow\">\n<figure class=\"wp-block-image size-large has-custom-border\"><img loading=\"lazy\" decoding=\"async\" width=\"1024\" height=\"724\" src=\"http:\/\/eko-sol.com\/wp-content\/uploads\/2025\/06\/Aluplast_P_1_Okna-ID-4000-9-wewn_HR-Niestandardowe-1024x724.jpg\" alt=\"\" class=\"wp-image-1185\" style=\"border-radius:16px\" srcset=\"https:\/\/eko-sol.com\/wp-content\/uploads\/2025\/06\/Aluplast_P_1_Okna-ID-4000-9-wewn_HR-Niestandardowe-1024x724.jpg 1024w, https:\/\/eko-sol.com\/wp-content\/uploads\/2025\/06\/Aluplast_P_1_Okna-ID-4000-9-wewn_HR-Niestandardowe-300x212.jpg 300w, https:\/\/eko-sol.com\/wp-content\/uploads\/2025\/06\/Aluplast_P_1_Okna-ID-4000-9-wewn_HR-Niestandardowe-768x543.jpg 768w, https:\/\/eko-sol.com\/wp-content\/uploads\/2025\/06\/Aluplast_P_1_Okna-ID-4000-9-wewn_HR-Niestandardowe.jpg 1415w\" sizes=\"auto, (max-width: 1024px) 100vw, 1024px\" \/><\/figure>\n<\/div>\n<\/div>\n\n\n\n<div class=\"wp-block-columns are-vertically-aligned-center has-text-color has-link-color wp-elements-53b8d39e01c8bbc496b43969e391084e is-layout-flex wp-container-core-columns-is-layout-9d6595d7 wp-block-columns-is-layout-flex\" style=\"color:#7a7b7d\">\n<div class=\"wp-block-column is-vertically-aligned-center is-layout-flow wp-block-column-is-layout-flow\"><div class=\"wp-block-image\">\n<figure class=\"aligncenter size-full is-resized\"><img loading=\"lazy\" decoding=\"async\" width=\"300\" height=\"600\" src=\"https:\/\/eko-sol.com\/wp-content\/uploads\/2025\/06\/140x01_140x20MF_MIN.png\" alt=\"\" class=\"wp-image-1086\" style=\"width:267px;height:auto\" srcset=\"https:\/\/eko-sol.com\/wp-content\/uploads\/2025\/06\/140x01_140x20MF_MIN.png 300w, https:\/\/eko-sol.com\/wp-content\/uploads\/2025\/06\/140x01_140x20MF_MIN-150x300.png 150w\" sizes=\"auto, (max-width: 300px) 100vw, 300px\" \/><\/figure><\/div><\/div>\n\n\n\n<div class=\"wp-block-column is-vertically-aligned-center ticss-ca5cd857 is-layout-flow wp-block-column-is-layout-flow\">\n<ul class=\"wp-block-list\">\n<li class=\"has-neve-text-color-color has-text-color has-link-color wp-elements-5c60daa4e40b1c1cbfb341f7a947ad6d\">Profil\u00e9 de dormant et d&rsquo;ouvrant \u00e0 5 chambres avec une \u00e9paisseur de profil\u00e9 de 70 mm.<\/li>\n\n\n\n<li class=\"has-neve-text-color-color has-text-color has-link-color wp-elements-d03f1010453d906b0a99f597436fc8be\">Syst\u00e8me d&rsquo;ouvrant disponible en deux variantes : Softline (ouvrant droit) et Round Line (ouvrant arrondi).<\/li>\n\n\n\n<li class=\"has-neve-text-color-color has-text-color has-link-color wp-elements-5349d4ef7971be3594bba994f7f75f97\">Bonding Inside \u2013 concept exclusif de collage p\u00e9rim\u00e9tral du vitrage. Cette solution permet de r\u00e9aliser des structures de plus grandes dimensions tout en r\u00e9duisant les interventions de r\u00e9glage au minimum.<\/li>\n\n\n\n<li class=\"has-neve-text-color-color has-text-color has-link-color wp-elements-7a6c705789de82a8aad2d63aaef00fb8\">Aluskin System \u2013 possibilit\u00e9 d&rsquo;ajouter un capotage ext\u00e9rieur en aluminium (en option).<\/li>\n<\/ul>\n<\/div>\n<\/div>\n\n\n\n<div class=\"wp-block-columns is-not-stacked-on-mobile ticss-573b5891 has-text-color has-link-color wp-elements-c0f3512e5f1f41042e518f43c0eb9187 is-layout-flex wp-container-core-columns-is-layout-9d6595d7 wp-block-columns-is-layout-flex\" style=\"color:#7a7b7d\">\n<div class=\"wp-block-column is-vertically-aligned-top is-layout-flow wp-block-column-is-layout-flow\">\n<div class=\"wp-block-columns is-layout-flex wp-container-core-columns-is-layout-9d6595d7 wp-block-columns-is-layout-flex\">\n<div class=\"wp-block-column is-layout-flow wp-block-column-is-layout-flow\" style=\"flex-basis:250px\">\n<div class=\"wp-block-columns is-layout-flex wp-container-core-columns-is-layout-9d6595d7 wp-block-columns-is-layout-flex\">\n<div class=\"wp-block-column is-vertically-aligned-center is-layout-flow wp-block-column-is-layout-flow\" style=\"flex-basis:120px\"><div class=\"wp-block-image\">\n<figure class=\"aligncenter size-thumbnail\"><img loading=\"lazy\" decoding=\"async\" width=\"150\" height=\"150\" src=\"https:\/\/eko-sol.com\/wp-content\/uploads\/2025\/06\/icon2-150x150.png\" alt=\"\" class=\"wp-image-1067\" srcset=\"https:\/\/eko-sol.com\/wp-content\/uploads\/2025\/06\/icon2-150x150.png 150w, https:\/\/eko-sol.com\/wp-content\/uploads\/2025\/06\/icon2-300x300.png 300w, https:\/\/eko-sol.com\/wp-content\/uploads\/2025\/06\/icon2.png 592w\" sizes=\"auto, (max-width: 150px) 100vw, 150px\" \/><\/figure><\/div><\/div>\n\n\n\n<div class=\"wp-block-column is-vertically-aligned-center ticss-9db7cbec is-layout-flow wp-block-column-is-layout-flow\" style=\"flex-basis:120px\">\n<p class=\"has-text-align-center ticss-220fba9b\">0,92 W\/m2K*<\/p>\n<\/div>\n<\/div>\n<\/div>\n\n\n\n<div class=\"wp-block-column is-vertically-aligned-center is-layout-flow wp-block-column-is-layout-flow\" style=\"flex-basis:250px\">\n<div class=\"wp-block-columns is-layout-flex wp-container-core-columns-is-layout-9d6595d7 wp-block-columns-is-layout-flex\">\n<div class=\"wp-block-column is-vertically-aligned-center is-layout-flow wp-block-column-is-layout-flow\" style=\"flex-basis:120px\"><div class=\"wp-block-image\">\n<figure class=\"aligncenter size-thumbnail\"><img loading=\"lazy\" decoding=\"async\" width=\"150\" height=\"150\" src=\"https:\/\/eko-sol.com\/wp-content\/uploads\/2025\/06\/icon1-150x150.png\" alt=\"\" class=\"wp-image-1068\" srcset=\"https:\/\/eko-sol.com\/wp-content\/uploads\/2025\/06\/icon1-150x150.png 150w, https:\/\/eko-sol.com\/wp-content\/uploads\/2025\/06\/icon1-300x300.png 300w, https:\/\/eko-sol.com\/wp-content\/uploads\/2025\/06\/icon1.png 591w\" sizes=\"auto, (max-width: 150px) 100vw, 150px\" \/><\/figure><\/div><\/div>\n\n\n\n<div class=\"wp-block-column is-vertically-aligned-center ticss-9db7cbec is-layout-flow wp-block-column-is-layout-flow\" style=\"flex-basis:120px\">\n<p class=\"has-text-align-center ticss-220fba9b\">43 (-1;-2) dB**<\/p>\n<\/div>\n<\/div>\n<\/div>\n<\/div>\n<\/div>\n\n\n\n<div class=\"wp-block-column is-layout-flow wp-block-column-is-layout-flow\">\n<div class=\"wp-block-columns is-layout-flex wp-container-core-columns-is-layout-9d6595d7 wp-block-columns-is-layout-flex\">\n<div class=\"wp-block-column is-layout-flow wp-block-column-is-layout-flow\" style=\"flex-basis:250px\">\n<div class=\"wp-block-columns is-layout-flex wp-container-core-columns-is-layout-9d6595d7 wp-block-columns-is-layout-flex\">\n<div class=\"wp-block-column is-vertically-aligned-center is-layout-flow wp-block-column-is-layout-flow\" style=\"flex-basis:120px\"><div class=\"wp-block-image\">\n<figure class=\"aligncenter size-thumbnail\"><img loading=\"lazy\" decoding=\"async\" width=\"150\" height=\"150\" src=\"https:\/\/eko-sol.com\/wp-content\/uploads\/2025\/06\/icon3-150x150.png\" alt=\"\" class=\"wp-image-1069\" srcset=\"https:\/\/eko-sol.com\/wp-content\/uploads\/2025\/06\/icon3-150x150.png 150w, https:\/\/eko-sol.com\/wp-content\/uploads\/2025\/06\/icon3-300x300.png 300w, https:\/\/eko-sol.com\/wp-content\/uploads\/2025\/06\/icon3.png 591w\" sizes=\"auto, (max-width: 150px) 100vw, 150px\" \/><\/figure><\/div><\/div>\n\n\n\n<div class=\"wp-block-column is-vertically-aligned-center ticss-9db7cbec is-layout-flow wp-block-column-is-layout-flow\" style=\"flex-basis:120px\">\n<p class=\"has-text-align-center ticss-220fba9b\">800-1600 Pa<\/p>\n<\/div>\n<\/div>\n<\/div>\n\n\n\n<div class=\"wp-block-column is-layout-flow wp-block-column-is-layout-flow\" style=\"flex-basis:250px\">\n<div class=\"wp-block-columns is-layout-flex wp-container-core-columns-is-layout-9d6595d7 wp-block-columns-is-layout-flex\">\n<div class=\"wp-block-column is-vertically-aligned-center is-layout-flow wp-block-column-is-layout-flow\" style=\"flex-basis:120px\"><div class=\"wp-block-image\">\n<figure class=\"aligncenter size-thumbnail\"><img loading=\"lazy\" decoding=\"async\" width=\"150\" height=\"150\" src=\"https:\/\/eko-sol.com\/wp-content\/uploads\/2025\/06\/icon4-150x150.png\" alt=\"\" class=\"wp-image-1070\" srcset=\"https:\/\/eko-sol.com\/wp-content\/uploads\/2025\/06\/icon4-150x150.png 150w, https:\/\/eko-sol.com\/wp-content\/uploads\/2025\/06\/icon4-300x300.png 300w, https:\/\/eko-sol.com\/wp-content\/uploads\/2025\/06\/icon4.png 591w\" sizes=\"auto, (max-width: 150px) 100vw, 150px\" \/><\/figure><\/div><\/div>\n\n\n\n<div class=\"wp-block-column is-vertically-aligned-center ticss-9db7cbec is-layout-flow wp-block-column-is-layout-flow\" style=\"flex-basis:120px\">\n<p class=\"has-text-align-center ticss-220fba9b\">900 Pa<\/p>\n<\/div>\n<\/div>\n<\/div>\n<\/div>\n<\/div>\n<\/div>\n\n\n\n<div class=\"wp-block-columns has-text-color has-link-color wp-elements-9306aba32ec8dd0b6bd5b4b1a402456e is-layout-flex wp-container-core-columns-is-layout-9d6595d7 wp-block-columns-is-layout-flex\" style=\"color:#7a7b7d\">\n<div class=\"wp-block-column is-layout-flow wp-block-column-is-layout-flow\">\n<p class=\"has-small-font-size\">* Avec l\u2019utilisation d&rsquo;un triple vitrage 4SI1\/14\/4\/14\/4SI1 avec un Ug\u200b de 0,6 W\/m\u00b2K et d&rsquo;un intercalaire thermique avec un psi de 0,03 W\/m\u00b2K.<br>** Avec l\u2019utilisation d&rsquo;un vitrage feuillet\u00e9 9VSGSi\/16\/10.<br>Toutes les donn\u00e9es sont fournies pour une fen\u00eatre conventionnelle (normative), c&rsquo;est-\u00e0-dire une fen\u00eatre \u00e0 un seul vantail de dimensions 1230 mm x 1480 mm.<\/p>\n<\/div>\n<\/div>\n\n\n\n<p><\/p>\n","protected":false},"excerpt":{"rendered":"<p>SolBASIC Un syst\u00e8me con\u00e7u sur la base des profil\u00e9s du groupe Aluplast. Appr\u00e9ci\u00e9 depuis des ann\u00e9es par les utilisateurs et les professionnels, le syst\u00e8me IDEAL 4000 est une solution durable, esth\u00e9tique et constamment perfectionn\u00e9e, qui s&rsquo;adapte parfaitement aux projets de r\u00e9novation et de modernisation de b\u00e2timents. Gr\u00e2ce \u00e0 sa polyvalence et \u00e0 sa fiabilit\u00e9, il&hellip;&nbsp;<a href=\"https:\/\/eko-sol.com\/fr\/solbasic\/\" rel=\"bookmark\">Lire la suite &raquo;<span class=\"screen-reader-text\">SolBasic<\/span><\/a><\/p>\n","protected":false},"author":2,"featured_media":0,"parent":0,"menu_order":0,"comment_status":"closed","ping_status":"closed","template":"","meta":{"neve_meta_sidebar":"default","neve_meta_container":"default","neve_meta_enable_content_width":"","neve_meta_content_width":70,"neve_meta_title_alignment":"left","neve_meta_author_avatar":"","neve_post_elements_order":"","neve_meta_disable_header":"off","neve_meta_disable_footer":"","neve_meta_disable_title":"on","ngg_post_thumbnail":0,"_themeisle_gutenberg_block_has_review":false,"_locale":"fr_FR","_original_post":"https:\/\/eko-sol.com\/?page_id=1064","footnotes":""},"class_list":["post-1375","page","type-page","status-publish","hentry","fr-FR"],"_links":{"self":[{"href":"https:\/\/eko-sol.com\/wp-json\/wp\/v2\/pages\/1375","targetHints":{"allow":["GET"]}}],"collection":[{"href":"https:\/\/eko-sol.com\/wp-json\/wp\/v2\/pages"}],"about":[{"href":"https:\/\/eko-sol.com\/wp-json\/wp\/v2\/types\/page"}],"author":[{"embeddable":true,"href":"https:\/\/eko-sol.com\/wp-json\/wp\/v2\/users\/2"}],"replies":[{"embeddable":true,"href":"https:\/\/eko-sol.com\/wp-json\/wp\/v2\/comments?post=1375"}],"version-history":[{"count":4,"href":"https:\/\/eko-sol.com\/wp-json\/wp\/v2\/pages\/1375\/revisions"}],"predecessor-version":[{"id":1975,"href":"https:\/\/eko-sol.com\/wp-json\/wp\/v2\/pages\/1375\/revisions\/1975"}],"wp:attachment":[{"href":"https:\/\/eko-sol.com\/wp-json\/wp\/v2\/media?parent=1375"}],"curies":[{"name":"wp","href":"https:\/\/api.w.org\/{rel}","templated":true}]}}