{"id":1670,"date":"2025-12-02T13:17:55","date_gmt":"2025-12-02T12:17:55","guid":{"rendered":"https:\/\/eko-sol.com\/?page_id=1670"},"modified":"2026-01-14T10:59:42","modified_gmt":"2026-01-14T09:59:42","slug":"realisations","status":"publish","type":"page","link":"https:\/\/eko-sol.com\/fr\/realisations\/","title":{"rendered":"R\u00e9alisations"},"content":{"rendered":"\n<div style=\"height:100px\" aria-hidden=\"true\" class=\"wp-block-spacer\"><\/div>\n\n\n\n<h2 class=\"wp-block-heading\">V\u00e9rifiez pourquoi les Clients choisissent nos fen\u00eatres<\/h2>\n\n\n\n<p class=\"has-neve-text-color-color has-text-color has-link-color wp-elements-0a0da19eb4cc2f593b0ffdbf9fe21995\">Le choix des fen\u00eatres est l&rsquo;une des d\u00e9cisions les plus importantes dans le processus de construction ou de r\u00e9novation. Il a une importance fondamentale non seulement pour l&rsquo;esth\u00e9tique de votre maison, mais surtout pour le confort de vie, la s\u00e9curit\u00e9 et les futurs co\u00fbts d&rsquo;exploitation.<\/p>\n\n\n\n<div class=\"wp-block-group has-neve-text-color-color has-text-color has-link-color wp-elements-34c6f2052db35d3a5c050840f79f90b3\"><div class=\"wp-block-group__inner-container is-layout-constrained wp-block-group-is-layout-constrained\">\n<p class=\"has-neve-text-color-color has-text-color has-link-color wp-elements-fb963184df1f43add9aae54a1fc0a0ec\">C&rsquo;est pourquoi, dans notre travail, nous nous concentrons sur trois piliers qui vous garantissent une enti\u00e8re satisfaction:<\/p>\n\n\n\n<ul class=\"wp-block-list has-neve-text-color-color has-text-color has-link-color wp-elements-e952da54583dfa5c1efbd2c094649352\">\n<li class=\"has-neve-text-color-color has-text-color has-link-color wp-elements-d0be41a71ef5ee19aeb093df512361a3\"><strong>Efficacit\u00e9 \u00c9nerg\u00e9tique Maximale :<\/strong> Nous vous proposons des fen\u00eatres qui minimisent les pertes de chaleur et maximisent les apports solaires. Ceci se traduit directement par des factures de chauffage r\u00e9duites et un v\u00e9ritable engagement environnemental.<\/li>\n\n\n\n<li><strong>Pr\u00e9cision de la Pose :<\/strong> M\u00eame la meilleure fen\u00eatre ne peut remplir sa fonction sans une installation professionnelle. Nos sp\u00e9cialistes assurent une pose \u00e9tanche et \u00ab\u00a0chaude\u00a0\u00bb, \u00e9liminant les ponts thermiques et garantissant une durabilit\u00e9 \u00e0 long terme.<\/li>\n\n\n\n<li class=\"has-neve-text-color-color has-text-color has-link-color wp-elements-9f2a31c748a726faa9e7a5d70b419a7d\"><strong>Esth\u00e9tique et Design :<\/strong> Nous sommes convaincus que la fonctionnalit\u00e9 peut aller de pair avec la beaut\u00e9. Notre gamme vous propose des solutions parfaitement adapt\u00e9es \u00e0 toutes les architectures, allant de l&rsquo;\u00e9l\u00e9gance classique au minimalisme moderne.<\/li>\n<\/ul>\n<\/div><\/div>\n\n\n\n<p class=\"has-neve-text-color-color has-text-color has-link-color wp-elements-1415fba95afdfa2cf431ab46f4fc2e26\">Nous ne nous contentons pas de promesses \u2013 seuls les r\u00e9sultats concrets comptent pour nous. La section \u00ab R\u00e9alisations \u00bb est la preuve vivante de notre professionnalisme, de notre souci du d\u00e9tail et de notre capacit\u00e9 \u00e0 relever les d\u00e9fis les plus exigeants.<\/p>\n\n\nngg_shortcode_0_placeholder\n\n\n\n<p class=\"has-neve-text-color-color has-text-color has-link-color wp-elements-5b55a83b0f58c4e6460fbe3d8e13391e\">Chaque projet est une histoire unique pour nous. D\u00e9couvrez comment, gr\u00e2ce \u00e0 nos fen\u00eatres:<\/p>\n\n\n\n<ul class=\"wp-block-list\">\n<li class=\"has-neve-text-color-color has-text-color has-link-color wp-elements-cbcca3a1ee108374f140f09baca37586\">Des maisons ont gagn\u00e9 en modernit\u00e9 et sont devenues la carte de visite visuelle des Investisseurs.<\/li>\n\n\n\n<li>Des b\u00e2timents passifs et \u00e0 basse consommation ont atteint les param\u00e8tres d&rsquo;isolation rigoureux et souhait\u00e9s.<\/li>\n\n\n\n<li class=\"has-neve-text-color-color has-text-color has-link-color wp-elements-0539f29bfc0e9acb97750c081fe8b7e2\">Les int\u00e9rieurs ont \u00e9t\u00e9 inond\u00e9s de lumi\u00e8re naturelle, augmentant le confort d&rsquo;utilisation.<\/li>\n<\/ul>\n\n\n\n<div style=\"height:50px\" aria-hidden=\"true\" class=\"wp-block-spacer\"><\/div>\n","protected":false},"excerpt":{"rendered":"<p>V\u00e9rifiez pourquoi les Clients choisissent nos fen\u00eatres Le choix des fen\u00eatres est l&rsquo;une des d\u00e9cisions les plus importantes dans le processus de construction ou de r\u00e9novation. Il a une importance fondamentale non seulement pour l&rsquo;esth\u00e9tique de votre maison, mais surtout pour le confort de vie, la s\u00e9curit\u00e9 et les futurs co\u00fbts d&rsquo;exploitation. C&rsquo;est pourquoi, dans&hellip;&nbsp;<a href=\"https:\/\/eko-sol.com\/fr\/realisations\/\" rel=\"bookmark\">Lire la suite &raquo;<span class=\"screen-reader-text\">R\u00e9alisations<\/span><\/a><\/p>\n","protected":false},"author":3,"featured_media":0,"parent":0,"menu_order":0,"comment_status":"closed","ping_status":"closed","template":"","meta":{"neve_meta_sidebar":"","neve_meta_container":"","neve_meta_enable_content_width":"","neve_meta_content_width":0,"neve_meta_title_alignment":"left","neve_meta_author_avatar":"","neve_post_elements_order":"","neve_meta_disable_header":"","neve_meta_disable_footer":"","neve_meta_disable_title":"","ngg_post_thumbnail":0,"_themeisle_gutenberg_block_has_review":false,"_locale":"fr_FR","_original_post":"https:\/\/eko-sol.com\/?page_id=1433","footnotes":""},"class_list":["post-1670","page","type-page","status-publish","hentry","fr-FR"],"_links":{"self":[{"href":"https:\/\/eko-sol.com\/wp-json\/wp\/v2\/pages\/1670","targetHints":{"allow":["GET"]}}],"collection":[{"href":"https:\/\/eko-sol.com\/wp-json\/wp\/v2\/pages"}],"about":[{"href":"https:\/\/eko-sol.com\/wp-json\/wp\/v2\/types\/page"}],"author":[{"embeddable":true,"href":"https:\/\/eko-sol.com\/wp-json\/wp\/v2\/users\/3"}],"replies":[{"embeddable":true,"href":"https:\/\/eko-sol.com\/wp-json\/wp\/v2\/comments?post=1670"}],"version-history":[{"count":5,"href":"https:\/\/eko-sol.com\/wp-json\/wp\/v2\/pages\/1670\/revisions"}],"predecessor-version":[{"id":1794,"href":"https:\/\/eko-sol.com\/wp-json\/wp\/v2\/pages\/1670\/revisions\/1794"}],"wp:attachment":[{"href":"https:\/\/eko-sol.com\/wp-json\/wp\/v2\/media?parent=1670"}],"curies":[{"name":"wp","href":"https:\/\/api.w.org\/{rel}","templated":true}]}}