{"id":1923,"date":"2026-03-05T08:33:32","date_gmt":"2026-03-05T07:33:32","guid":{"rendered":"https:\/\/eko-sol.com\/?page_id=1923"},"modified":"2026-03-26T08:35:24","modified_gmt":"2026-03-26T07:35:24","slug":"solstandard","status":"publish","type":"page","link":"https:\/\/eko-sol.com\/fr\/solstandard\/","title":{"rendered":"SolStandard"},"content":{"rendered":"\n<div class=\"wp-block-columns is-layout-flex wp-container-core-columns-is-layout-9d6595d7 wp-block-columns-is-layout-flex\">\n<div class=\"wp-block-column is-vertically-aligned-center ticss-8a32e610 is-layout-flow wp-block-column-is-layout-flow\" style=\"padding-top:var(--wp--preset--spacing--80);padding-bottom:var(--wp--preset--spacing--70)\">\n<div class=\"product-header\"><span class=\"product-name-part1\">Sol<\/span>STANDARD<\/div>\n<\/div>\n<\/div>\n\n\n\n<div class=\"wp-block-columns has-neve-text-color-color has-text-color has-link-color wp-elements-4c91b9ae66d9d8ed614b7a2183240fc4 is-layout-flex wp-container-core-columns-is-layout-9d6595d7 wp-block-columns-is-layout-flex\">\n<div class=\"wp-block-column is-vertically-aligned-center is-layout-flow wp-block-column-is-layout-flow\">\n<p class=\"ticss-89954142\">Une nouvelle proposition dans l&rsquo;offre EKOSOL, bas\u00e9e sur la gamme de profil\u00e9s Aluplast IDEAL NEO. Con\u00e7u pour l&rsquo;architecture moderne et les exigences esth\u00e9tiques \u00e9lev\u00e9es, ce syst\u00e8me se distingue par son design cubiste et g\u00e9om\u00e9trique, qui s&rsquo;inscrit parfaitement dans les tendances actuelles de conception des fa\u00e7ades et des int\u00e9rieurs. Le syst\u00e8me SOLSTANDARD, c&rsquo;est non seulement l&rsquo;esth\u00e9tique et la fonctionnalit\u00e9, mais aussi une technologie de derni\u00e8re g\u00e9n\u00e9ration qui garantit la durabilit\u00e9, la facilit\u00e9 de pose et la possibilit\u00e9 de r\u00e9aliser les projets les plus exigeants.<\/p>\n<\/div>\n\n\n\n<div class=\"wp-block-column is-layout-flow wp-block-column-is-layout-flow\">\n<figure class=\"wp-block-image size-large has-custom-border\"><img loading=\"lazy\" decoding=\"async\" width=\"1024\" height=\"529\" src=\"https:\/\/eko-sol.com\/wp-content\/uploads\/2025\/06\/energeto-neo_frontal_bhv_vray_4-Niestandardowe-1024x529.jpg\" alt=\"\" class=\"wp-image-1209\" style=\"border-radius:16px\" srcset=\"https:\/\/eko-sol.com\/wp-content\/uploads\/2025\/06\/energeto-neo_frontal_bhv_vray_4-Niestandardowe-1024x529.jpg 1024w, https:\/\/eko-sol.com\/wp-content\/uploads\/2025\/06\/energeto-neo_frontal_bhv_vray_4-Niestandardowe-300x155.jpg 300w, https:\/\/eko-sol.com\/wp-content\/uploads\/2025\/06\/energeto-neo_frontal_bhv_vray_4-Niestandardowe-768x397.jpg 768w, https:\/\/eko-sol.com\/wp-content\/uploads\/2025\/06\/energeto-neo_frontal_bhv_vray_4-Niestandardowe-1536x794.jpg 1536w, https:\/\/eko-sol.com\/wp-content\/uploads\/2025\/06\/energeto-neo_frontal_bhv_vray_4-Niestandardowe.jpg 1935w\" sizes=\"auto, (max-width: 1024px) 100vw, 1024px\" \/><\/figure>\n<\/div>\n<\/div>\n\n\n\n<div class=\"wp-block-columns has-neve-text-color-color has-text-color has-link-color wp-elements-91585c00182fa839a6f36303ce1dc5eb is-layout-flex wp-container-core-columns-is-layout-9d6595d7 wp-block-columns-is-layout-flex\">\n<div class=\"wp-block-column is-layout-flow wp-block-column-is-layout-flow\"><div class=\"wp-block-image\">\n<figure class=\"aligncenter size-full is-resized\"><img loading=\"lazy\" decoding=\"async\" width=\"300\" height=\"600\" src=\"https:\/\/eko-sol.com\/wp-content\/uploads\/2025\/06\/IDEAL-neo_160407_160420_150664_3_MIN.png\" alt=\"\" class=\"wp-image-1144\" style=\"width:267px;height:auto\" srcset=\"https:\/\/eko-sol.com\/wp-content\/uploads\/2025\/06\/IDEAL-neo_160407_160420_150664_3_MIN.png 300w, https:\/\/eko-sol.com\/wp-content\/uploads\/2025\/06\/IDEAL-neo_160407_160420_150664_3_MIN-150x300.png 150w\" sizes=\"auto, (max-width: 300px) 100vw, 300px\" \/><\/figure><\/div><\/div>\n\n\n\n<div class=\"wp-block-column is-vertically-aligned-center ticss-ca5cd857 is-layout-flow wp-block-column-is-layout-flow\">\n<ul class=\"wp-block-list\">\n<li>Profil\u00e9 de dormant et d&rsquo;ouvrant \u00e0 6 chambres avec une profondeur d&rsquo;encastrement de 76 mm.<\/li>\n\n\n\n<li>Syst\u00e8me de profil\u00e9s MD avec joint central.<\/li>\n\n\n\n<li>Syst\u00e8me d&rsquo;ouvrant disponible en variante Softline (ouvrant droit).<\/li>\n\n\n\n<li>Bonding Inside \u2013 concept exclusif de collage p\u00e9rim\u00e9tral du vitrage. Cette solution permet de r\u00e9aliser des structures de plus grandes dimensions tout en r\u00e9duisant les interventions de r\u00e9glage au minimum (en option).<\/li>\n\n\n\n<li>Aluskin System \u2013 possibilit\u00e9 d&rsquo;ajouter un capotage ext\u00e9rieur en aluminium (en option).<\/li>\n<\/ul>\n<\/div>\n<\/div>\n\n\n\n<div class=\"wp-block-columns is-not-stacked-on-mobile ticss-028d52a3 has-neve-text-color-color has-text-color has-link-color wp-elements-a523e1d14462ccf3fce5ba2bf5979cf5 is-layout-flex wp-container-core-columns-is-layout-9d6595d7 wp-block-columns-is-layout-flex\">\n<div class=\"wp-block-column is-vertically-aligned-top is-layout-flow wp-block-column-is-layout-flow\">\n<div class=\"wp-block-columns is-layout-flex wp-container-core-columns-is-layout-9d6595d7 wp-block-columns-is-layout-flex\">\n<div class=\"wp-block-column is-layout-flow wp-block-column-is-layout-flow\" style=\"flex-basis:250px\">\n<div class=\"wp-block-columns is-layout-flex wp-container-core-columns-is-layout-9d6595d7 wp-block-columns-is-layout-flex\">\n<div class=\"wp-block-column is-vertically-aligned-center is-layout-flow wp-block-column-is-layout-flow\" style=\"flex-basis:120px\"><div class=\"wp-block-image\">\n<figure class=\"aligncenter size-thumbnail\"><img loading=\"lazy\" decoding=\"async\" width=\"150\" height=\"150\" src=\"https:\/\/eko-sol.com\/wp-content\/uploads\/2025\/06\/icon2-150x150.png\" alt=\"\" class=\"wp-image-1067\" srcset=\"https:\/\/eko-sol.com\/wp-content\/uploads\/2025\/06\/icon2-150x150.png 150w, https:\/\/eko-sol.com\/wp-content\/uploads\/2025\/06\/icon2-300x300.png 300w, https:\/\/eko-sol.com\/wp-content\/uploads\/2025\/06\/icon2.png 592w\" sizes=\"auto, (max-width: 150px) 100vw, 150px\" \/><\/figure><\/div><\/div>\n\n\n\n<div class=\"wp-block-column is-vertically-aligned-center ticss-9db7cbec is-layout-flow wp-block-column-is-layout-flow\" style=\"flex-basis:120px\">\n<p class=\"has-text-align-center ticss-220fba9b\">0,82 W\/m2K*<\/p>\n<\/div>\n<\/div>\n<\/div>\n\n\n\n<div class=\"wp-block-column is-vertically-aligned-center is-layout-flow wp-block-column-is-layout-flow\" style=\"flex-basis:250px\">\n<div class=\"wp-block-columns is-layout-flex wp-container-core-columns-is-layout-9d6595d7 wp-block-columns-is-layout-flex\">\n<div class=\"wp-block-column is-vertically-aligned-center is-layout-flow wp-block-column-is-layout-flow\" style=\"flex-basis:120px\"><div class=\"wp-block-image\">\n<figure class=\"aligncenter size-thumbnail\"><img loading=\"lazy\" decoding=\"async\" width=\"150\" height=\"150\" src=\"https:\/\/eko-sol.com\/wp-content\/uploads\/2025\/06\/icon1-150x150.png\" alt=\"\" class=\"wp-image-1068\" srcset=\"https:\/\/eko-sol.com\/wp-content\/uploads\/2025\/06\/icon1-150x150.png 150w, https:\/\/eko-sol.com\/wp-content\/uploads\/2025\/06\/icon1-300x300.png 300w, https:\/\/eko-sol.com\/wp-content\/uploads\/2025\/06\/icon1.png 591w\" sizes=\"auto, (max-width: 150px) 100vw, 150px\" \/><\/figure><\/div><\/div>\n\n\n\n<div class=\"wp-block-column is-vertically-aligned-center ticss-9db7cbec is-layout-flow wp-block-column-is-layout-flow\" style=\"flex-basis:120px\">\n<p class=\"has-text-align-center ticss-220fba9b\">44 (-1;-2) dB**<\/p>\n<\/div>\n<\/div>\n<\/div>\n<\/div>\n<\/div>\n\n\n\n<div class=\"wp-block-column is-layout-flow wp-block-column-is-layout-flow\">\n<div class=\"wp-block-columns is-layout-flex wp-container-core-columns-is-layout-9d6595d7 wp-block-columns-is-layout-flex\">\n<div class=\"wp-block-column is-layout-flow wp-block-column-is-layout-flow\" style=\"flex-basis:250px\">\n<div class=\"wp-block-columns is-layout-flex wp-container-core-columns-is-layout-9d6595d7 wp-block-columns-is-layout-flex\">\n<div class=\"wp-block-column is-vertically-aligned-center is-layout-flow wp-block-column-is-layout-flow\" style=\"flex-basis:120px\"><div class=\"wp-block-image\">\n<figure class=\"aligncenter size-thumbnail\"><img loading=\"lazy\" decoding=\"async\" width=\"150\" height=\"150\" src=\"https:\/\/eko-sol.com\/wp-content\/uploads\/2025\/06\/icon3-150x150.png\" alt=\"\" class=\"wp-image-1069\" srcset=\"https:\/\/eko-sol.com\/wp-content\/uploads\/2025\/06\/icon3-150x150.png 150w, https:\/\/eko-sol.com\/wp-content\/uploads\/2025\/06\/icon3-300x300.png 300w, https:\/\/eko-sol.com\/wp-content\/uploads\/2025\/06\/icon3.png 591w\" sizes=\"auto, (max-width: 150px) 100vw, 150px\" \/><\/figure><\/div><\/div>\n\n\n\n<div class=\"wp-block-column is-vertically-aligned-center ticss-9db7cbec is-layout-flow wp-block-column-is-layout-flow\" style=\"flex-basis:120px\">\n<p class=\"has-text-align-center ticss-220fba9b\">800-1600 Pa<\/p>\n<\/div>\n<\/div>\n<\/div>\n\n\n\n<div class=\"wp-block-column is-layout-flow wp-block-column-is-layout-flow\" style=\"flex-basis:250px\">\n<div class=\"wp-block-columns is-layout-flex wp-container-core-columns-is-layout-9d6595d7 wp-block-columns-is-layout-flex\">\n<div class=\"wp-block-column is-vertically-aligned-center is-layout-flow wp-block-column-is-layout-flow\" style=\"flex-basis:120px\"><div class=\"wp-block-image\">\n<figure class=\"aligncenter size-thumbnail\"><img loading=\"lazy\" decoding=\"async\" width=\"150\" height=\"150\" src=\"https:\/\/eko-sol.com\/wp-content\/uploads\/2025\/06\/icon4-150x150.png\" alt=\"\" class=\"wp-image-1070\" srcset=\"https:\/\/eko-sol.com\/wp-content\/uploads\/2025\/06\/icon4-150x150.png 150w, https:\/\/eko-sol.com\/wp-content\/uploads\/2025\/06\/icon4-300x300.png 300w, https:\/\/eko-sol.com\/wp-content\/uploads\/2025\/06\/icon4.png 591w\" sizes=\"auto, (max-width: 150px) 100vw, 150px\" \/><\/figure><\/div><\/div>\n\n\n\n<div class=\"wp-block-column is-vertically-aligned-center ticss-9db7cbec is-layout-flow wp-block-column-is-layout-flow\" style=\"flex-basis:120px\">\n<p class=\"has-text-align-center ticss-220fba9b\">900 Pa<\/p>\n<\/div>\n<\/div>\n<\/div>\n<\/div>\n<\/div>\n<\/div>\n\n\n\n<div class=\"wp-block-columns has-neve-text-color-color has-text-color has-link-color wp-elements-c5dc2ad352df2ed693f42e8d0a4d4375 is-layout-flex wp-container-core-columns-is-layout-9d6595d7 wp-block-columns-is-layout-flex\">\n<div class=\"wp-block-column is-layout-flow wp-block-column-is-layout-flow\">\n<p class=\"has-small-font-size\">* Avec l\u2019utilisation d&rsquo;un triple vitrage 4SI1\/18\/4\/18\/4SI1 avec un Ug de 0,5 W\/m\u00b2K et d&rsquo;un intercalaire thermique avec un psi de 0,03 W\/m\u00b2K; pour la variante Flatline.<br>** Avec l\u2019utilisation d&rsquo;un vitrage VSG 44.2SI\/14\/4\/14\/8.<br>Toutes les donn\u00e9es sont fournies pour une fen\u00eatre conventionnelle (normative), c&rsquo;est-\u00e0-dire une fen\u00eatre \u00e0 un seul vantail de dimensions 1230 mm x 1480 mm.<\/p>\n<\/div>\n<\/div>\n\n\n\n<p><\/p>\n","protected":false},"excerpt":{"rendered":"<p>SolSTANDARD Une nouvelle proposition dans l&rsquo;offre EKOSOL, bas\u00e9e sur la gamme de profil\u00e9s Aluplast IDEAL NEO. Con\u00e7u pour l&rsquo;architecture moderne et les exigences esth\u00e9tiques \u00e9lev\u00e9es, ce syst\u00e8me se distingue par son design cubiste et g\u00e9om\u00e9trique, qui s&rsquo;inscrit parfaitement dans les tendances actuelles de conception des fa\u00e7ades et des int\u00e9rieurs. Le syst\u00e8me SOLSTANDARD, c&rsquo;est non seulement&hellip;&nbsp;<a href=\"https:\/\/eko-sol.com\/fr\/solstandard\/\" rel=\"bookmark\">Lire la suite &raquo;<span class=\"screen-reader-text\">SolStandard<\/span><\/a><\/p>\n","protected":false},"author":3,"featured_media":0,"parent":0,"menu_order":0,"comment_status":"closed","ping_status":"closed","template":"","meta":{"neve_meta_sidebar":"default","neve_meta_container":"default","neve_meta_enable_content_width":"","neve_meta_content_width":70,"neve_meta_title_alignment":"left","neve_meta_author_avatar":"","neve_post_elements_order":"","neve_meta_disable_header":"off","neve_meta_disable_footer":"","neve_meta_disable_title":"on","ngg_post_thumbnail":0,"_themeisle_gutenberg_block_has_review":false,"_locale":"fr_FR","_original_post":"https:\/\/eko-sol.com\/?page_id=1143","footnotes":""},"class_list":["post-1923","page","type-page","status-publish","hentry","fr-FR"],"_links":{"self":[{"href":"https:\/\/eko-sol.com\/wp-json\/wp\/v2\/pages\/1923","targetHints":{"allow":["GET"]}}],"collection":[{"href":"https:\/\/eko-sol.com\/wp-json\/wp\/v2\/pages"}],"about":[{"href":"https:\/\/eko-sol.com\/wp-json\/wp\/v2\/types\/page"}],"author":[{"embeddable":true,"href":"https:\/\/eko-sol.com\/wp-json\/wp\/v2\/users\/3"}],"replies":[{"embeddable":true,"href":"https:\/\/eko-sol.com\/wp-json\/wp\/v2\/comments?post=1923"}],"version-history":[{"count":3,"href":"https:\/\/eko-sol.com\/wp-json\/wp\/v2\/pages\/1923\/revisions"}],"predecessor-version":[{"id":1976,"href":"https:\/\/eko-sol.com\/wp-json\/wp\/v2\/pages\/1923\/revisions\/1976"}],"wp:attachment":[{"href":"https:\/\/eko-sol.com\/wp-json\/wp\/v2\/media?parent=1923"}],"curies":[{"name":"wp","href":"https:\/\/api.w.org\/{rel}","templated":true}]}}