{"id":1932,"date":"2026-03-05T10:11:33","date_gmt":"2026-03-05T09:11:33","guid":{"rendered":"https:\/\/eko-sol.com\/?page_id=1932"},"modified":"2026-03-26T08:36:55","modified_gmt":"2026-03-26T07:36:55","slug":"solstandard-2","status":"publish","type":"page","link":"https:\/\/eko-sol.com\/fr\/solstandard-2\/","title":{"rendered":"SolStandard+"},"content":{"rendered":"\n<div class=\"wp-block-columns is-layout-flex wp-container-core-columns-is-layout-9d6595d7 wp-block-columns-is-layout-flex\">\n<div class=\"wp-block-column is-vertically-aligned-center ticss-8a32e610 is-layout-flow wp-block-column-is-layout-flow\" style=\"padding-top:var(--wp--preset--spacing--80);padding-bottom:var(--wp--preset--spacing--70)\">\n<div class=\"product-header\"><span class=\"product-name-part1\">Sol<\/span>STANDARD+<\/div>\n<\/div>\n<\/div>\n\n\n\n<div class=\"wp-block-columns has-neve-text-color-color has-text-color has-link-color wp-elements-74a9fc5ed4123a181d47ca78bd8cde42 is-layout-flex wp-container-core-columns-is-layout-9d6595d7 wp-block-columns-is-layout-flex\">\n<div class=\"wp-block-column ticss-13131f4b is-layout-flow wp-block-column-is-layout-flow\">\n<p class=\"has-neve-text-color-color has-text-color has-link-color wp-elements-bd9628c5de71a93d178ab97624162db4\">Syst\u00e8me de menuiserie PVC haut de gamme, \u00e0 la pointe de la technologie, disponible dans l&rsquo;offre EKOSOL. Bas\u00e9 sur des solutions <strong>\u00e9co\u00e9nerg\u00e9tiques<\/strong>, ce syst\u00e8me r\u00e9pond aux exigences de la construction moderne, o\u00f9 l&rsquo;esth\u00e9tique et la fonctionnalit\u00e9 sont primordiales.<\/p>\n\n\n\n<p>Les formes <strong>cubistes<\/strong> <strong>caract\u00e9ristiques<\/strong> et <strong>l&rsquo;ouvrant affleurant sp\u00e9cifique conf\u00e8rent<\/strong> aux fen\u00eatres un aspect minimaliste et \u00e9l\u00e9gant, qui s&rsquo;int\u00e8gre parfaitement \u00e0 l&rsquo;architecture sobre et g\u00e9om\u00e9trique des b\u00e2timents contemporains. Associ\u00e9 aux <strong>plaxages modernes Aludec<\/strong>, qui imitent presque parfaitement l&rsquo;aspect de l&rsquo;aluminium \u00e0 l&rsquo;ext\u00e9rieur, le syst\u00e8me <strong>SOLSTANDARD+<\/strong> devient le choix id\u00e9al pour les investisseurs privil\u00e9giant un style moderne dans une version soft-industrial.<\/p>\n\n\n\n<p>Le syst\u00e8me repose sur une <strong>conception innovante sans renforts<\/strong> en acier, ce qui se traduit par une meilleure isolation thermique et une empreinte carbone r\u00e9duite. Gr\u00e2ce \u00e0 l&rsquo;application des technologies <strong>bonding inside<\/strong> <strong>(collage du vitrage)<\/strong> et <strong>powerdur inside<\/strong> <strong>(renforts thermoplastiques)<\/strong>, les fen\u00eatres du syst\u00e8me SOLSTANDARD+ atteignent <strong>d&rsquo;excellents param\u00e8tres d&rsquo;isolation<\/strong>, r\u00e9pondant ainsi aux exigences de la construction passive et \u00e9co\u00e9nerg\u00e9tique.<\/p>\n<\/div>\n\n\n\n<div class=\"wp-block-column is-layout-flow wp-block-column-is-layout-flow\"><div class=\"wp-block-image\">\n<figure class=\"aligncenter size-large has-custom-border\"><img loading=\"lazy\" decoding=\"async\" width=\"1024\" height=\"717\" src=\"https:\/\/eko-sol.com\/wp-content\/uploads\/2025\/06\/40129_aluplast_energeto_XL_presse-Niestandardowe-1024x717.jpg\" alt=\"\" class=\"wp-image-1216\" style=\"border-radius:16px\" srcset=\"https:\/\/eko-sol.com\/wp-content\/uploads\/2025\/06\/40129_aluplast_energeto_XL_presse-Niestandardowe-1024x717.jpg 1024w, https:\/\/eko-sol.com\/wp-content\/uploads\/2025\/06\/40129_aluplast_energeto_XL_presse-Niestandardowe-300x210.jpg 300w, https:\/\/eko-sol.com\/wp-content\/uploads\/2025\/06\/40129_aluplast_energeto_XL_presse-Niestandardowe-768x537.jpg 768w, https:\/\/eko-sol.com\/wp-content\/uploads\/2025\/06\/40129_aluplast_energeto_XL_presse-Niestandardowe.jpg 1429w\" sizes=\"auto, (max-width: 1024px) 100vw, 1024px\" \/><\/figure><\/div>\n\n\n<p><\/p>\n\n\n\n<p>Con\u00e7u pour l&rsquo;avenir, le syst\u00e8me <strong>SOLSTANDARD+<\/strong> allie <strong>design, technologie et d\u00e9veloppement durable<\/strong> au sein d&rsquo;une menuiserie moderne et unique.<\/p>\n<\/div>\n<\/div>\n\n\n\n<div class=\"wp-block-columns has-neve-text-color-color has-text-color has-link-color wp-elements-e5c803b03d3ce060e14ee05f03d4c3ad is-layout-flex wp-container-core-columns-is-layout-9d6595d7 wp-block-columns-is-layout-flex\">\n<div class=\"wp-block-column is-vertically-aligned-center is-layout-flow wp-block-column-is-layout-flow\"><div class=\"wp-block-image\">\n<figure class=\"aligncenter size-full is-resized\"><img loading=\"lazy\" decoding=\"async\" width=\"300\" height=\"600\" src=\"https:\/\/eko-sol.com\/wp-content\/uploads\/2025\/06\/energeto-neo_060405_060427_fb_3fach_Vergl_GL150665_bonding_ap12_MIN.png\" alt=\"\" class=\"wp-image-1160\" style=\"width:267px;height:auto\" srcset=\"https:\/\/eko-sol.com\/wp-content\/uploads\/2025\/06\/energeto-neo_060405_060427_fb_3fach_Vergl_GL150665_bonding_ap12_MIN.png 300w, https:\/\/eko-sol.com\/wp-content\/uploads\/2025\/06\/energeto-neo_060405_060427_fb_3fach_Vergl_GL150665_bonding_ap12_MIN-150x300.png 150w\" sizes=\"auto, (max-width: 300px) 100vw, 300px\" \/><\/figure><\/div><\/div>\n\n\n\n<div class=\"wp-block-column is-vertically-aligned-center ticss-ca5cd857 is-layout-flow wp-block-column-is-layout-flow\">\n<ul class=\"wp-block-list\">\n<li>Profil \u00e0 6 chambres (dormant et ouvrant) avec une profondeur d&rsquo;encastrement de 76 mm.<\/li>\n\n\n\n<li>Syst\u00e8me de profil\u00e9s MD avec joint central.<\/li>\n\n\n\n<li>Syst\u00e8me d&rsquo;ouvrant disponible en variante Flatline \u2013 bord ext\u00e9rieur de l&rsquo;ouvrant affleurant au dormant.<\/li>\n\n\n\n<li>Powerdur Inside \u2013 Technologie innovante de coextrusion de profil\u00e9s PVC utilisant des renforts composites enrichis de fibres de verre, am\u00e9liorant le coefficient de transmission thermique et les propri\u00e9t\u00e9s statiques de la structure.<\/li>\n\n\n\n<li>Syst\u00e8me Foam Inside \u2013 Concept exclusif consistant \u00e0 injecter de la mousse polyur\u00e9thane dans les chambres du profil\u00e9, am\u00e9liorant les performances thermiques de la fen\u00eatre jusqu&rsquo;\u00e0 20 % (option).<\/li>\n\n\n\n<li>Bonding Inside \u2013 Concept exclusif de collage p\u00e9rim\u00e9tral du vitrage. Ce proc\u00e9d\u00e9 permet de r\u00e9aliser des structures nettement plus grandes tout en r\u00e9duisant les interventions de r\u00e9glage au minimum (option).<\/li>\n\n\n\n<li>Aluskin System \u2013 Possibilit\u00e9 d&rsquo;utiliser un capotage ext\u00e9rieur en aluminium (option).<\/li>\n\n\n\n<li>Syst\u00e8me parfaitement adapt\u00e9 aux tendances de la construction passive.<\/li>\n<\/ul>\n<\/div>\n<\/div>\n\n\n\n<div class=\"wp-block-columns is-not-stacked-on-mobile ticss-62d7228a has-neve-text-color-color has-text-color has-link-color wp-elements-6d6e2a8881b9e78e7cbd2863985a3639 is-layout-flex wp-container-core-columns-is-layout-9d6595d7 wp-block-columns-is-layout-flex\">\n<div class=\"wp-block-column is-vertically-aligned-top is-layout-flow wp-block-column-is-layout-flow\">\n<div class=\"wp-block-columns is-layout-flex wp-container-core-columns-is-layout-9d6595d7 wp-block-columns-is-layout-flex\">\n<div class=\"wp-block-column is-layout-flow wp-block-column-is-layout-flow\" style=\"flex-basis:250px\">\n<div class=\"wp-block-columns is-layout-flex wp-container-core-columns-is-layout-9d6595d7 wp-block-columns-is-layout-flex\">\n<div class=\"wp-block-column is-vertically-aligned-center is-layout-flow wp-block-column-is-layout-flow\" style=\"flex-basis:120px\"><div class=\"wp-block-image\">\n<figure class=\"aligncenter size-thumbnail\"><img loading=\"lazy\" decoding=\"async\" width=\"150\" height=\"150\" src=\"https:\/\/eko-sol.com\/wp-content\/uploads\/2025\/06\/icon2-150x150.png\" alt=\"\" class=\"wp-image-1067\" srcset=\"https:\/\/eko-sol.com\/wp-content\/uploads\/2025\/06\/icon2-150x150.png 150w, https:\/\/eko-sol.com\/wp-content\/uploads\/2025\/06\/icon2-300x300.png 300w, https:\/\/eko-sol.com\/wp-content\/uploads\/2025\/06\/icon2.png 592w\" sizes=\"auto, (max-width: 150px) 100vw, 150px\" \/><\/figure><\/div><\/div>\n\n\n\n<div class=\"wp-block-column is-vertically-aligned-center ticss-9db7cbec is-layout-flow wp-block-column-is-layout-flow\" style=\"flex-basis:120px\">\n<p class=\"has-text-align-center ticss-220fba9b\">0,65 W\/m2K*<\/p>\n<\/div>\n<\/div>\n<\/div>\n\n\n\n<div class=\"wp-block-column is-vertically-aligned-center is-layout-flow wp-block-column-is-layout-flow\" style=\"flex-basis:250px\">\n<div class=\"wp-block-columns is-layout-flex wp-container-core-columns-is-layout-9d6595d7 wp-block-columns-is-layout-flex\">\n<div class=\"wp-block-column is-vertically-aligned-center is-layout-flow wp-block-column-is-layout-flow\" style=\"flex-basis:120px\"><div class=\"wp-block-image\">\n<figure class=\"aligncenter size-thumbnail\"><img loading=\"lazy\" decoding=\"async\" width=\"150\" height=\"150\" src=\"https:\/\/eko-sol.com\/wp-content\/uploads\/2025\/06\/icon1-150x150.png\" alt=\"\" class=\"wp-image-1068\" srcset=\"https:\/\/eko-sol.com\/wp-content\/uploads\/2025\/06\/icon1-150x150.png 150w, https:\/\/eko-sol.com\/wp-content\/uploads\/2025\/06\/icon1-300x300.png 300w, https:\/\/eko-sol.com\/wp-content\/uploads\/2025\/06\/icon1.png 591w\" sizes=\"auto, (max-width: 150px) 100vw, 150px\" \/><\/figure><\/div><\/div>\n\n\n\n<div class=\"wp-block-column is-vertically-aligned-center ticss-9db7cbec is-layout-flow wp-block-column-is-layout-flow\" style=\"flex-basis:120px\">\n<p class=\"has-text-align-center ticss-220fba9b\">44 (-1;-4) dB**<\/p>\n<\/div>\n<\/div>\n<\/div>\n<\/div>\n<\/div>\n\n\n\n<div class=\"wp-block-column is-layout-flow wp-block-column-is-layout-flow\">\n<div class=\"wp-block-columns is-layout-flex wp-container-core-columns-is-layout-9d6595d7 wp-block-columns-is-layout-flex\">\n<div class=\"wp-block-column is-layout-flow wp-block-column-is-layout-flow\" style=\"flex-basis:250px\">\n<div class=\"wp-block-columns is-layout-flex wp-container-core-columns-is-layout-9d6595d7 wp-block-columns-is-layout-flex\">\n<div class=\"wp-block-column is-vertically-aligned-center is-layout-flow wp-block-column-is-layout-flow\" style=\"flex-basis:120px\"><div class=\"wp-block-image\">\n<figure class=\"aligncenter size-thumbnail\"><img loading=\"lazy\" decoding=\"async\" width=\"150\" height=\"150\" src=\"https:\/\/eko-sol.com\/wp-content\/uploads\/2025\/06\/icon3-150x150.png\" alt=\"\" class=\"wp-image-1069\" srcset=\"https:\/\/eko-sol.com\/wp-content\/uploads\/2025\/06\/icon3-150x150.png 150w, https:\/\/eko-sol.com\/wp-content\/uploads\/2025\/06\/icon3-300x300.png 300w, https:\/\/eko-sol.com\/wp-content\/uploads\/2025\/06\/icon3.png 591w\" sizes=\"auto, (max-width: 150px) 100vw, 150px\" \/><\/figure><\/div><\/div>\n\n\n\n<div class=\"wp-block-column is-vertically-aligned-center ticss-9db7cbec is-layout-flow wp-block-column-is-layout-flow\" style=\"flex-basis:120px\">\n<p class=\"has-text-align-center ticss-220fba9b\">800-1600 Pa<\/p>\n<\/div>\n<\/div>\n<\/div>\n\n\n\n<div class=\"wp-block-column is-layout-flow wp-block-column-is-layout-flow\" style=\"flex-basis:250px\">\n<div class=\"wp-block-columns is-layout-flex wp-container-core-columns-is-layout-9d6595d7 wp-block-columns-is-layout-flex\">\n<div class=\"wp-block-column is-vertically-aligned-center is-layout-flow wp-block-column-is-layout-flow\" style=\"flex-basis:120px\"><div class=\"wp-block-image\">\n<figure class=\"aligncenter size-thumbnail\"><img loading=\"lazy\" decoding=\"async\" width=\"150\" height=\"150\" src=\"https:\/\/eko-sol.com\/wp-content\/uploads\/2025\/06\/icon4-150x150.png\" alt=\"\" class=\"wp-image-1070\" srcset=\"https:\/\/eko-sol.com\/wp-content\/uploads\/2025\/06\/icon4-150x150.png 150w, https:\/\/eko-sol.com\/wp-content\/uploads\/2025\/06\/icon4-300x300.png 300w, https:\/\/eko-sol.com\/wp-content\/uploads\/2025\/06\/icon4.png 591w\" sizes=\"auto, (max-width: 150px) 100vw, 150px\" \/><\/figure><\/div><\/div>\n\n\n\n<div class=\"wp-block-column is-vertically-aligned-center ticss-9db7cbec is-layout-flow wp-block-column-is-layout-flow\" style=\"flex-basis:120px\">\n<p class=\"has-text-align-center ticss-220fba9b\">900 Pa<\/p>\n<\/div>\n<\/div>\n<\/div>\n<\/div>\n<\/div>\n<\/div>\n\n\n\n<div class=\"wp-block-columns has-neve-text-color-color has-text-color has-link-color wp-elements-c2f0874919601a8d2a0d52b6489ea982 is-layout-flex wp-container-core-columns-is-layout-9d6595d7 wp-block-columns-is-layout-flex\">\n<div class=\"wp-block-column is-layout-flow wp-block-column-is-layout-flow\">\n<p class=\"has-small-font-size\">* Avec l&rsquo;utilisation d&rsquo;un vitrage 4SI1\/18\/4\/18\/4SI1 avec un Ug de 0,5 W\/m\u00b2K, d&rsquo;un intercalaire avec un psi de 0,03 W\/m\u00b2K et du syst\u00e8me Foam Inside.<br>** Avec l&rsquo;utilisation d&rsquo;un vitrage VSG 44.2SI\/14\/4\/14\/8.<br>Toutes les donn\u00e9es sont fournies pour une fen\u00eatre conventionnelle, c&rsquo;est-\u00e0-dire une fen\u00eatre \u00e0 un vantail de dimensions 1230 mm x 1480 mm.<\/p>\n<\/div>\n<\/div>\n\n\n\n<p><\/p>\n","protected":false},"excerpt":{"rendered":"<p>SolSTANDARD+ Syst\u00e8me de menuiserie PVC haut de gamme, \u00e0 la pointe de la technologie, disponible dans l&rsquo;offre EKOSOL. Bas\u00e9 sur des solutions \u00e9co\u00e9nerg\u00e9tiques, ce syst\u00e8me r\u00e9pond aux exigences de la construction moderne, o\u00f9 l&rsquo;esth\u00e9tique et la fonctionnalit\u00e9 sont primordiales. Les formes cubistes caract\u00e9ristiques et l&rsquo;ouvrant affleurant sp\u00e9cifique conf\u00e8rent aux fen\u00eatres un aspect minimaliste et \u00e9l\u00e9gant,&hellip;&nbsp;<a href=\"https:\/\/eko-sol.com\/fr\/solstandard-2\/\" rel=\"bookmark\">Lire la suite &raquo;<span class=\"screen-reader-text\">SolStandard+<\/span><\/a><\/p>\n","protected":false},"author":3,"featured_media":0,"parent":0,"menu_order":0,"comment_status":"closed","ping_status":"closed","template":"","meta":{"neve_meta_sidebar":"default","neve_meta_container":"default","neve_meta_enable_content_width":"","neve_meta_content_width":70,"neve_meta_title_alignment":"left","neve_meta_author_avatar":"","neve_post_elements_order":"","neve_meta_disable_header":"off","neve_meta_disable_footer":"","neve_meta_disable_title":"on","ngg_post_thumbnail":0,"_themeisle_gutenberg_block_has_review":false,"_locale":"fr_FR","_original_post":"https:\/\/eko-sol.com\/?page_id=1153","footnotes":""},"class_list":["post-1932","page","type-page","status-publish","hentry","fr-FR"],"_links":{"self":[{"href":"https:\/\/eko-sol.com\/wp-json\/wp\/v2\/pages\/1932","targetHints":{"allow":["GET"]}}],"collection":[{"href":"https:\/\/eko-sol.com\/wp-json\/wp\/v2\/pages"}],"about":[{"href":"https:\/\/eko-sol.com\/wp-json\/wp\/v2\/types\/page"}],"author":[{"embeddable":true,"href":"https:\/\/eko-sol.com\/wp-json\/wp\/v2\/users\/3"}],"replies":[{"embeddable":true,"href":"https:\/\/eko-sol.com\/wp-json\/wp\/v2\/comments?post=1932"}],"version-history":[{"count":3,"href":"https:\/\/eko-sol.com\/wp-json\/wp\/v2\/pages\/1932\/revisions"}],"predecessor-version":[{"id":1980,"href":"https:\/\/eko-sol.com\/wp-json\/wp\/v2\/pages\/1932\/revisions\/1980"}],"wp:attachment":[{"href":"https:\/\/eko-sol.com\/wp-json\/wp\/v2\/media?parent=1932"}],"curies":[{"name":"wp","href":"https:\/\/api.w.org\/{rel}","templated":true}]}}