{"id":1935,"date":"2026-03-05T14:17:57","date_gmt":"2026-03-05T13:17:57","guid":{"rendered":"https:\/\/eko-sol.com\/?page_id=1935"},"modified":"2026-03-26T08:36:53","modified_gmt":"2026-03-26T07:36:53","slug":"solpremium","status":"publish","type":"page","link":"https:\/\/eko-sol.com\/fr\/solpremium\/","title":{"rendered":"SolPremium"},"content":{"rendered":"\n<div class=\"wp-block-columns is-layout-flex wp-container-core-columns-is-layout-9d6595d7 wp-block-columns-is-layout-flex\">\n<div class=\"wp-block-column is-vertically-aligned-center ticss-8a32e610 is-layout-flow wp-block-column-is-layout-flow\" style=\"padding-top:var(--wp--preset--spacing--80);padding-bottom:var(--wp--preset--spacing--70)\">\n<div class=\"product-header\"><span class=\"product-name-part1\">Sol<\/span>PREMIUM<\/div>\n<\/div>\n<\/div>\n\n\n\n<div class=\"wp-block-columns has-neve-text-color-color has-text-color has-link-color wp-elements-21d96c32cd722409caf52e8a0ae6b524 is-layout-flex wp-container-core-columns-is-layout-9d6595d7 wp-block-columns-is-layout-flex\">\n<div class=\"wp-block-column ticss-dd190fcf is-layout-flow wp-block-column-is-layout-flow\">\n<p>Syst\u00e8me de menuiserie moderne haut de gamme disponible dans l&rsquo;offre EKOSOL, bas\u00e9 sur le profil\u00e9 de renomm\u00e9e <strong>K\u00f6mmerling 88 MD<\/strong>. Con\u00e7u pour la construction moderne, il allie d&rsquo;excellents param\u00e8tres techniques \u00e0 une esth\u00e9tique minimaliste et un standard de finition \u00e9lev\u00e9.<\/p>\n\n\n\n<p>Ce syst\u00e8me se distingue par une profondeur <strong>d&rsquo;encastrement accrue de 88 mm<\/strong>, ce qui se traduit par <strong>d&rsquo;excellentes propri\u00e9t\u00e9s thermo-isolantes et statiques<\/strong>. Gr\u00e2ce \u00e0 cela, le SOLPREMIUM est parfaitement adapt\u00e9 aux maisons \u00e9co\u00e9nerg\u00e9tiques et passives, offrant un coefficient de transmission thermique pouvant <strong>atteindre Uw <strong>\u2264<\/strong> 0,72  W\/m\u00b2K<\/strong> (selon le vitrage utilis\u00e9).<\/p>\n\n\n\n<p>Le syst\u00e8me a \u00e9t\u00e9 con\u00e7u dans une optique de durabilit\u00e9 et d&rsquo;\u00e9cologie \u2013<strong> le profil\u00e9 est 100% sans plomb<\/strong>, et le mat\u00e9riau de base <strong>Greenline <\/strong>s&rsquo;inscrit dans la philosophie de la construction durable. Des renforts optionnels en fibres composites ou la technologie <strong>bonding inside<\/strong> (collage du vitrage) garantissent une stabilit\u00e9 de structure encore accrue et une plus grande libert\u00e9 de conception, y compris pour les vitrages de grandes dimensions.<\/p>\n\n\n\n<p><\/p>\n<\/div>\n\n\n\n<div class=\"wp-block-column is-vertically-aligned-top is-layout-flow wp-block-column-is-layout-flow\">\n<figure class=\"wp-block-image size-full has-custom-border\"><img loading=\"lazy\" decoding=\"async\" width=\"1024\" height=\"678\" src=\"https:\/\/eko-sol.com\/wp-content\/uploads\/2025\/06\/shutterstock_offset_2503308567.png\" alt=\"\" class=\"wp-image-1228\" style=\"border-radius:16px\" srcset=\"https:\/\/eko-sol.com\/wp-content\/uploads\/2025\/06\/shutterstock_offset_2503308567.png 1024w, https:\/\/eko-sol.com\/wp-content\/uploads\/2025\/06\/shutterstock_offset_2503308567-300x199.png 300w, https:\/\/eko-sol.com\/wp-content\/uploads\/2025\/06\/shutterstock_offset_2503308567-768x509.png 768w\" sizes=\"auto, (max-width: 1024px) 100vw, 1024px\" \/><\/figure>\n\n\n\n<p><\/p>\n\n\n\n<p>Un design moderne caract\u00e9ristique, associ\u00e9 \u00e0 une large gamme de plaxages exclusifs \u2013 incluant des finitions m\u00e9tallis\u00e9es et imitation bois \u2013 permet au syst\u00e8me SOLPREMIUM de s&rsquo;int\u00e9grer parfaitement \u00e0 l&rsquo;esth\u00e9tique <strong>soft-industrial<\/strong> ainsi qu&rsquo;aux fa\u00e7ades modernes et g\u00e9om\u00e9triques.<\/p>\n\n\n\n<p><strong>SOLPREMIUM<\/strong> est l&rsquo;alliance intelligente de la <strong>forme, de la technologie et de la responsabilit\u00e9 environnementale<\/strong> \u2013 une solution id\u00e9ale pour les investisseurs exigeants qui ne font aucun compromis.<\/p>\n<\/div>\n<\/div>\n\n\n\n<div class=\"wp-block-columns has-neve-text-color-color has-text-color has-link-color wp-elements-e6007355b2cca34d76284d262597e726 is-layout-flex wp-container-core-columns-is-layout-9d6595d7 wp-block-columns-is-layout-flex\">\n<div class=\"wp-block-column is-vertically-aligned-center is-layout-flow wp-block-column-is-layout-flow\"><div class=\"wp-block-image\">\n<figure class=\"aligncenter size-full is-resized\"><img loading=\"lazy\" decoding=\"async\" width=\"300\" height=\"600\" src=\"https:\/\/eko-sol.com\/wp-content\/uploads\/2025\/06\/System-88-MD-pCT-Full-Cover-Bronze_MIN.png\" alt=\"\" class=\"wp-image-1163\" style=\"width:267px;height:auto\" srcset=\"https:\/\/eko-sol.com\/wp-content\/uploads\/2025\/06\/System-88-MD-pCT-Full-Cover-Bronze_MIN.png 300w, https:\/\/eko-sol.com\/wp-content\/uploads\/2025\/06\/System-88-MD-pCT-Full-Cover-Bronze_MIN-150x300.png 150w\" sizes=\"auto, (max-width: 300px) 100vw, 300px\" \/><\/figure><\/div><\/div>\n\n\n\n<div class=\"wp-block-column is-vertically-aligned-center ticss-ca5cd857 is-layout-flow wp-block-column-is-layout-flow\">\n<ul class=\"wp-block-list\">\n<li>Profil \u00e0 7 chambres (dormant et ouvrant) avec une profondeur d&rsquo;encastrement de 88 mm.<\/li>\n\n\n\n<li>Syst\u00e8me de profil\u00e9s MD avec joint central.<\/li>\n\n\n\n<li>Profil\u00e9s \u00e9lanc\u00e9s disponibles en variantes d&rsquo;ouvrants non affleurants.<\/li>\n\n\n\n<li>Syst\u00e8me Foam Inside \u2013 Concept exclusif consistant \u00e0 injecter de la mousse polyur\u00e9thane dans les chambres du profil\u00e9, am\u00e9liorant les performances thermiques de la fen\u00eatre jusqu&rsquo;\u00e0 20 % (option).<\/li>\n\n\n\n<li>Bonding Inside \u2013 Concept exclusif de collage p\u00e9rim\u00e9tral du vitrage. Ce proc\u00e9d\u00e9 permet de r\u00e9aliser des structures nettement plus grandes tout en r\u00e9duisant les interventions de r\u00e9glage au minimum (option).<\/li>\n\n\n\n<li>Syst\u00e8me parfaitement adapt\u00e9 aux tendances de la construction passive.<\/li>\n<\/ul>\n<\/div>\n<\/div>\n\n\n\n<div class=\"wp-block-columns is-not-stacked-on-mobile ticss-4c1f2120 has-neve-text-color-color has-text-color has-link-color wp-elements-fcc7440bd906568ef99232945725aa3c is-layout-flex wp-container-core-columns-is-layout-9d6595d7 wp-block-columns-is-layout-flex\">\n<div class=\"wp-block-column is-vertically-aligned-top is-layout-flow wp-block-column-is-layout-flow\" style=\"border-radius:0px\">\n<div class=\"wp-block-columns is-layout-flex wp-container-core-columns-is-layout-9d6595d7 wp-block-columns-is-layout-flex\">\n<div class=\"wp-block-column ticss-94607afc is-layout-flow wp-block-column-is-layout-flow\" style=\"flex-basis:250px\">\n<div class=\"wp-block-columns ticss-a504fb11 is-layout-flex wp-container-core-columns-is-layout-9d6595d7 wp-block-columns-is-layout-flex\">\n<div class=\"wp-block-column is-vertically-aligned-center is-layout-flow wp-block-column-is-layout-flow\" style=\"flex-basis:120px\"><div class=\"wp-block-image\">\n<figure class=\"aligncenter size-thumbnail\"><img loading=\"lazy\" decoding=\"async\" width=\"150\" height=\"150\" src=\"https:\/\/eko-sol.com\/wp-content\/uploads\/2025\/06\/icon2-150x150.png\" alt=\"\" class=\"wp-image-1067\" srcset=\"https:\/\/eko-sol.com\/wp-content\/uploads\/2025\/06\/icon2-150x150.png 150w, https:\/\/eko-sol.com\/wp-content\/uploads\/2025\/06\/icon2-300x300.png 300w, https:\/\/eko-sol.com\/wp-content\/uploads\/2025\/06\/icon2.png 592w\" sizes=\"auto, (max-width: 150px) 100vw, 150px\" \/><\/figure><\/div><\/div>\n\n\n\n<div class=\"wp-block-column is-vertically-aligned-center ticss-9db7cbec is-layout-flow wp-block-column-is-layout-flow\" style=\"flex-basis:120px\">\n<p class=\"has-text-align-center ticss-220fba9b\">0,72 W\/m2K*<\/p>\n<\/div>\n<\/div>\n<\/div>\n\n\n\n<div class=\"wp-block-column is-vertically-aligned-center is-layout-flow wp-block-column-is-layout-flow\" style=\"flex-basis:250px\">\n<div class=\"wp-block-columns is-layout-flex wp-container-core-columns-is-layout-9d6595d7 wp-block-columns-is-layout-flex\">\n<div class=\"wp-block-column is-vertically-aligned-center is-layout-flow wp-block-column-is-layout-flow\" style=\"flex-basis:120px\"><div class=\"wp-block-image\">\n<figure class=\"aligncenter size-thumbnail\"><img loading=\"lazy\" decoding=\"async\" width=\"150\" height=\"150\" src=\"https:\/\/eko-sol.com\/wp-content\/uploads\/2025\/06\/icon1-150x150.png\" alt=\"\" class=\"wp-image-1068\" srcset=\"https:\/\/eko-sol.com\/wp-content\/uploads\/2025\/06\/icon1-150x150.png 150w, https:\/\/eko-sol.com\/wp-content\/uploads\/2025\/06\/icon1-300x300.png 300w, https:\/\/eko-sol.com\/wp-content\/uploads\/2025\/06\/icon1.png 591w\" sizes=\"auto, (max-width: 150px) 100vw, 150px\" \/><\/figure><\/div><\/div>\n\n\n\n<div class=\"wp-block-column is-vertically-aligned-center ticss-9db7cbec is-layout-flow wp-block-column-is-layout-flow\" style=\"flex-basis:120px\">\n<p class=\"has-text-align-center ticss-220fba9b\">47 (-2;-5) dB**<\/p>\n<\/div>\n<\/div>\n<\/div>\n<\/div>\n<\/div>\n\n\n\n<div class=\"wp-block-column ticss-b7976dd6 is-layout-flow wp-block-column-is-layout-flow\">\n<div class=\"wp-block-columns is-layout-flex wp-container-core-columns-is-layout-9d6595d7 wp-block-columns-is-layout-flex\">\n<div class=\"wp-block-column is-layout-flow wp-block-column-is-layout-flow\" style=\"flex-basis:250px\">\n<div class=\"wp-block-columns ticss-cc952d16 is-layout-flex wp-container-core-columns-is-layout-9d6595d7 wp-block-columns-is-layout-flex\">\n<div class=\"wp-block-column is-vertically-aligned-center is-layout-flow wp-block-column-is-layout-flow\" style=\"flex-basis:120px\"><div class=\"wp-block-image\">\n<figure class=\"aligncenter size-thumbnail\"><img loading=\"lazy\" decoding=\"async\" width=\"150\" height=\"150\" src=\"https:\/\/eko-sol.com\/wp-content\/uploads\/2025\/06\/icon3-150x150.png\" alt=\"\" class=\"wp-image-1069\" srcset=\"https:\/\/eko-sol.com\/wp-content\/uploads\/2025\/06\/icon3-150x150.png 150w, https:\/\/eko-sol.com\/wp-content\/uploads\/2025\/06\/icon3-300x300.png 300w, https:\/\/eko-sol.com\/wp-content\/uploads\/2025\/06\/icon3.png 591w\" sizes=\"auto, (max-width: 150px) 100vw, 150px\" \/><\/figure><\/div><\/div>\n\n\n\n<div class=\"wp-block-column is-vertically-aligned-center ticss-9db7cbec is-layout-flow wp-block-column-is-layout-flow\" style=\"flex-basis:120px\">\n<p class=\"has-text-align-center ticss-220fba9b\">800-1600 Pa<\/p>\n<\/div>\n<\/div>\n<\/div>\n\n\n\n<div class=\"wp-block-column ticss-f7e38df4 is-layout-flow wp-block-column-is-layout-flow\" style=\"flex-basis:250px\">\n<div class=\"wp-block-columns ticss-6516a044 is-layout-flex wp-container-core-columns-is-layout-9d6595d7 wp-block-columns-is-layout-flex\">\n<div class=\"wp-block-column is-vertically-aligned-center is-layout-flow wp-block-column-is-layout-flow\" style=\"flex-basis:120px\"><div class=\"wp-block-image\">\n<figure class=\"aligncenter size-thumbnail\"><img loading=\"lazy\" decoding=\"async\" width=\"150\" height=\"150\" src=\"https:\/\/eko-sol.com\/wp-content\/uploads\/2025\/06\/icon4-150x150.png\" alt=\"\" class=\"wp-image-1070\" srcset=\"https:\/\/eko-sol.com\/wp-content\/uploads\/2025\/06\/icon4-150x150.png 150w, https:\/\/eko-sol.com\/wp-content\/uploads\/2025\/06\/icon4-300x300.png 300w, https:\/\/eko-sol.com\/wp-content\/uploads\/2025\/06\/icon4.png 591w\" sizes=\"auto, (max-width: 150px) 100vw, 150px\" \/><\/figure><\/div><\/div>\n\n\n\n<div class=\"wp-block-column is-vertically-aligned-center ticss-9db7cbec is-layout-flow wp-block-column-is-layout-flow\" style=\"flex-basis:120px\">\n<p class=\"has-text-align-center ticss-220fba9b\">900 Pa<\/p>\n<\/div>\n<\/div>\n<\/div>\n<\/div>\n<\/div>\n<\/div>\n\n\n\n<div class=\"wp-block-columns has-neve-text-color-color has-text-color has-link-color wp-elements-889bfb06c739bd7d231e78011581168c is-layout-flex wp-container-core-columns-is-layout-9d6595d7 wp-block-columns-is-layout-flex\">\n<div class=\"wp-block-column is-layout-flow wp-block-column-is-layout-flow\">\n<p class=\"has-small-font-size\">* Avec l&rsquo;utilisation d&rsquo;un vitrage 4SI1\/18\/4\/18\/4SI1 avec un Ug de 0,5 W\/m\u00b2K et d&rsquo;un intercalaire avec un psi de 0,03 W\/m\u00b2K.<br>** Avec l&rsquo;utilisation d&rsquo;un vitrage VSG SI66.2\/20\/VSG SI44.2.<\/p>\n<\/div>\n<\/div>\n\n\n\n<p><\/p>\n","protected":false},"excerpt":{"rendered":"<p>SolPREMIUM Syst\u00e8me de menuiserie moderne haut de gamme disponible dans l&rsquo;offre EKOSOL, bas\u00e9 sur le profil\u00e9 de renomm\u00e9e K\u00f6mmerling 88 MD. Con\u00e7u pour la construction moderne, il allie d&rsquo;excellents param\u00e8tres techniques \u00e0 une esth\u00e9tique minimaliste et un standard de finition \u00e9lev\u00e9. Ce syst\u00e8me se distingue par une profondeur d&rsquo;encastrement accrue de 88 mm, ce qui&hellip;&nbsp;<a href=\"https:\/\/eko-sol.com\/fr\/solpremium\/\" rel=\"bookmark\">Lire la suite &raquo;<span class=\"screen-reader-text\">SolPremium<\/span><\/a><\/p>\n","protected":false},"author":3,"featured_media":0,"parent":0,"menu_order":0,"comment_status":"closed","ping_status":"closed","template":"","meta":{"neve_meta_sidebar":"default","neve_meta_container":"default","neve_meta_enable_content_width":"","neve_meta_content_width":70,"neve_meta_title_alignment":"left","neve_meta_author_avatar":"","neve_post_elements_order":"","neve_meta_disable_header":"off","neve_meta_disable_footer":"","neve_meta_disable_title":"on","ngg_post_thumbnail":0,"_themeisle_gutenberg_block_has_review":false,"_locale":"fr_FR","_original_post":"https:\/\/eko-sol.com\/?page_id=1162","footnotes":""},"class_list":["post-1935","page","type-page","status-publish","hentry","fr-FR"],"_links":{"self":[{"href":"https:\/\/eko-sol.com\/wp-json\/wp\/v2\/pages\/1935","targetHints":{"allow":["GET"]}}],"collection":[{"href":"https:\/\/eko-sol.com\/wp-json\/wp\/v2\/pages"}],"about":[{"href":"https:\/\/eko-sol.com\/wp-json\/wp\/v2\/types\/page"}],"author":[{"embeddable":true,"href":"https:\/\/eko-sol.com\/wp-json\/wp\/v2\/users\/3"}],"replies":[{"embeddable":true,"href":"https:\/\/eko-sol.com\/wp-json\/wp\/v2\/comments?post=1935"}],"version-history":[{"count":3,"href":"https:\/\/eko-sol.com\/wp-json\/wp\/v2\/pages\/1935\/revisions"}],"predecessor-version":[{"id":1979,"href":"https:\/\/eko-sol.com\/wp-json\/wp\/v2\/pages\/1935\/revisions\/1979"}],"wp:attachment":[{"href":"https:\/\/eko-sol.com\/wp-json\/wp\/v2\/media?parent=1935"}],"curies":[{"name":"wp","href":"https:\/\/api.w.org\/{rel}","templated":true}]}}