{"id":1874,"date":"2026-02-10T08:37:26","date_gmt":"2026-02-10T07:37:26","guid":{"rendered":"https:\/\/eko-sol.com\/?page_id=1874"},"modified":"2026-03-05T14:00:27","modified_gmt":"2026-03-05T13:00:27","slug":"bcd31-home","status":"publish","type":"page","link":"https:\/\/eko-sol.com\/","title":{"rendered":"Domov"},"content":{"rendered":"\n<div class=\"wp-block-cover alignfull has-parallax\" style=\"min-height:800px;aspect-ratio:unset;\"><div class=\"wp-block-cover__image-background wp-image-965 size-large has-parallax\" style=\"background-position:50% 50%;background-image:url(http:\/\/eko-sol.com\/wp-content\/uploads\/2025\/05\/Aluplast_P_1_Okna-ID-4000-9-wewn_HR-1024x724.jpg)\"><\/div><span aria-hidden=\"true\" class=\"wp-block-cover__background has-background-dim-30 has-background-dim\"><\/span><div class=\"wp-block-cover__inner-container is-layout-flow wp-block-cover-is-layout-flow\">\n<div class=\"wp-block-columns are-vertically-aligned-center is-layout-flex wp-container-core-columns-is-layout-9d6595d7 wp-block-columns-is-layout-flex\">\n<div class=\"wp-block-column is-vertically-aligned-center is-layout-flow wp-block-column-is-layout-flow\" style=\"padding-right:var(--wp--preset--spacing--20);padding-left:var(--wp--preset--spacing--20);flex-basis:65%\">\n<div style=\"height:80px\" aria-hidden=\"true\" class=\"wp-block-spacer\"><\/div>\n\n\n\n<h1 class=\"wp-block-heading has-text-align-left ticss-5c87805d animated fadeIn delay-100ms has-nv-site-bg-color has-text-color has-x-large-font-size\">V\u00e1\u0161 domov. <br>Na\u0161a technol\u00f3gia.<\/h1>\n\n\n\n<p class=\"has-text-align-left ticss-91cf7687 animated fadeIn delay-200ms has-nv-site-bg-color has-text-color\" style=\"font-size:19px\">Pokro\u010dil\u00e9 plastov\u00e9 okn\u00e1 novej gener\u00e1cie, inteligentn\u00e1 izol\u00e1cia, modern\u00fd dizajn a maxim\u00e1lna \u017eivotnos\u0165.<\/p>\n\n\n\n<div class=\"wp-block-buttons is-horizontal is-content-justification-left is-layout-flex wp-container-core-buttons-is-layout-7e5fce0a wp-block-buttons-is-layout-flex\"><\/div>\n\n\n\n<div style=\"height:100px\" aria-hidden=\"true\" class=\"wp-block-spacer\"><\/div>\n<\/div>\n\n\n\n<div class=\"wp-block-column is-vertically-aligned-center is-layout-flow wp-block-column-is-layout-flow\">\n<figure class=\"wp-block-gallery has-nested-images columns-default is-cropped wp-block-gallery-1 is-layout-flex wp-block-gallery-is-layout-flex\"><\/figure>\n<\/div>\n<\/div>\n<\/div><\/div>\n\n\n\n<div class=\"wp-block-cover alignfull\" style=\"padding-top:var(--wp--preset--spacing--80);padding-bottom:var(--wp--preset--spacing--80);min-height:600px;aspect-ratio:unset;\"><span aria-hidden=\"true\" class=\"wp-block-cover__background has-nv-site-bg-background-color has-background-dim-100 has-background-dim\"><\/span><div class=\"wp-block-cover__inner-container is-layout-flow wp-block-cover-is-layout-flow\">\n<div class=\"wp-block-group\"><div class=\"wp-block-group__inner-container is-layout-flow wp-block-group-is-layout-flow\">\n<div class=\"wp-block-columns are-vertically-aligned-center is-layout-flex wp-container-core-columns-is-layout-9d6595d7 wp-block-columns-is-layout-flex\">\n<div class=\"wp-block-column is-vertically-aligned-center is-layout-flow wp-block-column-is-layout-flow\" style=\"padding-right:var(--wp--preset--spacing--30);padding-left:var(--wp--preset--spacing--30);flex-basis:50%\">\n<figure class=\"wp-block-image size-full is-resized has-custom-border is-style-default animated backInLeft delay-100ms\"><img loading=\"lazy\" decoding=\"async\" width=\"2560\" height=\"1922\" src=\"http:\/\/eko-sol.com\/wp-content\/uploads\/2025\/06\/iStock-845869364-scaled.jpg\" alt=\"\" class=\"wp-image-1015\" style=\"border-radius:16px;width:560px;height:auto\" srcset=\"https:\/\/eko-sol.com\/wp-content\/uploads\/2025\/06\/iStock-845869364-scaled.jpg 2560w, https:\/\/eko-sol.com\/wp-content\/uploads\/2025\/06\/iStock-845869364-300x225.jpg 300w, https:\/\/eko-sol.com\/wp-content\/uploads\/2025\/06\/iStock-845869364-1024x769.jpg 1024w, https:\/\/eko-sol.com\/wp-content\/uploads\/2025\/06\/iStock-845869364-768x577.jpg 768w, https:\/\/eko-sol.com\/wp-content\/uploads\/2025\/06\/iStock-845869364-1536x1153.jpg 1536w, https:\/\/eko-sol.com\/wp-content\/uploads\/2025\/06\/iStock-845869364-2048x1538.jpg 2048w\" sizes=\"auto, (max-width: 2560px) 100vw, 2560px\" \/><\/figure>\n<\/div>\n\n\n\n<div class=\"wp-block-column is-vertically-aligned-center animated backInRight delay-200ms is-layout-flow wp-block-column-is-layout-flow\" style=\"padding-right:var(--wp--preset--spacing--30);padding-left:var(--wp--preset--spacing--30);flex-basis:50%\">\n<div style=\"height:20px\" aria-hidden=\"true\" class=\"wp-block-spacer\"><\/div>\n\n\n\n<h2 class=\"wp-block-heading has-text-align-left has-neve-text-color-color has-text-color\">Kto sme?<\/h2>\n\n\n\n<p class=\"has-text-align-left has-neve-text-color-color has-text-color\" style=\"font-size:18px\">Je n\u00e1m pote\u0161en\u00edm predstavi\u0165 V\u00e1m spolo\u010dnos\u0165 EKOSOL \u2013 nov\u00fa zna\u010dku na trhu, ktor\u00fa s v\u00e1\u0161\u0148ou vytvorili \u0161pi\u010dkov\u00ed odborn\u00edci. N\u00e1\u0161 n\u00e1zov odzrkad\u013euje sp\u00f4sob, ak\u00fdm fungujeme.<br><br>Eko znamen\u00e1 starostlivos\u0165 o \u017eivotn\u00e9 prostredie a udr\u017eate\u013en\u00fd rozvoj, Sol symbolizuje slne\u010dn\u00fa energiu a modern\u00e9 technol\u00f3gie bud\u00facnosti.<\/p>\n<\/div>\n<\/div>\n\n\n\n<div class=\"wp-block-columns are-vertically-aligned-center is-layout-flex wp-container-core-columns-is-layout-9d6595d7 wp-block-columns-is-layout-flex\">\n<div class=\"wp-block-column is-vertically-aligned-center animated backInLeft delay-200ms is-layout-flow wp-block-column-is-layout-flow\" style=\"padding-right:var(--wp--preset--spacing--30);padding-left:var(--wp--preset--spacing--30);flex-basis:50%\">\n<div style=\"height:20px\" aria-hidden=\"true\" class=\"wp-block-spacer\"><\/div>\n\n\n\n<h2 class=\"wp-block-heading has-text-align-left has-neve-text-color-color has-text-color\">\u010co rob\u00edme?<\/h2>\n\n\n\n<p class=\"has-text-align-left has-neve-text-color-color has-text-color\" style=\"font-size:18px\">\u0160pecializujeme sa na v\u00fdrobu energeticky \u00fasporn\u00fdch, pas\u00edvnych okien, ktor\u00e9 minimalizuj\u00fa straty energie a podporuj\u00fa ekologick\u00fa v\u00fdstavbu.<\/p>\n\n\n\n<p class=\"has-text-align-left has-neve-text-color-color has-text-color\" style=\"font-size:18px\">V EKOSOL sp\u00e1jame inovat\u00edvne technologick\u00e9 rie\u0161enia so zodpovedn\u00fdm pr\u00edstupom k riadeniu pr\u00edrodn\u00fdch zdrojov.<\/p>\n\n\n\n<p class=\"has-text-align-left has-neve-text-color-color has-text-color\" style=\"font-size:18px\">Na\u0161\u00edm cie\u013eom nie je len dod\u00e1va\u0165 produkty najvy\u0161\u0161ej kvality, ale aj formova\u0165 bud\u00facnos\u0165, v ktorej id\u00fa komfort a technol\u00f3gia ruka v ruke.<\/p>\n<\/div>\n\n\n\n<div class=\"wp-block-column is-vertically-aligned-center is-layout-flow wp-block-column-is-layout-flow\" style=\"padding-right:var(--wp--preset--spacing--30);padding-left:var(--wp--preset--spacing--30);flex-basis:50%\">\n<figure class=\"wp-block-image size-full has-custom-border is-style-default animated backInRight delay-100ms\"><img loading=\"lazy\" decoding=\"async\" width=\"1400\" height=\"990\" src=\"http:\/\/eko-sol.com\/wp-content\/uploads\/2025\/06\/Aluplast_P_1_Okna-Smartslide-06-wewn.jpg\" alt=\"\" class=\"wp-image-1016\" style=\"border-radius:16px\" srcset=\"https:\/\/eko-sol.com\/wp-content\/uploads\/2025\/06\/Aluplast_P_1_Okna-Smartslide-06-wewn.jpg 1400w, https:\/\/eko-sol.com\/wp-content\/uploads\/2025\/06\/Aluplast_P_1_Okna-Smartslide-06-wewn-300x212.jpg 300w, https:\/\/eko-sol.com\/wp-content\/uploads\/2025\/06\/Aluplast_P_1_Okna-Smartslide-06-wewn-1024x724.jpg 1024w, https:\/\/eko-sol.com\/wp-content\/uploads\/2025\/06\/Aluplast_P_1_Okna-Smartslide-06-wewn-768x543.jpg 768w\" sizes=\"auto, (max-width: 1400px) 100vw, 1400px\" \/><\/figure>\n<\/div>\n<\/div>\n<\/div><\/div>\n<\/div><\/div>\n\n\n\n<p><\/p>\n","protected":false},"excerpt":{"rendered":"","protected":false},"author":3,"featured_media":0,"parent":0,"menu_order":0,"comment_status":"closed","ping_status":"closed","template":"","meta":{"neve_meta_sidebar":"default","neve_meta_container":"default","neve_meta_enable_content_width":"on","neve_meta_content_width":100,"neve_meta_title_alignment":"","neve_meta_author_avatar":"","neve_post_elements_order":"","neve_meta_disable_header":"","neve_meta_disable_footer":"","neve_meta_disable_title":"on","ngg_post_thumbnail":0,"_themeisle_gutenberg_block_has_review":false,"_locale":"sk_SK","_original_post":"https:\/\/demosites.io\/marketing-agency-gb\/?page_id=5","footnotes":""},"class_list":["post-1874","page","type-page","status-publish","hentry","sk-SK"],"_links":{"self":[{"href":"https:\/\/eko-sol.com\/wp-json\/wp\/v2\/pages\/1874","targetHints":{"allow":["GET"]}}],"collection":[{"href":"https:\/\/eko-sol.com\/wp-json\/wp\/v2\/pages"}],"about":[{"href":"https:\/\/eko-sol.com\/wp-json\/wp\/v2\/types\/page"}],"author":[{"embeddable":true,"href":"https:\/\/eko-sol.com\/wp-json\/wp\/v2\/users\/3"}],"replies":[{"embeddable":true,"href":"https:\/\/eko-sol.com\/wp-json\/wp\/v2\/comments?post=1874"}],"version-history":[{"count":4,"href":"https:\/\/eko-sol.com\/wp-json\/wp\/v2\/pages\/1874\/revisions"}],"predecessor-version":[{"id":1938,"href":"https:\/\/eko-sol.com\/wp-json\/wp\/v2\/pages\/1874\/revisions\/1938"}],"wp:attachment":[{"href":"https:\/\/eko-sol.com\/wp-json\/wp\/v2\/media?parent=1874"}],"curies":[{"name":"wp","href":"https:\/\/api.w.org\/{rel}","templated":true}]}}