{"id":1883,"date":"2026-02-10T09:09:47","date_gmt":"2026-02-10T08:09:47","guid":{"rendered":"https:\/\/eko-sol.com\/?page_id=1883"},"modified":"2026-02-10T09:12:04","modified_gmt":"2026-02-10T08:12:04","slug":"o-nas","status":"publish","type":"page","link":"https:\/\/eko-sol.com\/sk\/o-nas\/","title":{"rendered":"O n\u00e1s"},"content":{"rendered":"\n\n\n<div style=\"height:100px\" aria-hidden=\"true\" class=\"wp-block-spacer\"><\/div>\n\n\n\n<div class=\"wp-block-columns has-text-color has-link-color wp-elements-e55ec65472f80bf78bc4c8ba99e6ccb9 is-layout-flex wp-container-core-columns-is-layout-9d6595d7 wp-block-columns-is-layout-flex\" style=\"color:#7a7b7d\">\n<div class=\"wp-block-column is-layout-flow wp-block-column-is-layout-flow\" style=\"flex-basis:33.33%\">\n<figure class=\"wp-block-image size-full\"><img loading=\"lazy\" decoding=\"async\" width=\"500\" height=\"500\" src=\"http:\/\/eko-sol.com\/wp-content\/uploads\/2025\/06\/HST85mm_aluskin_Fixframe_Layer.png\" alt=\"\" class=\"wp-image-1021\" srcset=\"https:\/\/eko-sol.com\/wp-content\/uploads\/2025\/06\/HST85mm_aluskin_Fixframe_Layer.png 500w, https:\/\/eko-sol.com\/wp-content\/uploads\/2025\/06\/HST85mm_aluskin_Fixframe_Layer-300x300.png 300w, https:\/\/eko-sol.com\/wp-content\/uploads\/2025\/06\/HST85mm_aluskin_Fixframe_Layer-150x150.png 150w\" sizes=\"auto, (max-width: 500px) 100vw, 500px\" \/><\/figure>\n<\/div>\n\n\n\n<div class=\"wp-block-column has-neve-text-color-color has-text-color has-link-color wp-elements-f06f6f3a9f1dd331a2b8fb8e1efc9988 is-layout-flow wp-block-column-is-layout-flow\" style=\"flex-basis:66.66%\">\n<h2 class=\"wp-block-heading\">Nov\u00e1 kvalita v okennom priemysle<\/h2>\n\n\n\n<p class=\"has-text-align-left\">EKOSOL je nov\u00e1 zna\u010dka vo svete plastov\u00fdch okien, vybudovan\u00e1 na pevn\u00fdch z\u00e1kladoch vedomost\u00ed a sk\u00fasenost\u00ed.<\/p>\n\n\n\n<p>N\u00e1\u0161 t\u00edm tvoria \u0161pecialisti, ktor\u00ed dlh\u00e9 roky z\u00edskavali prax v renomovan\u00fdch spolo\u010dnostiach a dnes spolo\u010dne buduj\u00fa zna\u010dku, ktorej cie\u013eom je vytv\u00e1ra\u0165 trv\u00e1cne, energeticky \u00fasporn\u00e9 a estetick\u00e9 rie\u0161enia pre domy a firmy.<\/p>\n\n\n\n<p>Staviame na overen\u00fdch technol\u00f3gi\u00e1ch, ale nikdy neprest\u00e1vame h\u013eada\u0165 lep\u0161ie \u2013 preto\u017ee okn\u00e1 s\u00fa nie\u010do viac ne\u017e len r\u00e1my a skl\u00e1.<\/p>\n\n\n\n<p class=\"has-text-align-left\">Je to kvalita \u017eivota.<\/p>\n<\/div>\n<\/div>\n\n\n\n<div style=\"height:20px\" aria-hidden=\"true\" class=\"wp-block-spacer\"><\/div>\n\n\n\n<div style=\"display: flex; justify-content: center; width: 100%;\">\n<iframe loading=\"lazy\" src=\"https:\/\/www.facebook.com\/plugins\/video.php?href=https%3A%2F%2Fwww.facebook.com%2FOknaEkosol%2Fvideos%2F1364324922018572%2F&#038;width=700&#038;show_text=false&#038;height=394&#038;appId\" width=\"700\" height=\"394\" style=\"border:none;overflow:hidden\" scrolling=\"no\" frameborder=\"0\" allowfullscreen=\"true\" allow=\"autoplay; clipboard-write; encrypted-media; picture-in-picture; web-share\" allowFullScreen=\"true\"><\/iframe>\n<\/div>\n\n\n\n<div style=\"height:50px\" aria-hidden=\"true\" class=\"wp-block-spacer\"><\/div>\n\n\n\n<p><\/p>\n","protected":false},"excerpt":{"rendered":"<p>Nov\u00e1 kvalita v okennom priemysle EKOSOL je nov\u00e1 zna\u010dka vo svete plastov\u00fdch okien, vybudovan\u00e1 na pevn\u00fdch z\u00e1kladoch vedomost\u00ed a sk\u00fasenost\u00ed. N\u00e1\u0161 t\u00edm tvoria \u0161pecialisti, ktor\u00ed dlh\u00e9 roky z\u00edskavali prax v renomovan\u00fdch spolo\u010dnostiach a dnes spolo\u010dne buduj\u00fa zna\u010dku, ktorej cie\u013eom je vytv\u00e1ra\u0165 trv\u00e1cne, energeticky \u00fasporn\u00e9 a estetick\u00e9 rie\u0161enia pre domy a firmy. Staviame na overen\u00fdch technol\u00f3gi\u00e1ch,&hellip;&nbsp;<a href=\"https:\/\/eko-sol.com\/sk\/o-nas\/\" rel=\"bookmark\">\u010c\u00edta\u0165 viac &raquo;<span class=\"screen-reader-text\">O n\u00e1s<\/span><\/a><\/p>\n","protected":false},"author":3,"featured_media":0,"parent":0,"menu_order":0,"comment_status":"closed","ping_status":"closed","template":"","meta":{"neve_meta_sidebar":"","neve_meta_container":"","neve_meta_enable_content_width":"","neve_meta_content_width":0,"neve_meta_title_alignment":"","neve_meta_author_avatar":"","neve_post_elements_order":"","neve_meta_disable_header":"","neve_meta_disable_footer":"","neve_meta_disable_title":"","ngg_post_thumbnail":0,"_themeisle_gutenberg_block_has_review":false,"_locale":"sk_SK","_original_post":"https:\/\/eko-sol.com\/?page_id=969","footnotes":""},"class_list":["post-1883","page","type-page","status-publish","hentry","sk-SK"],"_links":{"self":[{"href":"https:\/\/eko-sol.com\/wp-json\/wp\/v2\/pages\/1883","targetHints":{"allow":["GET"]}}],"collection":[{"href":"https:\/\/eko-sol.com\/wp-json\/wp\/v2\/pages"}],"about":[{"href":"https:\/\/eko-sol.com\/wp-json\/wp\/v2\/types\/page"}],"author":[{"embeddable":true,"href":"https:\/\/eko-sol.com\/wp-json\/wp\/v2\/users\/3"}],"replies":[{"embeddable":true,"href":"https:\/\/eko-sol.com\/wp-json\/wp\/v2\/comments?post=1883"}],"version-history":[{"count":2,"href":"https:\/\/eko-sol.com\/wp-json\/wp\/v2\/pages\/1883\/revisions"}],"predecessor-version":[{"id":1886,"href":"https:\/\/eko-sol.com\/wp-json\/wp\/v2\/pages\/1883\/revisions\/1886"}],"wp:attachment":[{"href":"https:\/\/eko-sol.com\/wp-json\/wp\/v2\/media?parent=1883"}],"curies":[{"name":"wp","href":"https:\/\/api.w.org\/{rel}","templated":true}]}}