{"id":1887,"date":"2026-02-10T09:17:26","date_gmt":"2026-02-10T08:17:26","guid":{"rendered":"https:\/\/eko-sol.com\/?page_id=1887"},"modified":"2026-03-26T08:55:36","modified_gmt":"2026-03-26T07:55:36","slug":"solbasic","status":"publish","type":"page","link":"https:\/\/eko-sol.com\/sk\/solbasic\/","title":{"rendered":"SolBasic"},"content":{"rendered":"\n<div class=\"wp-block-columns is-layout-flex wp-container-core-columns-is-layout-9d6595d7 wp-block-columns-is-layout-flex\">\n<div class=\"wp-block-column is-vertically-aligned-center ticss-8a32e610 is-layout-flow wp-block-column-is-layout-flow\" style=\"padding-top:var(--wp--preset--spacing--80);padding-bottom:var(--wp--preset--spacing--70)\">\n<div class=\"product-header\"><span class=\"product-name-part1\">Sol<\/span>BASIC<\/div>\n<\/div>\n<\/div>\n\n\n\n<div class=\"wp-block-columns are-vertically-aligned-center has-neve-text-color-color has-text-color has-link-color wp-elements-41fdc3116e77bad84f9dbacc7ba328f9 is-layout-flex wp-container-core-columns-is-layout-9d6595d7 wp-block-columns-is-layout-flex\">\n<div class=\"wp-block-column is-vertically-aligned-center ticss-1e697453 is-layout-flow wp-block-column-is-layout-flow\">\n<p>Syst\u00e9m vytvoren\u00fd na z\u00e1klade profilov skupiny Aluplast. Syst\u00e9m IDEAL 4000, ktor\u00fd u\u017e roky oce\u0148uj\u00fa pou\u017e\u00edvatelia aj odborn\u00edci, predstavuje trv\u00e1cne, estetick\u00e9 a neust\u00e1le zdokona\u013eovan\u00e9 rie\u0161enie, ktor\u00e9 sa skvele hod\u00ed na renov\u00e1ciu a moderniz\u00e1ciu budov. V\u010faka svojej univerz\u00e1lnosti a spo\u013eahlivosti zost\u00e1va vynikaj\u00facou vo\u013ebou v\u0161ade tam, kde sa nevy\u017eaduj\u00fa najpr\u00edsnej\u0161ie izola\u010dn\u00e9 parametre. Ide\u00e1lne spojenie kvality a dostupnej ceny.<\/p>\n<\/div>\n\n\n\n<div class=\"wp-block-column is-vertically-aligned-center is-layout-flow wp-block-column-is-layout-flow\">\n<figure class=\"wp-block-image size-large has-custom-border\"><img loading=\"lazy\" decoding=\"async\" width=\"1024\" height=\"724\" src=\"http:\/\/eko-sol.com\/wp-content\/uploads\/2025\/06\/Aluplast_P_1_Okna-ID-4000-9-wewn_HR-Niestandardowe-1024x724.jpg\" alt=\"\" class=\"wp-image-1185\" style=\"border-radius:16px\" srcset=\"https:\/\/eko-sol.com\/wp-content\/uploads\/2025\/06\/Aluplast_P_1_Okna-ID-4000-9-wewn_HR-Niestandardowe-1024x724.jpg 1024w, https:\/\/eko-sol.com\/wp-content\/uploads\/2025\/06\/Aluplast_P_1_Okna-ID-4000-9-wewn_HR-Niestandardowe-300x212.jpg 300w, https:\/\/eko-sol.com\/wp-content\/uploads\/2025\/06\/Aluplast_P_1_Okna-ID-4000-9-wewn_HR-Niestandardowe-768x543.jpg 768w, https:\/\/eko-sol.com\/wp-content\/uploads\/2025\/06\/Aluplast_P_1_Okna-ID-4000-9-wewn_HR-Niestandardowe.jpg 1415w\" sizes=\"auto, (max-width: 1024px) 100vw, 1024px\" \/><\/figure>\n<\/div>\n<\/div>\n\n\n\n<div class=\"wp-block-columns has-neve-text-color-color has-text-color has-link-color wp-elements-f578f18bfb454fadc7985e94944961f8 is-layout-flex wp-container-core-columns-is-layout-9d6595d7 wp-block-columns-is-layout-flex\">\n<div class=\"wp-block-column is-vertically-aligned-center is-layout-flow wp-block-column-is-layout-flow\"><div class=\"wp-block-image\">\n<figure class=\"aligncenter size-full is-resized\"><img loading=\"lazy\" decoding=\"async\" width=\"300\" height=\"600\" src=\"https:\/\/eko-sol.com\/wp-content\/uploads\/2025\/06\/140x01_140x20MF_MIN.png\" alt=\"\" class=\"wp-image-1086\" style=\"width:267px;height:auto\" srcset=\"https:\/\/eko-sol.com\/wp-content\/uploads\/2025\/06\/140x01_140x20MF_MIN.png 300w, https:\/\/eko-sol.com\/wp-content\/uploads\/2025\/06\/140x01_140x20MF_MIN-150x300.png 150w\" sizes=\"auto, (max-width: 300px) 100vw, 300px\" \/><\/figure><\/div><\/div>\n\n\n\n<div class=\"wp-block-column is-vertically-aligned-center ticss-ca5cd857 is-layout-flow wp-block-column-is-layout-flow\">\n<ul class=\"wp-block-list\">\n<li>5-komorov\u00fd profil r\u00e1mu a kr\u00eddla so stavebnou h\u013abkou 70 mm<\/li>\n\n\n\n<li>Syst\u00e9m kr\u00eddla dostupn\u00fd vo variantoch Softline \u2013 rovn\u00e9 kr\u00eddlo, a Round Line \u2013 zaoblen\u00e9 kr\u00eddlo<\/li>\n\n\n\n<li>Bonding Inside \u2013 autorsk\u00fd projekt, ktor\u00e9ho cie\u013eom je obvodov\u00e9 vlepovanie izola\u010dn\u00e9ho skla. V\u010faka tomuto postupu je mo\u017en\u00e9 vyr\u00e1ba\u0165 v\u00fdrazne v\u00e4\u010d\u0161ie kon\u0161trukcie a potreba nastavovania je zn\u00ed\u017een\u00e1 na minimum<\/li>\n\n\n\n<li>Aluskin System \u2013 mo\u017enos\u0165 pou\u017eitia vonkaj\u0161ieho hlin\u00edkov\u00e9ho opl\u00e1\u0161tenia (volite\u013en\u00e9)<\/li>\n<\/ul>\n<\/div>\n<\/div>\n\n\n\n<div class=\"wp-block-columns is-not-stacked-on-mobile ticss-573b5891 has-neve-text-color-color has-text-color has-link-color wp-elements-56bfd7d9a1eecf474ff8015ab315ffe8 is-layout-flex wp-container-core-columns-is-layout-9d6595d7 wp-block-columns-is-layout-flex\">\n<div class=\"wp-block-column is-vertically-aligned-top is-layout-flow wp-block-column-is-layout-flow\">\n<div class=\"wp-block-columns is-layout-flex wp-container-core-columns-is-layout-9d6595d7 wp-block-columns-is-layout-flex\">\n<div class=\"wp-block-column is-layout-flow wp-block-column-is-layout-flow\" style=\"flex-basis:250px\">\n<div class=\"wp-block-columns is-layout-flex wp-container-core-columns-is-layout-9d6595d7 wp-block-columns-is-layout-flex\">\n<div class=\"wp-block-column is-vertically-aligned-center is-layout-flow wp-block-column-is-layout-flow\" style=\"flex-basis:120px\"><div class=\"wp-block-image\">\n<figure class=\"aligncenter size-thumbnail\"><img loading=\"lazy\" decoding=\"async\" width=\"150\" height=\"150\" src=\"https:\/\/eko-sol.com\/wp-content\/uploads\/2025\/06\/icon2-150x150.png\" alt=\"\" class=\"wp-image-1067\" srcset=\"https:\/\/eko-sol.com\/wp-content\/uploads\/2025\/06\/icon2-150x150.png 150w, https:\/\/eko-sol.com\/wp-content\/uploads\/2025\/06\/icon2-300x300.png 300w, https:\/\/eko-sol.com\/wp-content\/uploads\/2025\/06\/icon2.png 592w\" sizes=\"auto, (max-width: 150px) 100vw, 150px\" \/><\/figure><\/div><\/div>\n\n\n\n<div class=\"wp-block-column is-vertically-aligned-center ticss-9db7cbec is-layout-flow wp-block-column-is-layout-flow\" style=\"flex-basis:120px\">\n<p class=\"has-text-align-center ticss-220fba9b\">0,92 W\/m2K*<\/p>\n<\/div>\n<\/div>\n<\/div>\n\n\n\n<div class=\"wp-block-column is-vertically-aligned-center is-layout-flow wp-block-column-is-layout-flow\" style=\"flex-basis:250px\">\n<div class=\"wp-block-columns is-layout-flex wp-container-core-columns-is-layout-9d6595d7 wp-block-columns-is-layout-flex\">\n<div class=\"wp-block-column is-vertically-aligned-center is-layout-flow wp-block-column-is-layout-flow\" style=\"flex-basis:120px\"><div class=\"wp-block-image\">\n<figure class=\"aligncenter size-thumbnail\"><img loading=\"lazy\" decoding=\"async\" width=\"150\" height=\"150\" src=\"https:\/\/eko-sol.com\/wp-content\/uploads\/2025\/06\/icon1-150x150.png\" alt=\"\" class=\"wp-image-1068\" srcset=\"https:\/\/eko-sol.com\/wp-content\/uploads\/2025\/06\/icon1-150x150.png 150w, https:\/\/eko-sol.com\/wp-content\/uploads\/2025\/06\/icon1-300x300.png 300w, https:\/\/eko-sol.com\/wp-content\/uploads\/2025\/06\/icon1.png 591w\" sizes=\"auto, (max-width: 150px) 100vw, 150px\" \/><\/figure><\/div><\/div>\n\n\n\n<div class=\"wp-block-column is-vertically-aligned-center ticss-9db7cbec is-layout-flow wp-block-column-is-layout-flow\" style=\"flex-basis:120px\">\n<p class=\"has-text-align-center ticss-220fba9b\">43 (-1;-2) dB**<\/p>\n<\/div>\n<\/div>\n<\/div>\n<\/div>\n<\/div>\n\n\n\n<div class=\"wp-block-column is-layout-flow wp-block-column-is-layout-flow\">\n<div class=\"wp-block-columns is-layout-flex wp-container-core-columns-is-layout-9d6595d7 wp-block-columns-is-layout-flex\">\n<div class=\"wp-block-column is-layout-flow wp-block-column-is-layout-flow\" style=\"flex-basis:250px\">\n<div class=\"wp-block-columns is-layout-flex wp-container-core-columns-is-layout-9d6595d7 wp-block-columns-is-layout-flex\">\n<div class=\"wp-block-column is-vertically-aligned-center is-layout-flow wp-block-column-is-layout-flow\" style=\"flex-basis:120px\"><div class=\"wp-block-image\">\n<figure class=\"aligncenter size-thumbnail\"><img loading=\"lazy\" decoding=\"async\" width=\"150\" height=\"150\" src=\"https:\/\/eko-sol.com\/wp-content\/uploads\/2025\/06\/icon3-150x150.png\" alt=\"\" class=\"wp-image-1069\" srcset=\"https:\/\/eko-sol.com\/wp-content\/uploads\/2025\/06\/icon3-150x150.png 150w, https:\/\/eko-sol.com\/wp-content\/uploads\/2025\/06\/icon3-300x300.png 300w, https:\/\/eko-sol.com\/wp-content\/uploads\/2025\/06\/icon3.png 591w\" sizes=\"auto, (max-width: 150px) 100vw, 150px\" \/><\/figure><\/div><\/div>\n\n\n\n<div class=\"wp-block-column is-vertically-aligned-center ticss-9db7cbec is-layout-flow wp-block-column-is-layout-flow\" style=\"flex-basis:120px\">\n<p class=\"has-text-align-center ticss-220fba9b\">800-1600 Pa<\/p>\n<\/div>\n<\/div>\n<\/div>\n\n\n\n<div class=\"wp-block-column is-layout-flow wp-block-column-is-layout-flow\" style=\"flex-basis:250px\">\n<div class=\"wp-block-columns is-layout-flex wp-container-core-columns-is-layout-9d6595d7 wp-block-columns-is-layout-flex\">\n<div class=\"wp-block-column is-vertically-aligned-center is-layout-flow wp-block-column-is-layout-flow\" style=\"flex-basis:120px\"><div class=\"wp-block-image\">\n<figure class=\"aligncenter size-thumbnail\"><img loading=\"lazy\" decoding=\"async\" width=\"150\" height=\"150\" src=\"https:\/\/eko-sol.com\/wp-content\/uploads\/2025\/06\/icon4-150x150.png\" alt=\"\" class=\"wp-image-1070\" srcset=\"https:\/\/eko-sol.com\/wp-content\/uploads\/2025\/06\/icon4-150x150.png 150w, https:\/\/eko-sol.com\/wp-content\/uploads\/2025\/06\/icon4-300x300.png 300w, https:\/\/eko-sol.com\/wp-content\/uploads\/2025\/06\/icon4.png 591w\" sizes=\"auto, (max-width: 150px) 100vw, 150px\" \/><\/figure><\/div><\/div>\n\n\n\n<div class=\"wp-block-column is-vertically-aligned-center ticss-9db7cbec is-layout-flow wp-block-column-is-layout-flow\" style=\"flex-basis:120px\">\n<p class=\"has-text-align-center ticss-220fba9b\">900 Pa<\/p>\n<\/div>\n<\/div>\n<\/div>\n<\/div>\n<\/div>\n<\/div>\n\n\n\n<div class=\"wp-block-columns has-text-color has-link-color wp-elements-050b5f5b26ec63541293f7c6e9e1de54 is-layout-flex wp-container-core-columns-is-layout-9d6595d7 wp-block-columns-is-layout-flex\" style=\"color:#7a7b7d\">\n<div class=\"wp-block-column has-neve-text-color-color has-text-color has-link-color wp-elements-4c6ecd670d41c4202bb3ebeeac378ea5 is-layout-flow wp-block-column-is-layout-flow\">\n<p class=\"has-small-font-size\">* Pri pou\u017eit\u00ed zasklenia 4SI1\/14\/4\/14\/4SI1 s Ug = 0,6 W\/m\u00b2K a di\u0161tan\u010dn\u00e9ho r\u00e1mika s psi = 0,03 W\/m\u00b2K<br>** Pri pou\u017eit\u00ed zasklenia 9VSGSi\/16\/10<br>V\u0161etky \u00fadaje s\u00fa uveden\u00e9 pre normat\u00edvne okno, t. j. jednokr\u00eddlov\u00e9 okno s rozmermi 1230 mm x 1480 mm.<\/p>\n<\/div>\n<\/div>\n\n\n\n<h2 class=\"wp-block-heading has-neve-text-color-color has-text-color has-link-color wp-elements-fb59a4591328a95e49a57f1d7b797b1c\"><strong>Konfigur\u00e1tor farieb okien<\/strong><\/h2>\n\n\n\n<iframe id=\"frame\" src=\"https:\/\/konfigurator.aluplast.net\/clients\/polska\/\" style=\"width: 100%; min-height: 600px;\" frameborder=\"0\"><\/iframe>\n","protected":false},"excerpt":{"rendered":"<p>SolBASIC Syst\u00e9m vytvoren\u00fd na z\u00e1klade profilov skupiny Aluplast. Syst\u00e9m IDEAL 4000, ktor\u00fd u\u017e roky oce\u0148uj\u00fa pou\u017e\u00edvatelia aj odborn\u00edci, predstavuje trv\u00e1cne, estetick\u00e9 a neust\u00e1le zdokona\u013eovan\u00e9 rie\u0161enie, ktor\u00e9 sa skvele hod\u00ed na renov\u00e1ciu a moderniz\u00e1ciu budov. V\u010faka svojej univerz\u00e1lnosti a spo\u013eahlivosti zost\u00e1va vynikaj\u00facou vo\u013ebou v\u0161ade tam, kde sa nevy\u017eaduj\u00fa najpr\u00edsnej\u0161ie izola\u010dn\u00e9 parametre. Ide\u00e1lne spojenie kvality a dostupnej&hellip;&nbsp;<a href=\"https:\/\/eko-sol.com\/sk\/solbasic\/\" rel=\"bookmark\">\u010c\u00edta\u0165 viac &raquo;<span class=\"screen-reader-text\">SolBasic<\/span><\/a><\/p>\n","protected":false},"author":3,"featured_media":0,"parent":0,"menu_order":0,"comment_status":"closed","ping_status":"closed","template":"","meta":{"neve_meta_sidebar":"default","neve_meta_container":"default","neve_meta_enable_content_width":"","neve_meta_content_width":70,"neve_meta_title_alignment":"left","neve_meta_author_avatar":"","neve_post_elements_order":"","neve_meta_disable_header":"off","neve_meta_disable_footer":"","neve_meta_disable_title":"on","ngg_post_thumbnail":0,"_themeisle_gutenberg_block_has_review":false,"_locale":"sk_SK","_original_post":"https:\/\/eko-sol.com\/?page_id=1064","footnotes":""},"class_list":["post-1887","page","type-page","status-publish","hentry","sk-SK"],"_links":{"self":[{"href":"https:\/\/eko-sol.com\/wp-json\/wp\/v2\/pages\/1887","targetHints":{"allow":["GET"]}}],"collection":[{"href":"https:\/\/eko-sol.com\/wp-json\/wp\/v2\/pages"}],"about":[{"href":"https:\/\/eko-sol.com\/wp-json\/wp\/v2\/types\/page"}],"author":[{"embeddable":true,"href":"https:\/\/eko-sol.com\/wp-json\/wp\/v2\/users\/3"}],"replies":[{"embeddable":true,"href":"https:\/\/eko-sol.com\/wp-json\/wp\/v2\/comments?post=1887"}],"version-history":[{"count":5,"href":"https:\/\/eko-sol.com\/wp-json\/wp\/v2\/pages\/1887\/revisions"}],"predecessor-version":[{"id":1992,"href":"https:\/\/eko-sol.com\/wp-json\/wp\/v2\/pages\/1887\/revisions\/1992"}],"wp:attachment":[{"href":"https:\/\/eko-sol.com\/wp-json\/wp\/v2\/media?parent=1887"}],"curies":[{"name":"wp","href":"https:\/\/api.w.org\/{rel}","templated":true}]}}