{"id":1899,"date":"2026-02-10T11:15:40","date_gmt":"2026-02-10T10:15:40","guid":{"rendered":"https:\/\/eko-sol.com\/?page_id=1899"},"modified":"2026-03-26T08:55:46","modified_gmt":"2026-03-26T07:55:46","slug":"solstandard-2","status":"publish","type":"page","link":"https:\/\/eko-sol.com\/sk\/solstandard-2\/","title":{"rendered":"SolStandard+"},"content":{"rendered":"\n<div class=\"wp-block-columns is-layout-flex wp-container-core-columns-is-layout-9d6595d7 wp-block-columns-is-layout-flex\">\n<div class=\"wp-block-column is-vertically-aligned-center ticss-8a32e610 is-layout-flow wp-block-column-is-layout-flow\" style=\"padding-top:var(--wp--preset--spacing--80);padding-bottom:var(--wp--preset--spacing--70)\">\n<div class=\"product-header\"><span class=\"product-name-part1\">Sol<\/span>STANDARD+<\/div>\n<\/div>\n<\/div>\n\n\n\n<div class=\"wp-block-columns are-vertically-aligned-center has-neve-text-color-color has-text-color has-link-color wp-elements-35393c6143aed3c8af6a212eccc93a71 is-layout-flex wp-container-core-columns-is-layout-9d6595d7 wp-block-columns-is-layout-flex\">\n<div class=\"wp-block-column is-vertically-aligned-center ticss-13131f4b is-layout-flow wp-block-column-is-layout-flow\">\n<p>Technologicky vyspel\u00fd okenn\u00fd syst\u00e9m pr\u00e9miovej triedy dostupn\u00fd v ponuke EKOSOL. Tento syst\u00e9m, zalo\u017een\u00fd na <strong>energeticky<\/strong> \u00fasporn\u00fdch rie\u0161eniach, je odpove\u010fou na potreby modern\u00e9ho stavebn\u00edctva, kde sa kladie d\u00f4raz na formu aj funk\u010dnos\u0165.<\/p>\n\n\n\n<p>Charakteristick\u00e9 <strong>kubistick\u00e9 tvary<\/strong> a <strong>\u0161peci\u00e1lne l\u00edcovan\u00e9 kr\u00eddlo<\/strong> dod\u00e1vaj\u00fa okn\u00e1m minimalistick\u00fd, elegantn\u00fd vzh\u013ead, ktor\u00fd dokonale lad\u00ed s jednoduchou a geometrickou architekt\u00farou modern\u00fdch budov. V kombin\u00e1cii s inovat\u00edvnymi <strong>f\u00f3liami Aludec<\/strong>, ktor\u00e9 zvonku takmer dokonale imituj\u00fa vzh\u013ead hlin\u00edka, sa syst\u00e9m <strong>SOLSTANDARD+<\/strong> st\u00e1va ide\u00e1lnou vo\u013ebou pre investorov, ktor\u00ed oce\u0148uj\u00fa modern\u00fd \u0161t\u00fdl vo verzii \u201esoft-industrial\u201c.<\/p>\n\n\n\n<p>Syst\u00e9m je zalo\u017een\u00fd na <strong>inovat\u00edvnej kon\u0161trukcii bez oce\u013eov\u00fdch v\u00fdstuh<\/strong>, \u010do sa premieta do lep\u0161ej tepelnej izol\u00e1cie a men\u0161ej uhl\u00edkovej stopy. <strong>V\u010faka pou\u017eitiu technol\u00f3gi\u00ed Bonding Inside (vlepovanie skiel)<\/strong> a <strong>Powerdur Inside (termoplastick\u00e9 v\u00fdstuhy)<\/strong> dosahuj\u00fa okn\u00e1 v syst\u00e9me SOLSTANDARD+ <strong>vynikaj\u00face izola\u010dn\u00e9 parametre<\/strong>, \u010d\u00edm sp\u013a\u0148aj\u00fa po\u017eiadavky na pas\u00edvnu a energeticky \u00fasporn\u00fa v\u00fdstavbu.<\/p>\n\n\n\n<p>Navrhnut\u00fd s oh\u013eadom na bud\u00facnos\u0165 \u2013 <strong>SOLSTANDARD+<\/strong> je spojen\u00edm <strong>dizajnu, technol\u00f3gi\u00ed a udr\u017eate\u013en\u00e9ho rozvoja<\/strong>, a to v\u0161etko v jednom modernom okennom syst\u00e9me.<\/p>\n<\/div>\n\n\n\n<div class=\"wp-block-column is-vertically-aligned-center is-layout-flow wp-block-column-is-layout-flow\"><div class=\"wp-block-image\">\n<figure class=\"aligncenter size-large has-custom-border\"><img loading=\"lazy\" decoding=\"async\" width=\"1024\" height=\"717\" src=\"https:\/\/eko-sol.com\/wp-content\/uploads\/2025\/06\/40129_aluplast_energeto_XL_presse-Niestandardowe-1024x717.jpg\" alt=\"\" class=\"wp-image-1216\" style=\"border-radius:16px\" srcset=\"https:\/\/eko-sol.com\/wp-content\/uploads\/2025\/06\/40129_aluplast_energeto_XL_presse-Niestandardowe-1024x717.jpg 1024w, https:\/\/eko-sol.com\/wp-content\/uploads\/2025\/06\/40129_aluplast_energeto_XL_presse-Niestandardowe-300x210.jpg 300w, https:\/\/eko-sol.com\/wp-content\/uploads\/2025\/06\/40129_aluplast_energeto_XL_presse-Niestandardowe-768x537.jpg 768w, https:\/\/eko-sol.com\/wp-content\/uploads\/2025\/06\/40129_aluplast_energeto_XL_presse-Niestandardowe.jpg 1429w\" sizes=\"auto, (max-width: 1024px) 100vw, 1024px\" \/><\/figure><\/div><\/div>\n<\/div>\n\n\n\n<div class=\"wp-block-columns has-neve-text-color-color has-text-color has-link-color wp-elements-cd4d19fc90e890a56a0482c3c071e303 is-layout-flex wp-container-core-columns-is-layout-9d6595d7 wp-block-columns-is-layout-flex\">\n<div class=\"wp-block-column is-vertically-aligned-center is-layout-flow wp-block-column-is-layout-flow\"><div class=\"wp-block-image\">\n<figure class=\"aligncenter size-full is-resized\"><img loading=\"lazy\" decoding=\"async\" width=\"300\" height=\"600\" src=\"https:\/\/eko-sol.com\/wp-content\/uploads\/2025\/06\/energeto-neo_060405_060427_fb_3fach_Vergl_GL150665_bonding_ap12_MIN.png\" alt=\"\" class=\"wp-image-1160\" style=\"width:267px;height:auto\" srcset=\"https:\/\/eko-sol.com\/wp-content\/uploads\/2025\/06\/energeto-neo_060405_060427_fb_3fach_Vergl_GL150665_bonding_ap12_MIN.png 300w, https:\/\/eko-sol.com\/wp-content\/uploads\/2025\/06\/energeto-neo_060405_060427_fb_3fach_Vergl_GL150665_bonding_ap12_MIN-150x300.png 150w\" sizes=\"auto, (max-width: 300px) 100vw, 300px\" \/><\/figure><\/div><\/div>\n\n\n\n<div class=\"wp-block-column is-vertically-aligned-center ticss-ca5cd857 is-layout-flow wp-block-column-is-layout-flow\">\n<ul class=\"wp-block-list\">\n<li>6-komorov\u00fd profil r\u00e1mu a kr\u00eddla so stavebnou h\u013abkou 76 mm<\/li>\n\n\n\n<li>Syst\u00e9m profilov MD so stredov\u00fdm tesnen\u00edm<\/li>\n\n\n\n<li>Syst\u00e9m kr\u00eddla dostupn\u00fd vo variante Flatline \u2013 vonkaj\u0161ia hrana kr\u00eddla v jednej rovine s r\u00e1mom (l\u00edcovan\u00e9 kr\u00eddlo)<\/li>\n\n\n\n<li>Powerdur Inside \u2013 inovat\u00edvna technol\u00f3gia koextr\u00fazie PVC profilov s pou\u017eit\u00edm kompozitn\u00fdch v\u00fdstuh s pr\u00edmesou sklen\u00fdch vl\u00e1kien, ktor\u00e9 zlep\u0161uj\u00fa s\u00fa\u010dinite\u013e prechodu tepla a statick\u00e9 vlastnosti kon\u0161trukcie<\/li>\n\n\n\n<li>System Foam Inside \u2013 autorsk\u00fd projekt, ktor\u00e9ho cie\u013eom je vyplnenie kom\u00f4r profilu polyuret\u00e1novou penou, \u010do zlep\u0161uje tepeln\u00fa izol\u00e1ciu okna a\u017e o 20 % (volite\u013en\u00e9)<\/li>\n\n\n\n<li>Bonding Inside \u2013 autorsk\u00fd projekt, ktor\u00e9ho cie\u013eom je obvodov\u00e9 vlepovanie izola\u010dn\u00e9ho skla. V\u010faka tomuto postupu je mo\u017en\u00e9 vyr\u00e1ba\u0165 v\u00fdrazne v\u00e4\u010d\u0161ie kon\u0161trukcie a potreba nastavovania je zn\u00ed\u017een\u00e1 na minimum (volite\u013en\u00e9)<\/li>\n\n\n\n<li>Aluskin System \u2013 mo\u017enos\u0165 pou\u017eitia vonkaj\u0161ieho hlin\u00edkov\u00e9ho opl\u00e1\u0161tenia (volite\u013en\u00e9)<\/li>\n\n\n\n<li>Syst\u00e9m dokonale zapad\u00e1 do trendov pas\u00edvnej v\u00fdstavby<\/li>\n<\/ul>\n<\/div>\n<\/div>\n\n\n\n<div class=\"wp-block-columns is-not-stacked-on-mobile ticss-62d7228a has-neve-text-color-color has-text-color has-link-color wp-elements-6d6e2a8881b9e78e7cbd2863985a3639 is-layout-flex wp-container-core-columns-is-layout-9d6595d7 wp-block-columns-is-layout-flex\">\n<div class=\"wp-block-column is-vertically-aligned-top is-layout-flow wp-block-column-is-layout-flow\">\n<div class=\"wp-block-columns is-layout-flex wp-container-core-columns-is-layout-9d6595d7 wp-block-columns-is-layout-flex\">\n<div class=\"wp-block-column is-layout-flow wp-block-column-is-layout-flow\" style=\"flex-basis:250px\">\n<div class=\"wp-block-columns is-layout-flex wp-container-core-columns-is-layout-9d6595d7 wp-block-columns-is-layout-flex\">\n<div class=\"wp-block-column is-vertically-aligned-center is-layout-flow wp-block-column-is-layout-flow\" style=\"flex-basis:120px\"><div class=\"wp-block-image\">\n<figure class=\"aligncenter size-thumbnail\"><img loading=\"lazy\" decoding=\"async\" width=\"150\" height=\"150\" src=\"https:\/\/eko-sol.com\/wp-content\/uploads\/2025\/06\/icon2-150x150.png\" alt=\"\" class=\"wp-image-1067\" srcset=\"https:\/\/eko-sol.com\/wp-content\/uploads\/2025\/06\/icon2-150x150.png 150w, https:\/\/eko-sol.com\/wp-content\/uploads\/2025\/06\/icon2-300x300.png 300w, https:\/\/eko-sol.com\/wp-content\/uploads\/2025\/06\/icon2.png 592w\" sizes=\"auto, (max-width: 150px) 100vw, 150px\" \/><\/figure><\/div><\/div>\n\n\n\n<div class=\"wp-block-column is-vertically-aligned-center ticss-9db7cbec is-layout-flow wp-block-column-is-layout-flow\" style=\"flex-basis:120px\">\n<p class=\"has-text-align-center ticss-220fba9b\">0,65 W\/m2K*<\/p>\n<\/div>\n<\/div>\n<\/div>\n\n\n\n<div class=\"wp-block-column is-vertically-aligned-center is-layout-flow wp-block-column-is-layout-flow\" style=\"flex-basis:250px\">\n<div class=\"wp-block-columns is-layout-flex wp-container-core-columns-is-layout-9d6595d7 wp-block-columns-is-layout-flex\">\n<div class=\"wp-block-column is-vertically-aligned-center is-layout-flow wp-block-column-is-layout-flow\" style=\"flex-basis:120px\"><div class=\"wp-block-image\">\n<figure class=\"aligncenter size-thumbnail\"><img loading=\"lazy\" decoding=\"async\" width=\"150\" height=\"150\" src=\"https:\/\/eko-sol.com\/wp-content\/uploads\/2025\/06\/icon1-150x150.png\" alt=\"\" class=\"wp-image-1068\" srcset=\"https:\/\/eko-sol.com\/wp-content\/uploads\/2025\/06\/icon1-150x150.png 150w, https:\/\/eko-sol.com\/wp-content\/uploads\/2025\/06\/icon1-300x300.png 300w, https:\/\/eko-sol.com\/wp-content\/uploads\/2025\/06\/icon1.png 591w\" sizes=\"auto, (max-width: 150px) 100vw, 150px\" \/><\/figure><\/div><\/div>\n\n\n\n<div class=\"wp-block-column is-vertically-aligned-center ticss-9db7cbec is-layout-flow wp-block-column-is-layout-flow\" style=\"flex-basis:120px\">\n<p class=\"has-text-align-center ticss-220fba9b\">44 (-1;-4) dB**<\/p>\n<\/div>\n<\/div>\n<\/div>\n<\/div>\n<\/div>\n\n\n\n<div class=\"wp-block-column is-layout-flow wp-block-column-is-layout-flow\">\n<div class=\"wp-block-columns is-layout-flex wp-container-core-columns-is-layout-9d6595d7 wp-block-columns-is-layout-flex\">\n<div class=\"wp-block-column is-layout-flow wp-block-column-is-layout-flow\" style=\"flex-basis:250px\">\n<div class=\"wp-block-columns is-layout-flex wp-container-core-columns-is-layout-9d6595d7 wp-block-columns-is-layout-flex\">\n<div class=\"wp-block-column is-vertically-aligned-center is-layout-flow wp-block-column-is-layout-flow\" style=\"flex-basis:120px\"><div class=\"wp-block-image\">\n<figure class=\"aligncenter size-thumbnail\"><img loading=\"lazy\" decoding=\"async\" width=\"150\" height=\"150\" src=\"https:\/\/eko-sol.com\/wp-content\/uploads\/2025\/06\/icon3-150x150.png\" alt=\"\" class=\"wp-image-1069\" srcset=\"https:\/\/eko-sol.com\/wp-content\/uploads\/2025\/06\/icon3-150x150.png 150w, https:\/\/eko-sol.com\/wp-content\/uploads\/2025\/06\/icon3-300x300.png 300w, https:\/\/eko-sol.com\/wp-content\/uploads\/2025\/06\/icon3.png 591w\" sizes=\"auto, (max-width: 150px) 100vw, 150px\" \/><\/figure><\/div><\/div>\n\n\n\n<div class=\"wp-block-column is-vertically-aligned-center ticss-9db7cbec is-layout-flow wp-block-column-is-layout-flow\" style=\"flex-basis:120px\">\n<p class=\"has-text-align-center ticss-220fba9b\">800-1600 Pa<\/p>\n<\/div>\n<\/div>\n<\/div>\n\n\n\n<div class=\"wp-block-column is-layout-flow wp-block-column-is-layout-flow\" style=\"flex-basis:250px\">\n<div class=\"wp-block-columns is-layout-flex wp-container-core-columns-is-layout-9d6595d7 wp-block-columns-is-layout-flex\">\n<div class=\"wp-block-column is-vertically-aligned-center is-layout-flow wp-block-column-is-layout-flow\" style=\"flex-basis:120px\"><div class=\"wp-block-image\">\n<figure class=\"aligncenter size-thumbnail\"><img loading=\"lazy\" decoding=\"async\" width=\"150\" height=\"150\" src=\"https:\/\/eko-sol.com\/wp-content\/uploads\/2025\/06\/icon4-150x150.png\" alt=\"\" class=\"wp-image-1070\" srcset=\"https:\/\/eko-sol.com\/wp-content\/uploads\/2025\/06\/icon4-150x150.png 150w, https:\/\/eko-sol.com\/wp-content\/uploads\/2025\/06\/icon4-300x300.png 300w, https:\/\/eko-sol.com\/wp-content\/uploads\/2025\/06\/icon4.png 591w\" sizes=\"auto, (max-width: 150px) 100vw, 150px\" \/><\/figure><\/div><\/div>\n\n\n\n<div class=\"wp-block-column is-vertically-aligned-center ticss-9db7cbec is-layout-flow wp-block-column-is-layout-flow\" style=\"flex-basis:120px\">\n<p class=\"has-text-align-center ticss-220fba9b\">900 Pa<\/p>\n<\/div>\n<\/div>\n<\/div>\n<\/div>\n<\/div>\n<\/div>\n\n\n\n<div class=\"wp-block-columns has-neve-text-color-color has-text-color has-link-color wp-elements-4251932b008ef0e129fb744a96418dee is-layout-flex wp-container-core-columns-is-layout-9d6595d7 wp-block-columns-is-layout-flex\">\n<div class=\"wp-block-column is-layout-flow wp-block-column-is-layout-flow\">\n<p class=\"has-small-font-size\">* Pri pou\u017eit\u00ed zasklenia 4SI1\/18\/4\/18\/4SI1 s Ug = 0,5 W\/m\u00b2K, di\u0161tan\u010dn\u00e9ho r\u00e1mika s psi = 0,03 W\/m\u00b2K a syst\u00e9mu Foam Inside.<br>** Pri pou\u017eit\u00ed zasklenia VSG44.2SI\/14\/4\/14\/8<br>V\u0161etky \u00fadaje s\u00fa uveden\u00e9 pre normat\u00edvne okno, t. j. jednokr\u00eddlov\u00e9 okno s rozmermi 1230 mm x 1480 mm.<\/p>\n<\/div>\n<\/div>\n\n\n\n<h2 class=\"wp-block-heading has-neve-text-color-color has-text-color has-link-color wp-elements-33c2d061482489a41197ddbf958086fc\">Konfigur\u00e1tor farieb okien<\/h2>\n\n\n\n<iframe id=\"frame\" src=\"https:\/\/konfigurator.aluplast.net\/clients\/polska\/\" style=\"width: 100%; min-height: 600px;\" frameborder=\"0\"><\/iframe>\n","protected":false},"excerpt":{"rendered":"<p>SolSTANDARD+ Technologicky vyspel\u00fd okenn\u00fd syst\u00e9m pr\u00e9miovej triedy dostupn\u00fd v ponuke EKOSOL. Tento syst\u00e9m, zalo\u017een\u00fd na energeticky \u00fasporn\u00fdch rie\u0161eniach, je odpove\u010fou na potreby modern\u00e9ho stavebn\u00edctva, kde sa kladie d\u00f4raz na formu aj funk\u010dnos\u0165. Charakteristick\u00e9 kubistick\u00e9 tvary a \u0161peci\u00e1lne l\u00edcovan\u00e9 kr\u00eddlo dod\u00e1vaj\u00fa okn\u00e1m minimalistick\u00fd, elegantn\u00fd vzh\u013ead, ktor\u00fd dokonale lad\u00ed s jednoduchou a geometrickou architekt\u00farou modern\u00fdch budov. V&hellip;&nbsp;<a href=\"https:\/\/eko-sol.com\/sk\/solstandard-2\/\" rel=\"bookmark\">\u010c\u00edta\u0165 viac &raquo;<span class=\"screen-reader-text\">SolStandard+<\/span><\/a><\/p>\n","protected":false},"author":3,"featured_media":0,"parent":0,"menu_order":0,"comment_status":"closed","ping_status":"closed","template":"","meta":{"neve_meta_sidebar":"default","neve_meta_container":"default","neve_meta_enable_content_width":"","neve_meta_content_width":70,"neve_meta_title_alignment":"left","neve_meta_author_avatar":"","neve_post_elements_order":"","neve_meta_disable_header":"off","neve_meta_disable_footer":"","neve_meta_disable_title":"on","ngg_post_thumbnail":0,"_themeisle_gutenberg_block_has_review":false,"_locale":"sk_SK","_original_post":"https:\/\/eko-sol.com\/?page_id=1153","footnotes":""},"class_list":["post-1899","page","type-page","status-publish","hentry","sk-SK"],"_links":{"self":[{"href":"https:\/\/eko-sol.com\/wp-json\/wp\/v2\/pages\/1899","targetHints":{"allow":["GET"]}}],"collection":[{"href":"https:\/\/eko-sol.com\/wp-json\/wp\/v2\/pages"}],"about":[{"href":"https:\/\/eko-sol.com\/wp-json\/wp\/v2\/types\/page"}],"author":[{"embeddable":true,"href":"https:\/\/eko-sol.com\/wp-json\/wp\/v2\/users\/3"}],"replies":[{"embeddable":true,"href":"https:\/\/eko-sol.com\/wp-json\/wp\/v2\/comments?post=1899"}],"version-history":[{"count":3,"href":"https:\/\/eko-sol.com\/wp-json\/wp\/v2\/pages\/1899\/revisions"}],"predecessor-version":[{"id":1994,"href":"https:\/\/eko-sol.com\/wp-json\/wp\/v2\/pages\/1899\/revisions\/1994"}],"wp:attachment":[{"href":"https:\/\/eko-sol.com\/wp-json\/wp\/v2\/media?parent=1899"}],"curies":[{"name":"wp","href":"https:\/\/api.w.org\/{rel}","templated":true}]}}