{"id":1905,"date":"2026-02-10T12:11:14","date_gmt":"2026-02-10T11:11:14","guid":{"rendered":"https:\/\/eko-sol.com\/?page_id=1905"},"modified":"2026-03-26T08:55:46","modified_gmt":"2026-03-26T07:55:46","slug":"solpremium","status":"publish","type":"page","link":"https:\/\/eko-sol.com\/sk\/solpremium\/","title":{"rendered":"SolPremium"},"content":{"rendered":"\n<div class=\"wp-block-columns is-layout-flex wp-container-core-columns-is-layout-9d6595d7 wp-block-columns-is-layout-flex\">\n<div class=\"wp-block-column is-vertically-aligned-center ticss-8a32e610 is-layout-flow wp-block-column-is-layout-flow\" style=\"padding-top:var(--wp--preset--spacing--80);padding-bottom:var(--wp--preset--spacing--70)\">\n<div class=\"product-header\"><span class=\"product-name-part1\">Sol<\/span>PREMIUM<\/div>\n<\/div>\n<\/div>\n\n\n\n<div class=\"wp-block-columns has-neve-text-color-color has-text-color has-link-color wp-elements-8460269970e6e4ea9166d39f02b06c7f is-layout-flex wp-container-core-columns-is-layout-9d6595d7 wp-block-columns-is-layout-flex\">\n<div class=\"wp-block-column ticss-dd190fcf is-layout-flow wp-block-column-is-layout-flow\">\n<p>Modern\u00fd okenn\u00fd syst\u00e9m pr\u00e9miovej triedy dostupn\u00fd v ponuke EKOSOL, zalo\u017een\u00fd na renomovanom profile <strong>K\u00f6mmerling 88 MD<\/strong>. Bol vytvoren\u00fd s oh\u013eadom na modern\u00fa v\u00fdstavbu, pri\u010dom sp\u00e1ja vynikaj\u00face technick\u00e9 parametre s minimalistickou estetikou a vysok\u00fdm \u0161tandardom spracovania.<\/p>\n\n\n\n<p>Tento syst\u00e9m sa vyzna\u010duje zv\u00e4\u010d\u0161enou <strong>stavebnou h\u013abkou \u2013 a\u017e 88 mm<\/strong>, \u010do sa premieta do <strong>vynikaj\u00facich tepelnoizola\u010dn\u00fdch a statick\u00fdch vlastnost\u00ed<\/strong>. V\u010faka tomu je syst\u00e9m SOLPREMIUM ide\u00e1lnou vo\u013ebou pre energeticky \u00fasporn\u00e9 aj pas\u00edvne domy, pri\u010dom pon\u00faka s\u00fa\u010dinite\u013e prechodu tepla okna a\u017e <strong>na \u00farovni Uw \u2264 0,72 W\/m\u00b2K<\/strong> (v z\u00e1vislosti od pou\u017eit\u00e9ho typu zasklenia).<\/p>\n\n\n\n<p>Syst\u00e9m bol navrhnut\u00fd s oh\u013eadom na trvanlivos\u0165 a ekol\u00f3giu \u2013 <strong>profil je 100 % bezolovnat\u00fd<\/strong> a z\u00e1kladn\u00fd materi\u00e1l <strong>Greenline<\/strong> je v s\u00falade s filozofiou udr\u017eate\u013en\u00e9ho stavebn\u00edctva. Volite\u013en\u00e9 v\u00fdstuhy z kompozitn\u00fdch vl\u00e1kien alebo technol\u00f3gia <strong>Bonding Inside<\/strong> (vlepovanie skiel) zais\u0165uj\u00fa e\u0161te lep\u0161iu stabilitu kon\u0161trukcie a v\u00e4\u010d\u0161iu slobodu pri navrhovan\u00ed, a to aj v pr\u00edpade ve\u013ek\u00fdch presklen\u00ed.<\/p>\n<\/div>\n\n\n\n<div class=\"wp-block-column is-layout-flow wp-block-column-is-layout-flow\">\n<figure class=\"wp-block-image size-full has-custom-border\"><img loading=\"lazy\" decoding=\"async\" width=\"1024\" height=\"678\" src=\"https:\/\/eko-sol.com\/wp-content\/uploads\/2025\/06\/shutterstock_offset_2503308567.png\" alt=\"\" class=\"wp-image-1228\" style=\"border-radius:16px\" srcset=\"https:\/\/eko-sol.com\/wp-content\/uploads\/2025\/06\/shutterstock_offset_2503308567.png 1024w, https:\/\/eko-sol.com\/wp-content\/uploads\/2025\/06\/shutterstock_offset_2503308567-300x199.png 300w, https:\/\/eko-sol.com\/wp-content\/uploads\/2025\/06\/shutterstock_offset_2503308567-768x509.png 768w\" sizes=\"auto, (max-width: 1024px) 100vw, 1024px\" \/><\/figure>\n\n\n\n<p><\/p>\n\n\n\n<p>Charakteristick\u00fd modern\u00fd dizajn v spojen\u00ed so \u0161irokou \u0161k\u00e1lou exkluz\u00edvnych f\u00f3li\u00ed \u2013 vr\u00e1tane metalick\u00fdch a dreven\u00fdch dekorov \u2013 robia zo syst\u00e9mu SOLPREMIUM ide\u00e1lnu vo\u013ebu pre estetiku <strong>\u201esoft-industrial\u201c<\/strong> a modern\u00e9 geometrick\u00e9 fas\u00e1dy.<\/p>\n\n\n\n<p><strong>SOLPREMIUM <\/strong>je inteligentn\u00e9 spojenie <strong>formy, technol\u00f3gie a environment\u00e1lnej zodpovednosti<\/strong> \u2013 ide\u00e1lne rie\u0161enie pre n\u00e1ro\u010dn\u00fdch investorov, ktor\u00ed nerobia kompromisy.<\/p>\n<\/div>\n<\/div>\n\n\n\n<div class=\"wp-block-columns has-neve-text-color-color has-text-color has-link-color wp-elements-bf4c9f7f22eaf88cdc861667e2474a7f is-layout-flex wp-container-core-columns-is-layout-9d6595d7 wp-block-columns-is-layout-flex\">\n<div class=\"wp-block-column is-vertically-aligned-center is-layout-flow wp-block-column-is-layout-flow\"><div class=\"wp-block-image\">\n<figure class=\"aligncenter size-full is-resized\"><img loading=\"lazy\" decoding=\"async\" width=\"300\" height=\"600\" src=\"https:\/\/eko-sol.com\/wp-content\/uploads\/2025\/06\/System-88-MD-pCT-Full-Cover-Bronze_MIN.png\" alt=\"\" class=\"wp-image-1163\" style=\"width:267px;height:auto\" srcset=\"https:\/\/eko-sol.com\/wp-content\/uploads\/2025\/06\/System-88-MD-pCT-Full-Cover-Bronze_MIN.png 300w, https:\/\/eko-sol.com\/wp-content\/uploads\/2025\/06\/System-88-MD-pCT-Full-Cover-Bronze_MIN-150x300.png 150w\" sizes=\"auto, (max-width: 300px) 100vw, 300px\" \/><\/figure><\/div><\/div>\n\n\n\n<div class=\"wp-block-column is-vertically-aligned-center ticss-ca5cd857 is-layout-flow wp-block-column-is-layout-flow\">\n<ul class=\"wp-block-list\">\n<li>7-komorov\u00fd profil r\u00e1mu a kr\u00eddla so stavebnou h\u013abkou 88 mm<\/li>\n\n\n\n<li>Syst\u00e9m profilov MD so stredov\u00fdm tesnen\u00edm<\/li>\n\n\n\n<li>\u0160t\u00edhle profily vo variantoch s nel\u00edcovan\u00fdmi kr\u00eddlami<\/li>\n\n\n\n<li>System Foam Inside \u2013 autorsk\u00fd projekt, ktor\u00e9ho cie\u013eom je vyplnenie kom\u00f4r profilu polyuret\u00e1novou penou, \u010do zlep\u0161uje tepeln\u00fa izol\u00e1ciu okna a\u017e o 20 % (volite\u013en\u00e9)<\/li>\n\n\n\n<li>Bonding Inside \u2013 autorsk\u00fd projekt, ktor\u00e9ho cie\u013eom je obvodov\u00e9 vlepovanie izola\u010dn\u00e9ho skla. V\u010faka tomuto postupu je mo\u017en\u00e9 vyr\u00e1ba\u0165 v\u00fdrazne v\u00e4\u010d\u0161ie kon\u0161trukcie a potreba nastavovania je zn\u00ed\u017een\u00e1 na minimum (volite\u013en\u00e9)<\/li>\n\n\n\n<li>Syst\u00e9m dokonale zapad\u00e1 do trendov pas\u00edvnej v\u00fdstavby<\/li>\n<\/ul>\n<\/div>\n<\/div>\n\n\n\n<div class=\"wp-block-columns is-not-stacked-on-mobile ticss-4c1f2120 has-neve-text-color-color has-text-color has-link-color wp-elements-fcc7440bd906568ef99232945725aa3c is-layout-flex wp-container-core-columns-is-layout-9d6595d7 wp-block-columns-is-layout-flex\">\n<div class=\"wp-block-column is-vertically-aligned-top is-layout-flow wp-block-column-is-layout-flow\" style=\"border-radius:0px\">\n<div class=\"wp-block-columns is-layout-flex wp-container-core-columns-is-layout-9d6595d7 wp-block-columns-is-layout-flex\">\n<div class=\"wp-block-column ticss-94607afc is-layout-flow wp-block-column-is-layout-flow\" style=\"flex-basis:250px\">\n<div class=\"wp-block-columns ticss-a504fb11 is-layout-flex wp-container-core-columns-is-layout-9d6595d7 wp-block-columns-is-layout-flex\">\n<div class=\"wp-block-column is-vertically-aligned-center is-layout-flow wp-block-column-is-layout-flow\" style=\"flex-basis:120px\"><div class=\"wp-block-image\">\n<figure class=\"aligncenter size-thumbnail\"><img loading=\"lazy\" decoding=\"async\" width=\"150\" height=\"150\" src=\"https:\/\/eko-sol.com\/wp-content\/uploads\/2025\/06\/icon2-150x150.png\" alt=\"\" class=\"wp-image-1067\" srcset=\"https:\/\/eko-sol.com\/wp-content\/uploads\/2025\/06\/icon2-150x150.png 150w, https:\/\/eko-sol.com\/wp-content\/uploads\/2025\/06\/icon2-300x300.png 300w, https:\/\/eko-sol.com\/wp-content\/uploads\/2025\/06\/icon2.png 592w\" sizes=\"auto, (max-width: 150px) 100vw, 150px\" \/><\/figure><\/div><\/div>\n\n\n\n<div class=\"wp-block-column is-vertically-aligned-center ticss-9db7cbec is-layout-flow wp-block-column-is-layout-flow\" style=\"flex-basis:120px\">\n<p class=\"has-text-align-center ticss-220fba9b\">0,72 W\/m2K*<\/p>\n<\/div>\n<\/div>\n<\/div>\n\n\n\n<div class=\"wp-block-column is-vertically-aligned-center is-layout-flow wp-block-column-is-layout-flow\" style=\"flex-basis:250px\">\n<div class=\"wp-block-columns is-layout-flex wp-container-core-columns-is-layout-9d6595d7 wp-block-columns-is-layout-flex\">\n<div class=\"wp-block-column is-vertically-aligned-center is-layout-flow wp-block-column-is-layout-flow\" style=\"flex-basis:120px\"><div class=\"wp-block-image\">\n<figure class=\"aligncenter size-thumbnail\"><img loading=\"lazy\" decoding=\"async\" width=\"150\" height=\"150\" src=\"https:\/\/eko-sol.com\/wp-content\/uploads\/2025\/06\/icon1-150x150.png\" alt=\"\" class=\"wp-image-1068\" srcset=\"https:\/\/eko-sol.com\/wp-content\/uploads\/2025\/06\/icon1-150x150.png 150w, https:\/\/eko-sol.com\/wp-content\/uploads\/2025\/06\/icon1-300x300.png 300w, https:\/\/eko-sol.com\/wp-content\/uploads\/2025\/06\/icon1.png 591w\" sizes=\"auto, (max-width: 150px) 100vw, 150px\" \/><\/figure><\/div><\/div>\n\n\n\n<div class=\"wp-block-column is-vertically-aligned-center ticss-9db7cbec is-layout-flow wp-block-column-is-layout-flow\" style=\"flex-basis:120px\">\n<p class=\"has-text-align-center ticss-220fba9b\">47 (-2;-5) dB**<\/p>\n<\/div>\n<\/div>\n<\/div>\n<\/div>\n<\/div>\n\n\n\n<div class=\"wp-block-column ticss-b7976dd6 is-layout-flow wp-block-column-is-layout-flow\">\n<div class=\"wp-block-columns is-layout-flex wp-container-core-columns-is-layout-9d6595d7 wp-block-columns-is-layout-flex\">\n<div class=\"wp-block-column is-layout-flow wp-block-column-is-layout-flow\" style=\"flex-basis:250px\">\n<div class=\"wp-block-columns ticss-cc952d16 is-layout-flex wp-container-core-columns-is-layout-9d6595d7 wp-block-columns-is-layout-flex\">\n<div class=\"wp-block-column is-vertically-aligned-center is-layout-flow wp-block-column-is-layout-flow\" style=\"flex-basis:120px\"><div class=\"wp-block-image\">\n<figure class=\"aligncenter size-thumbnail\"><img loading=\"lazy\" decoding=\"async\" width=\"150\" height=\"150\" src=\"https:\/\/eko-sol.com\/wp-content\/uploads\/2025\/06\/icon3-150x150.png\" alt=\"\" class=\"wp-image-1069\" srcset=\"https:\/\/eko-sol.com\/wp-content\/uploads\/2025\/06\/icon3-150x150.png 150w, https:\/\/eko-sol.com\/wp-content\/uploads\/2025\/06\/icon3-300x300.png 300w, https:\/\/eko-sol.com\/wp-content\/uploads\/2025\/06\/icon3.png 591w\" sizes=\"auto, (max-width: 150px) 100vw, 150px\" \/><\/figure><\/div><\/div>\n\n\n\n<div class=\"wp-block-column is-vertically-aligned-center ticss-9db7cbec is-layout-flow wp-block-column-is-layout-flow\" style=\"flex-basis:120px\">\n<p class=\"has-text-align-center ticss-220fba9b\">800-1600 Pa<\/p>\n<\/div>\n<\/div>\n<\/div>\n\n\n\n<div class=\"wp-block-column ticss-f7e38df4 is-layout-flow wp-block-column-is-layout-flow\" style=\"flex-basis:250px\">\n<div class=\"wp-block-columns ticss-6516a044 is-layout-flex wp-container-core-columns-is-layout-9d6595d7 wp-block-columns-is-layout-flex\">\n<div class=\"wp-block-column is-vertically-aligned-center is-layout-flow wp-block-column-is-layout-flow\" style=\"flex-basis:120px\"><div class=\"wp-block-image\">\n<figure class=\"aligncenter size-thumbnail\"><img loading=\"lazy\" decoding=\"async\" width=\"150\" height=\"150\" src=\"https:\/\/eko-sol.com\/wp-content\/uploads\/2025\/06\/icon4-150x150.png\" alt=\"\" class=\"wp-image-1070\" srcset=\"https:\/\/eko-sol.com\/wp-content\/uploads\/2025\/06\/icon4-150x150.png 150w, https:\/\/eko-sol.com\/wp-content\/uploads\/2025\/06\/icon4-300x300.png 300w, https:\/\/eko-sol.com\/wp-content\/uploads\/2025\/06\/icon4.png 591w\" sizes=\"auto, (max-width: 150px) 100vw, 150px\" \/><\/figure><\/div><\/div>\n\n\n\n<div class=\"wp-block-column is-vertically-aligned-center ticss-9db7cbec is-layout-flow wp-block-column-is-layout-flow\" style=\"flex-basis:120px\">\n<p class=\"has-text-align-center ticss-220fba9b\">900 Pa<\/p>\n<\/div>\n<\/div>\n<\/div>\n<\/div>\n<\/div>\n<\/div>\n\n\n\n<div class=\"wp-block-columns has-neve-text-color-color has-text-color has-link-color wp-elements-0559a2ff5bb09db389adc593d68d3b9c is-layout-flex wp-container-core-columns-is-layout-9d6595d7 wp-block-columns-is-layout-flex\">\n<div class=\"wp-block-column is-layout-flow wp-block-column-is-layout-flow\">\n<p class=\"has-small-font-size\">* Pri pou\u017eit\u00ed zasklenia 4SI1\/18\/4\/18\/4SI1 s Ug = 0,5 W\/m\u00b2K a di\u0161tan\u010dn\u00e9ho r\u00e1mika s psi = 0,03 W\/m\u00b2K.<br>** Pri pou\u017eit\u00ed zasklenia VSG SI66.2\/20\/VSG SI44.2<\/p>\n<\/div>\n<\/div>\n","protected":false},"excerpt":{"rendered":"<p>SolPREMIUM Modern\u00fd okenn\u00fd syst\u00e9m pr\u00e9miovej triedy dostupn\u00fd v ponuke EKOSOL, zalo\u017een\u00fd na renomovanom profile K\u00f6mmerling 88 MD. Bol vytvoren\u00fd s oh\u013eadom na modern\u00fa v\u00fdstavbu, pri\u010dom sp\u00e1ja vynikaj\u00face technick\u00e9 parametre s minimalistickou estetikou a vysok\u00fdm \u0161tandardom spracovania. Tento syst\u00e9m sa vyzna\u010duje zv\u00e4\u010d\u0161enou stavebnou h\u013abkou \u2013 a\u017e 88 mm, \u010do sa premieta do vynikaj\u00facich tepelnoizola\u010dn\u00fdch a statick\u00fdch&hellip;&nbsp;<a href=\"https:\/\/eko-sol.com\/sk\/solpremium\/\" rel=\"bookmark\">\u010c\u00edta\u0165 viac &raquo;<span class=\"screen-reader-text\">SolPremium<\/span><\/a><\/p>\n","protected":false},"author":3,"featured_media":0,"parent":0,"menu_order":0,"comment_status":"closed","ping_status":"closed","template":"","meta":{"neve_meta_sidebar":"default","neve_meta_container":"default","neve_meta_enable_content_width":"","neve_meta_content_width":70,"neve_meta_title_alignment":"left","neve_meta_author_avatar":"","neve_post_elements_order":"","neve_meta_disable_header":"off","neve_meta_disable_footer":"","neve_meta_disable_title":"on","ngg_post_thumbnail":0,"_themeisle_gutenberg_block_has_review":false,"_locale":"sk_SK","_original_post":"https:\/\/eko-sol.com\/?page_id=1162","footnotes":""},"class_list":["post-1905","page","type-page","status-publish","hentry","sk-SK"],"_links":{"self":[{"href":"https:\/\/eko-sol.com\/wp-json\/wp\/v2\/pages\/1905","targetHints":{"allow":["GET"]}}],"collection":[{"href":"https:\/\/eko-sol.com\/wp-json\/wp\/v2\/pages"}],"about":[{"href":"https:\/\/eko-sol.com\/wp-json\/wp\/v2\/types\/page"}],"author":[{"embeddable":true,"href":"https:\/\/eko-sol.com\/wp-json\/wp\/v2\/users\/3"}],"replies":[{"embeddable":true,"href":"https:\/\/eko-sol.com\/wp-json\/wp\/v2\/comments?post=1905"}],"version-history":[{"count":3,"href":"https:\/\/eko-sol.com\/wp-json\/wp\/v2\/pages\/1905\/revisions"}],"predecessor-version":[{"id":1995,"href":"https:\/\/eko-sol.com\/wp-json\/wp\/v2\/pages\/1905\/revisions\/1995"}],"wp:attachment":[{"href":"https:\/\/eko-sol.com\/wp-json\/wp\/v2\/media?parent=1905"}],"curies":[{"name":"wp","href":"https:\/\/api.w.org\/{rel}","templated":true}]}}