{"id":1909,"date":"2026-02-10T12:27:58","date_gmt":"2026-02-10T11:27:58","guid":{"rendered":"https:\/\/eko-sol.com\/?page_id=1909"},"modified":"2026-02-10T12:29:04","modified_gmt":"2026-02-10T11:29:04","slug":"realizacje","status":"publish","type":"page","link":"https:\/\/eko-sol.com\/sk\/realizacje\/","title":{"rendered":"Realiz\u00e1cie"},"content":{"rendered":"\n<div style=\"height:100px\" aria-hidden=\"true\" class=\"wp-block-spacer\"><\/div>\n\n\n\n<h2 class=\"wp-block-heading\">Zistite, pre\u010do si z\u00e1kazn\u00edci vyberaj\u00fa na\u0161e okn\u00e1<\/h2>\n\n\n\n<p class=\"has-neve-text-color-color has-text-color has-link-color wp-elements-21c8f4f06cc95717bcb71262eee9486e\">V\u00fdber okien je jedn\u00fdm z <strong>najd\u00f4le\u017eitej\u0161\u00edch rozhodnut\u00ed<\/strong> v procese v\u00fdstavby alebo renov\u00e1cie. M\u00e1 z\u00e1sadn\u00fd v\u00fdznam nielen pre estetiku V\u00e1\u0161ho domova, ale predov\u0161etk\u00fdm pre<strong> komfort b\u00fdvania, bezpe\u010dnos\u0165 a bud\u00face prev\u00e1dzkov\u00e9 n\u00e1klady.<\/strong><\/p>\n\n\n\n<div class=\"wp-block-group has-neve-text-color-color has-text-color has-link-color wp-elements-f79857ff850e096686d6eda70482e804\"><div class=\"wp-block-group__inner-container is-layout-constrained wp-block-group-is-layout-constrained\">\n<p class=\"has-neve-text-color-color has-text-color has-link-color wp-elements-436fb3793f6cd6e1fc4b56422e91f488\">Pr\u00e1ve preto sa v na\u0161ej pr\u00e1ci zameriavame na tri piliere, ktor\u00e9 V\u00e1m zaru\u010duj\u00fa pln\u00fa spokojnos\u0165:<\/p>\n\n\n\n<ul class=\"wp-block-list has-neve-text-color-color has-text-color has-link-color wp-elements-e2034ef25ad333b7d2c084bc26fcaf46\">\n<li class=\"has-neve-text-color-color has-text-color has-link-color wp-elements-d7b8b3efa9559f6d769588b625dd2d4b\"><strong>Najvy\u0161\u0161ia energetick\u00e1 efekt\u00edvnos\u0165<\/strong>: Pon\u00fakame okn\u00e1, ktor\u00e9 minimalizuj\u00fa tepeln\u00e9 straty a maximalizuj\u00fa sol\u00e1rne zisky, \u010do sa priamo premieta do <strong>ni\u017e\u0161\u00edch \u00fa\u010dtov za vykurovanie<\/strong> a re\u00e1lnej starostlivosti o \u017eivotn\u00e9 prostredie.<\/li>\n\n\n\n<li class=\"has-neve-text-color-color has-text-color has-link-color wp-elements-4de8b0f9e16d14843722e75855a21d88\"><strong>Prec\u00edzna mont\u00e1\u017e<\/strong>: Ani to najlep\u0161ie okno nespln\u00ed svoju funkciu bez odbornej mont\u00e1\u017ee. Na\u0161i \u0161pecialisti zais\u0165uj\u00fa <strong>tesn\u00fa, tepl\u00fa mont\u00e1\u017e<\/strong>, ktor\u00e1 eliminuje tepeln\u00e9 mosty a zaru\u010duje dlhoro\u010dn\u00fa trvanlivos\u0165.<\/li>\n\n\n\n<li class=\"has-neve-text-color-color has-text-color has-link-color wp-elements-ac78cea6466d7571128fd4bbb73df654\"><strong>Estetika a dizajn<\/strong>: Ver\u00edme, \u017ee funk\u010dnos\u0165 m\u00f4\u017ee \u00eds\u0165 ruka v ruke s kr\u00e1sou. V na\u0161ej ponuke n\u00e1jdete rie\u0161enia ide\u00e1lne prisp\u00f4soben\u00e9 ka\u017edej architekt\u00fare \u2013 od klasickej elegancie a\u017e po modern\u00fd minimalizmus.<\/li>\n<\/ul>\n<\/div><\/div>\n\n\n\n<p class=\"has-neve-text-color-color has-text-color has-link-color wp-elements-1f01607a7495e1ed881c4695560e2a16\">Nezost\u00e1vame len pri s\u013euboch \u2013 d\u00f4le\u017eit\u00e9 s\u00fa pre n\u00e1s konkr\u00e9tne v\u00fdsledky. Sekcia \u201eRealiz\u00e1cie\u201c je \u017eiv\u00fdm d\u00f4kazom n\u00e1\u0161ho <strong>profesionalizmu, d\u00f4razu na detaily<\/strong> a schopnosti zvl\u00e1dnu\u0165 aj tie najn\u00e1ro\u010dnej\u0161ie v\u00fdzvy.<\/p>\n\n\nngg_shortcode_0_placeholder\n\n\n\n<p class=\"has-neve-text-color-color has-text-color has-link-color wp-elements-2f8e1de6e45d605dc3f7ca613ed2ee74\"><strong>Ka\u017ed\u00fd projekt je pre n\u00e1s jedine\u010dn\u00fdm pr\u00edbehom<\/strong>. Pozrite sa, ako v\u010faka na\u0161im okn\u00e1m:<\/p>\n\n\n\n<ul class=\"wp-block-list\">\n<li class=\"has-neve-text-color-color has-text-color has-link-color wp-elements-c45b33697398a96e757447ad13ac48c5\"><strong>Domy z\u00edskali modern\u00fd charakter<\/strong> a stali sa vizu\u00e1lnou vizitkou investorov.<\/li>\n\n\n\n<li class=\"has-neve-text-color-color has-text-color has-link-color wp-elements-6a77c067c7d1deee82f632ded5515ffa\"><strong>Pas\u00edvne a energeticky \u00fasporn\u00e9 budovy<\/strong> dosiahli pl\u00e1novan\u00e9, pr\u00edsne parametre izol\u00e1cie.<\/li>\n\n\n\n<li class=\"has-neve-text-color-color has-text-color has-link-color wp-elements-4b15bec5e6573c3d5c9396219c973073\"><strong>Interi\u00e9ry sa naplnili prirodzen\u00fdm svetlom<\/strong>, \u010do zv\u00fd\u0161ilo komfort ich u\u017e\u00edvania.<\/li>\n<\/ul>\n\n\n\n<div style=\"height:50px\" aria-hidden=\"true\" class=\"wp-block-spacer\"><\/div>\n\n\n\n<p><\/p>\n","protected":false},"excerpt":{"rendered":"<p>Zistite, pre\u010do si z\u00e1kazn\u00edci vyberaj\u00fa na\u0161e okn\u00e1 V\u00fdber okien je jedn\u00fdm z najd\u00f4le\u017eitej\u0161\u00edch rozhodnut\u00ed v procese v\u00fdstavby alebo renov\u00e1cie. M\u00e1 z\u00e1sadn\u00fd v\u00fdznam nielen pre estetiku V\u00e1\u0161ho domova, ale predov\u0161etk\u00fdm pre komfort b\u00fdvania, bezpe\u010dnos\u0165 a bud\u00face prev\u00e1dzkov\u00e9 n\u00e1klady. Pr\u00e1ve preto sa v na\u0161ej pr\u00e1ci zameriavame na tri piliere, ktor\u00e9 V\u00e1m zaru\u010duj\u00fa pln\u00fa spokojnos\u0165: Nezost\u00e1vame len pri&hellip;&nbsp;<a href=\"https:\/\/eko-sol.com\/sk\/realizacje\/\" rel=\"bookmark\">\u010c\u00edta\u0165 viac &raquo;<span class=\"screen-reader-text\">Realiz\u00e1cie<\/span><\/a><\/p>\n","protected":false},"author":3,"featured_media":0,"parent":0,"menu_order":0,"comment_status":"closed","ping_status":"closed","template":"","meta":{"neve_meta_sidebar":"","neve_meta_container":"","neve_meta_enable_content_width":"","neve_meta_content_width":0,"neve_meta_title_alignment":"left","neve_meta_author_avatar":"","neve_post_elements_order":"","neve_meta_disable_header":"","neve_meta_disable_footer":"","neve_meta_disable_title":"","ngg_post_thumbnail":0,"_themeisle_gutenberg_block_has_review":false,"_locale":"sk_SK","_original_post":"https:\/\/eko-sol.com\/?page_id=1433","footnotes":""},"class_list":["post-1909","page","type-page","status-publish","hentry","sk-SK"],"_links":{"self":[{"href":"https:\/\/eko-sol.com\/wp-json\/wp\/v2\/pages\/1909","targetHints":{"allow":["GET"]}}],"collection":[{"href":"https:\/\/eko-sol.com\/wp-json\/wp\/v2\/pages"}],"about":[{"href":"https:\/\/eko-sol.com\/wp-json\/wp\/v2\/types\/page"}],"author":[{"embeddable":true,"href":"https:\/\/eko-sol.com\/wp-json\/wp\/v2\/users\/3"}],"replies":[{"embeddable":true,"href":"https:\/\/eko-sol.com\/wp-json\/wp\/v2\/comments?post=1909"}],"version-history":[{"count":2,"href":"https:\/\/eko-sol.com\/wp-json\/wp\/v2\/pages\/1909\/revisions"}],"predecessor-version":[{"id":1912,"href":"https:\/\/eko-sol.com\/wp-json\/wp\/v2\/pages\/1909\/revisions\/1912"}],"wp:attachment":[{"href":"https:\/\/eko-sol.com\/wp-json\/wp\/v2\/media?parent=1909"}],"curies":[{"name":"wp","href":"https:\/\/api.w.org\/{rel}","templated":true}]}}