{"id":1913,"date":"2026-02-10T12:42:22","date_gmt":"2026-02-10T11:42:22","guid":{"rendered":"https:\/\/eko-sol.com\/?page_id=1913"},"modified":"2026-02-10T12:47:42","modified_gmt":"2026-02-10T11:47:42","slug":"kontakt","status":"publish","type":"page","link":"https:\/\/eko-sol.com\/sk\/kontakt\/","title":{"rendered":"Kontakt"},"content":{"rendered":"\n<div style=\"height:100px\" aria-hidden=\"true\" class=\"wp-block-spacer\"><\/div>\n\n\n\n<p><strong>M\u00e1te ot\u00e1zky? Chcete si dohodn\u00fa\u0165 bezplatn\u00e9 vypracovanie cenovej ponuky? N\u00e1\u0161 t\u00edm V\u00e1m r\u00e1d porad\u00ed. Nap\u00ed\u0161te n\u00e1m e-mail, zavolajte alebo n\u00e1s nav\u0161t\u00edvte v na\u0161ej kancel\u00e1rii.<\/strong><\/p>\n\n\n\n<div style=\"height:40px\" aria-hidden=\"true\" class=\"wp-block-spacer\"><\/div>\n\n\n\n<div class=\"wp-block-columns has-neve-text-color-color has-text-color has-link-color wp-elements-c21e47c24c25676bf3d843efdc74fdde is-layout-flex wp-container-core-columns-is-layout-9d6595d7 wp-block-columns-is-layout-flex\">\n<div class=\"wp-block-column ticss-e5022445 is-layout-flow wp-block-column-is-layout-flow\">\n<div id=\"wp-block-themeisle-blocks-font-awesome-icons-183b0e6e\" class=\"wp-block-themeisle-blocks-font-awesome-icons\"><span class=\"wp-block-themeisle-blocks-font-awesome-icons-container\"><i class=\"fas fa-warehouse\"><\/i><\/span><\/div>\n\n\n\n<p class=\"has-text-align-center\"><strong>V\u00ddROBN\u00dd Z\u00c1VOD:<br><\/strong>Le\u0144cze 326 <br>34-142 Le\u0144cze, Po\u013esko<\/p>\n<\/div>\n\n\n\n<div class=\"wp-block-column ticss-5cd15de0 is-layout-flow wp-block-column-is-layout-flow\">\n<div id=\"wp-block-themeisle-blocks-font-awesome-icons-36356f4c\" class=\"wp-block-themeisle-blocks-font-awesome-icons\"><span class=\"wp-block-themeisle-blocks-font-awesome-icons-container\"><i class=\"fas fa-phone-alt\"><\/i><\/span><\/div>\n\n\n\n<p class=\"has-text-align-center\"><strong>TELEF\u00d3N: <br><\/strong>Kancel\u00e1ria: +48 500 856 431<br>Obchodn\u00e9 oddelenie: +48 534 900 169<\/p>\n<\/div>\n\n\n\n<div class=\"wp-block-column ticss-78541f80 is-layout-flow wp-block-column-is-layout-flow\">\n<div id=\"wp-block-themeisle-blocks-font-awesome-icons-69d4f4c0\" class=\"wp-block-themeisle-blocks-font-awesome-icons\"><span class=\"wp-block-themeisle-blocks-font-awesome-icons-container\"><i class=\"fas fa-mail-bulk\"><\/i><\/span><\/div>\n\n\n\n<p class=\"has-text-align-center\"><strong>E-MAIL:<br><\/strong><a href=\"mailto:info@eko-sol.com\">info@eko-sol.com<\/a><\/p>\n<\/div>\n<\/div>\n\n\n\n<div class=\"wp-block-columns is-layout-flex wp-container-core-columns-is-layout-9d6595d7 wp-block-columns-is-layout-flex\">\n<div class=\"wp-block-column is-vertically-aligned-center ticss-5cd15de0 is-layout-flow wp-block-column-is-layout-flow\">\n<div id=\"wp-block-themeisle-blocks-font-awesome-icons-79da4040\" class=\"wp-block-themeisle-blocks-font-awesome-icons\"><span class=\"wp-block-themeisle-blocks-font-awesome-icons-container\"><i class=\"fas fa-clock\"><\/i><\/span><\/div>\n\n\n\n<p class=\"has-text-align-center\"><strong><strong>OTV\u00c1RACIE HODINY KANCEL\u00c1RIE<\/strong>: <br><\/strong>Po \u2013 Pi: 6:00 \u2013 17:00<br>So: 9:00 \u2013 13:00<\/p>\n<\/div>\n\n\n\n<div class=\"wp-block-column is-layout-flow wp-block-column-is-layout-flow\" style=\"flex-basis:66.66%\">\n<figure class=\"wp-block-image size-large has-custom-border ticss-4cf85e31\" id=\"wp-block-themeisle-blocks-image-63bd0e69\"><img loading=\"lazy\" decoding=\"async\" width=\"1024\" height=\"437\" src=\"https:\/\/eko-sol.com\/wp-content\/uploads\/2025\/11\/widok_gora-1024x437.jpg\" alt=\"\" class=\"wp-image-1473\" style=\"border-style:none;border-width:0px;border-radius:16px\" srcset=\"https:\/\/eko-sol.com\/wp-content\/uploads\/2025\/11\/widok_gora-1024x437.jpg 1024w, https:\/\/eko-sol.com\/wp-content\/uploads\/2025\/11\/widok_gora-300x128.jpg 300w, https:\/\/eko-sol.com\/wp-content\/uploads\/2025\/11\/widok_gora-768x328.jpg 768w, https:\/\/eko-sol.com\/wp-content\/uploads\/2025\/11\/widok_gora-1536x655.jpg 1536w, https:\/\/eko-sol.com\/wp-content\/uploads\/2025\/11\/widok_gora.jpg 1596w\" sizes=\"auto, (max-width: 1024px) 100vw, 1024px\" \/><\/figure>\n<\/div>\n<\/div>\n\n\n\n<hr class=\"wp-block-separator has-text-color has-alpha-channel-opacity has-background is-style-default\" style=\"background-color:#d2d2d2;color:#d2d2d2\"\/>\n\n\n\n<div class=\"wp-block-columns has-neve-text-color-color has-text-color has-link-color wp-elements-17ab220601485c3e96123b684e8e4344 is-layout-flex wp-container-core-columns-is-layout-9d6595d7 wp-block-columns-is-layout-flex\">\n<div class=\"wp-block-column is-layout-flow wp-block-column-is-layout-flow\">\n<p class=\"has-text-align-center\">Millyard Solutions Sp. z o.o.<br>ul. Silnikowa 13\/94, 02-495 Warszawa, Po\u013esko<br>NIP: 951-24-78-407 | REGON: 382578415 | KRS: 0000771700<\/p>\n<\/div>\n<\/div>\n\n\n\n<div style=\"height:50px\" aria-hidden=\"true\" class=\"wp-block-spacer\"><\/div>\n\n\n\n<div style=\"\n    width: 100vw; \n    max-width: 100vw;\n    margin-left: calc(-50vw + 50%); \n    margin-right: calc(-50vw + 50%); \n    height: 400px; \n    overflow: hidden;\">\n<iframe src=\"https:\/\/www.google.com\/maps\/embed?pb=!1m18!1m12!1m3!1d2570.2100269549546!2d19.72290367680346!3d49.894860127211224!2m3!1f0!2f0!3f0!3m2!1i1024!2i768!4f13.1!3m3!1m2!1s0x4716630d53457a25%3A0xe0bc63765a9926c7!2sEKOSOL!5e0!3m2!1spl!2spl!4v1764672627489!5m2!1spl!2spl\" width=\"100%\" height=\"450\" style=\"border:0;\" allowfullscreen=\"\" loading=\"lazy\" referrerpolicy=\"no-referrer-when-downgrade\"><\/iframe>\n<\/div>\n","protected":false},"excerpt":{"rendered":"<p>M\u00e1te ot\u00e1zky? Chcete si dohodn\u00fa\u0165 bezplatn\u00e9 vypracovanie cenovej ponuky? N\u00e1\u0161 t\u00edm V\u00e1m r\u00e1d porad\u00ed. Nap\u00ed\u0161te n\u00e1m e-mail, zavolajte alebo n\u00e1s nav\u0161t\u00edvte v na\u0161ej kancel\u00e1rii. V\u00ddROBN\u00dd Z\u00c1VOD:Le\u0144cze 326 34-142 Le\u0144cze, Po\u013esko TELEF\u00d3N: Kancel\u00e1ria: +48 500 856 431Obchodn\u00e9 oddelenie: +48 534 900 169 E-MAIL:info@eko-sol.com OTV\u00c1RACIE HODINY KANCEL\u00c1RIE: Po \u2013 Pi: 6:00 \u2013 17:00So: 9:00 \u2013 13:00 Millyard&hellip;&nbsp;<a href=\"https:\/\/eko-sol.com\/sk\/kontakt\/\" rel=\"bookmark\">\u010c\u00edta\u0165 viac &raquo;<span class=\"screen-reader-text\">Kontakt<\/span><\/a><\/p>\n","protected":false},"author":3,"featured_media":0,"parent":0,"menu_order":0,"comment_status":"closed","ping_status":"closed","template":"","meta":{"neve_meta_sidebar":"","neve_meta_container":"","neve_meta_enable_content_width":"","neve_meta_content_width":0,"neve_meta_title_alignment":"","neve_meta_author_avatar":"","neve_post_elements_order":"","neve_meta_disable_header":"","neve_meta_disable_footer":"","neve_meta_disable_title":"","ngg_post_thumbnail":0,"_themeisle_gutenberg_block_has_review":false,"_locale":"sk_SK","_original_post":"https:\/\/eko-sol.com\/?page_id=980","footnotes":""},"class_list":["post-1913","page","type-page","status-publish","hentry","sk-SK"],"_links":{"self":[{"href":"https:\/\/eko-sol.com\/wp-json\/wp\/v2\/pages\/1913","targetHints":{"allow":["GET"]}}],"collection":[{"href":"https:\/\/eko-sol.com\/wp-json\/wp\/v2\/pages"}],"about":[{"href":"https:\/\/eko-sol.com\/wp-json\/wp\/v2\/types\/page"}],"author":[{"embeddable":true,"href":"https:\/\/eko-sol.com\/wp-json\/wp\/v2\/users\/3"}],"replies":[{"embeddable":true,"href":"https:\/\/eko-sol.com\/wp-json\/wp\/v2\/comments?post=1913"}],"version-history":[{"count":2,"href":"https:\/\/eko-sol.com\/wp-json\/wp\/v2\/pages\/1913\/revisions"}],"predecessor-version":[{"id":1917,"href":"https:\/\/eko-sol.com\/wp-json\/wp\/v2\/pages\/1913\/revisions\/1917"}],"wp:attachment":[{"href":"https:\/\/eko-sol.com\/wp-json\/wp\/v2\/media?parent=1913"}],"curies":[{"name":"wp","href":"https:\/\/api.w.org\/{rel}","templated":true}]}}